{"id":5887458,"date":"2026-02-20T18:48:12","date_gmt":"2026-02-20T17:48:12","guid":{"rendered":"https:\/\/stoic-curie.212-227-153-4.plesk.page\/product\/propeller-fuer-volvo-penta-duoprop-854826-front-b5f\/"},"modified":"2026-02-24T23:35:57","modified_gmt":"2026-02-24T23:35:57","slug":"propeller-fuer-volvo-penta-duoprop-854826-front-b5f","status":"publish","type":"product","link":"https:\/\/stoic-curie.212-227-153-4.plesk.page\/de\/product\/propeller-fuer-volvo-penta-duoprop-854826-front-b5f\/","title":{"rendered":"Propeller f\u00fcr Volvo Penta Duoprop 854826 Front-B5F"},"content":{"rendered":"<p>Propeller f\u00fcr Volvo Penta Duoprop 854826 Front-B5F &#8211; <\/p>\n<p>Alice Aluminiumpropeller f\u00fcr Volvo Penta Duo-Prop A-B-Motoren, ausgelegt f\u00fcr eine 27-Zahn-Welle (OEM 854826), haben einen Durchmesser von 14,75 Zoll, eine Pitch von 21 Zoll und eine Linksdrehung mit drei Bl\u00e4ttern. Diese Propeller bestehen aus einer Luftfahrt-Aluminium-Titan-Legierung und nutzen 3D-Laserscanning f\u00fcr statische und dynamische Kontrolle. Die robotergest\u00fctzte AkzoNobel-Pulverbeschichtung sorgt f\u00fcr Haltbarkeit, w\u00e4hrend das innovative Blattdesign eine hohe Effizienz und einen reduzierten Kraftstoffverbrauch erzielt.<\/p>\n","protected":false},"excerpt":{"rendered":"<p>Propeller f\u00fcr Volvo Penta Duoprop 854826 Front-B5F &#8211; Alice Aluminiumpropeller f\u00fcr Volvo Penta Duo-Prop A-B-Motoren, ausgelegt f\u00fcr eine 27-Zahn-Welle (OEM<\/p>\n","protected":false},"featured_media":5790032,"comment_status":"open","ping_status":"closed","template":"","meta":[],"product_brand":[3390],"product_cat":[1542],"product_tag":[],"class_list":{"0":"post-5887458","1":"product","2":"type-product","3":"status-publish","4":"has-post-thumbnail","6":"product_brand-sierra-marine-de","7":"product_cat-marine-ersatzteile-fuer-volvo-penta","9":"first","10":"instock","11":"shipping-taxable","12":"purchasable","13":"product-type-simple"},"_links":{"self":[{"href":"https:\/\/stoic-curie.212-227-153-4.plesk.page\/de\/wp-json\/wp\/v2\/product\/5887458","targetHints":{"allow":["GET"]}}],"collection":[{"href":"https:\/\/stoic-curie.212-227-153-4.plesk.page\/de\/wp-json\/wp\/v2\/product"}],"about":[{"href":"https:\/\/stoic-curie.212-227-153-4.plesk.page\/de\/wp-json\/wp\/v2\/types\/product"}],"replies":[{"embeddable":true,"href":"https:\/\/stoic-curie.212-227-153-4.plesk.page\/de\/wp-json\/wp\/v2\/comments?post=5887458"}],"version-history":[{"count":0,"href":"https:\/\/stoic-curie.212-227-153-4.plesk.page\/de\/wp-json\/wp\/v2\/product\/5887458\/revisions"}],"wp:featuredmedia":[{"embeddable":true,"href":"https:\/\/stoic-curie.212-227-153-4.plesk.page\/de\/wp-json\/wp\/v2\/media\/5790032"}],"wp:attachment":[{"href":"https:\/\/stoic-curie.212-227-153-4.plesk.page\/de\/wp-json\/wp\/v2\/media?parent=5887458"}],"wp:term":[{"taxonomy":"product_brand","embeddable":true,"href":"https:\/\/stoic-curie.212-227-153-4.plesk.page\/de\/wp-json\/wp\/v2\/product_brand?post=5887458"},{"taxonomy":"product_cat","embeddable":true,"href":"https:\/\/stoic-curie.212-227-153-4.plesk.page\/de\/wp-json\/wp\/v2\/product_cat?post=5887458"},{"taxonomy":"product_tag","embeddable":true,"href":"https:\/\/stoic-curie.212-227-153-4.plesk.page\/de\/wp-json\/wp\/v2\/product_tag?post=5887458"}],"curies":[{"name":"wp","href":"https:\/\/api.w.org\/{rel}","templated":true}]}}