{"id":5887466,"date":"2026-02-20T18:48:17","date_gmt":"2026-02-20T17:48:17","guid":{"rendered":"https:\/\/stoic-curie.212-227-153-4.plesk.page\/product\/propellerschutzkaefig-fuer-9-228-cm-propeller-max-o-fuer-99-20-motor-ps-gelb\/"},"modified":"2026-02-24T23:35:57","modified_gmt":"2026-02-24T23:35:57","slug":"propellerschutzkaefig-fuer-9-228-cm-propeller-max-o-fuer-99-20-motor-ps-gelb","status":"publish","type":"product","link":"https:\/\/stoic-curie.212-227-153-4.plesk.page\/de\/product\/propellerschutzkaefig-fuer-9-228-cm-propeller-max-o-fuer-99-20-motor-ps-gelb\/","title":{"rendered":"Propellerschutzk\u00e4fig f\u00fcr 9&#8243; (22,8 cm) Propeller &#8211; Max \u00d8 f\u00fcr 9,9-20 Motor-PS &#8211; Gelb"},"content":{"rendered":"<p>Propellerschutzk\u00e4fig f\u00fcr 9&#8243; (22,8 cm) Propeller &#8211; Max \u00d8 f\u00fcr 9,9-20 Motor-PS &#8211; Gelb &#8211; <\/p>\n<p>Verst\u00e4rkter Polymer-Propellerschutz. Komplett mit Schrauben, l\u00e4sst sich einfach an jedem Au\u00dfenbordmotor und Antriebseinheit montieren. Sch\u00fctzt den Propeller vor St\u00f6\u00dfen mit Fremdk\u00f6rpern und minimiert das Risiko, Schwimmer und Meereslebewesen zu verletzen, ideal f\u00fcr Rettungsboote. Dank des Tunnel-Effekts reduziert es den Kraftstoffverbrauch und verbessert die Man\u00f6vrierf\u00e4higkeit und Stabilit\u00e4t.<\/p>\n","protected":false},"excerpt":{"rendered":"<p>Propellerschutzk\u00e4fig f\u00fcr 9&#8243; (22,8 cm) Propeller &#8211; Max \u00d8 f\u00fcr 9,9-20 Motor-PS &#8211; Gelb &#8211; Verst\u00e4rkter Polymer-Propellerschutz. Komplett mit Schrauben,<\/p>\n","protected":false},"featured_media":5886576,"comment_status":"open","ping_status":"closed","template":"","meta":[],"product_brand":[3390],"product_cat":[1516],"product_tag":[],"class_list":{"0":"post-5887466","1":"product","2":"type-product","3":"status-publish","4":"has-post-thumbnail","6":"product_brand-sierra-marine-de","7":"product_cat-propeller-fuer-aussenbordmotoren","9":"first","10":"instock","11":"shipping-taxable","12":"purchasable","13":"product-type-simple"},"_links":{"self":[{"href":"https:\/\/stoic-curie.212-227-153-4.plesk.page\/de\/wp-json\/wp\/v2\/product\/5887466","targetHints":{"allow":["GET"]}}],"collection":[{"href":"https:\/\/stoic-curie.212-227-153-4.plesk.page\/de\/wp-json\/wp\/v2\/product"}],"about":[{"href":"https:\/\/stoic-curie.212-227-153-4.plesk.page\/de\/wp-json\/wp\/v2\/types\/product"}],"replies":[{"embeddable":true,"href":"https:\/\/stoic-curie.212-227-153-4.plesk.page\/de\/wp-json\/wp\/v2\/comments?post=5887466"}],"version-history":[{"count":0,"href":"https:\/\/stoic-curie.212-227-153-4.plesk.page\/de\/wp-json\/wp\/v2\/product\/5887466\/revisions"}],"wp:featuredmedia":[{"embeddable":true,"href":"https:\/\/stoic-curie.212-227-153-4.plesk.page\/de\/wp-json\/wp\/v2\/media\/5886576"}],"wp:attachment":[{"href":"https:\/\/stoic-curie.212-227-153-4.plesk.page\/de\/wp-json\/wp\/v2\/media?parent=5887466"}],"wp:term":[{"taxonomy":"product_brand","embeddable":true,"href":"https:\/\/stoic-curie.212-227-153-4.plesk.page\/de\/wp-json\/wp\/v2\/product_brand?post=5887466"},{"taxonomy":"product_cat","embeddable":true,"href":"https:\/\/stoic-curie.212-227-153-4.plesk.page\/de\/wp-json\/wp\/v2\/product_cat?post=5887466"},{"taxonomy":"product_tag","embeddable":true,"href":"https:\/\/stoic-curie.212-227-153-4.plesk.page\/de\/wp-json\/wp\/v2\/product_tag?post=5887466"}],"curies":[{"name":"wp","href":"https:\/\/api.w.org\/{rel}","templated":true}]}}