{"id":5887483,"date":"2026-02-20T18:48:29","date_gmt":"2026-02-20T17:48:29","guid":{"rendered":"https:\/\/stoic-curie.212-227-153-4.plesk.page\/product\/ersatzhebel-fuer-tor-marine-ruder-ref-standardhebel-fuer-d40-welle-l-200-mm\/"},"modified":"2026-02-24T23:36:15","modified_gmt":"2026-02-24T23:36:15","slug":"ersatzhebel-fuer-tor-marine-ruder-ref-standardhebel-fuer-d40-welle-l-200-mm","status":"publish","type":"product","link":"https:\/\/stoic-curie.212-227-153-4.plesk.page\/de\/product\/ersatzhebel-fuer-tor-marine-ruder-ref-standardhebel-fuer-d40-welle-l-200-mm\/","title":{"rendered":"Ersatzhebel f\u00fcr Tor-Marine Ruder Ref Standardhebel f\u00fcr D40 Welle L 200 mm"},"content":{"rendered":"<p>Ersatzhebel f\u00fcr Tor-Marine Ruder Ref Standardhebel f\u00fcr D40 Welle L 200 mm &#8211; <\/p>\n<p>Ersatzhebel f\u00fcr Tor-Marine Ruder. Der Standardhebel wird mit allen Rudern geliefert, w\u00e4hrend der lange Hebel eine optionale Aufr\u00fcstung darstellt.<\/p>\n","protected":false},"excerpt":{"rendered":"<p>Ersatzhebel f\u00fcr Tor-Marine Ruder Ref Standardhebel f\u00fcr D40 Welle L 200 mm &#8211; Ersatzhebel f\u00fcr Tor-Marine Ruder. Der Standardhebel wird<\/p>\n","protected":false},"featured_media":5870422,"comment_status":"open","ping_status":"closed","template":"","meta":[],"product_brand":[2930],"product_cat":[1496],"product_tag":[],"class_list":{"0":"post-5887483","1":"product","2":"type-product","3":"status-publish","4":"has-post-thumbnail","6":"product_brand-exalto-marine-de","7":"product_cat-ruder","9":"first","10":"outofstock","11":"shipping-taxable","12":"purchasable","13":"product-type-simple"},"_links":{"self":[{"href":"https:\/\/stoic-curie.212-227-153-4.plesk.page\/de\/wp-json\/wp\/v2\/product\/5887483","targetHints":{"allow":["GET"]}}],"collection":[{"href":"https:\/\/stoic-curie.212-227-153-4.plesk.page\/de\/wp-json\/wp\/v2\/product"}],"about":[{"href":"https:\/\/stoic-curie.212-227-153-4.plesk.page\/de\/wp-json\/wp\/v2\/types\/product"}],"replies":[{"embeddable":true,"href":"https:\/\/stoic-curie.212-227-153-4.plesk.page\/de\/wp-json\/wp\/v2\/comments?post=5887483"}],"version-history":[{"count":0,"href":"https:\/\/stoic-curie.212-227-153-4.plesk.page\/de\/wp-json\/wp\/v2\/product\/5887483\/revisions"}],"wp:featuredmedia":[{"embeddable":true,"href":"https:\/\/stoic-curie.212-227-153-4.plesk.page\/de\/wp-json\/wp\/v2\/media\/5870422"}],"wp:attachment":[{"href":"https:\/\/stoic-curie.212-227-153-4.plesk.page\/de\/wp-json\/wp\/v2\/media?parent=5887483"}],"wp:term":[{"taxonomy":"product_brand","embeddable":true,"href":"https:\/\/stoic-curie.212-227-153-4.plesk.page\/de\/wp-json\/wp\/v2\/product_brand?post=5887483"},{"taxonomy":"product_cat","embeddable":true,"href":"https:\/\/stoic-curie.212-227-153-4.plesk.page\/de\/wp-json\/wp\/v2\/product_cat?post=5887483"},{"taxonomy":"product_tag","embeddable":true,"href":"https:\/\/stoic-curie.212-227-153-4.plesk.page\/de\/wp-json\/wp\/v2\/product_tag?post=5887483"}],"curies":[{"name":"wp","href":"https:\/\/api.w.org\/{rel}","templated":true}]}}