{"id":5887490,"date":"2026-02-20T18:48:34","date_gmt":"2026-02-20T17:48:34","guid":{"rendered":"https:\/\/stoic-curie.212-227-153-4.plesk.page\/product\/schuessel-dim-o-13-cm-packung-6-stueck\/"},"modified":"2026-02-24T23:36:22","modified_gmt":"2026-02-24T23:36:22","slug":"schuessel-dim-o-13-cm-packung-6-stueck","status":"publish","type":"product","link":"https:\/\/stoic-curie.212-227-153-4.plesk.page\/de\/product\/schuessel-dim-o-13-cm-packung-6-stueck\/","title":{"rendered":"Sch\u00fcssel dim \u00f8 13 cm Packung 6 St\u00fcck"},"content":{"rendered":"<p>Sch\u00fcssel dim \u00f8 13 cm Packung 6 St\u00fcck &#8211; <\/p>\n<p>Maldivas dekorierte Sch\u00fcssel mit rutschfester Basis. Hergestellt aus 100 % zertifiziert lebensmittelechtem Melamin. Sp\u00fclmaschinenfest, bruchfest und fleckenbest\u00e4ndig. In Packungen mit 6 St\u00fcck erh\u00e4ltlich.<\/p>\n","protected":false},"excerpt":{"rendered":"<p>Sch\u00fcssel dim \u00f8 13 cm Packung 6 St\u00fcck &#8211; Maldivas dekorierte Sch\u00fcssel mit rutschfester Basis. Hergestellt aus 100 % zertifiziert<\/p>\n","protected":false},"featured_media":5886717,"comment_status":"open","ping_status":"closed","template":"","meta":[],"product_brand":[3110],"product_cat":[1358],"product_tag":[],"class_list":{"0":"post-5887490","1":"product","2":"type-product","3":"status-publish","4":"has-post-thumbnail","6":"product_brand-marine-business-mb-de","7":"product_cat-bootsgeschirr","9":"first","10":"instock","11":"shipping-taxable","12":"purchasable","13":"product-type-simple"},"_links":{"self":[{"href":"https:\/\/stoic-curie.212-227-153-4.plesk.page\/de\/wp-json\/wp\/v2\/product\/5887490","targetHints":{"allow":["GET"]}}],"collection":[{"href":"https:\/\/stoic-curie.212-227-153-4.plesk.page\/de\/wp-json\/wp\/v2\/product"}],"about":[{"href":"https:\/\/stoic-curie.212-227-153-4.plesk.page\/de\/wp-json\/wp\/v2\/types\/product"}],"replies":[{"embeddable":true,"href":"https:\/\/stoic-curie.212-227-153-4.plesk.page\/de\/wp-json\/wp\/v2\/comments?post=5887490"}],"version-history":[{"count":0,"href":"https:\/\/stoic-curie.212-227-153-4.plesk.page\/de\/wp-json\/wp\/v2\/product\/5887490\/revisions"}],"wp:featuredmedia":[{"embeddable":true,"href":"https:\/\/stoic-curie.212-227-153-4.plesk.page\/de\/wp-json\/wp\/v2\/media\/5886717"}],"wp:attachment":[{"href":"https:\/\/stoic-curie.212-227-153-4.plesk.page\/de\/wp-json\/wp\/v2\/media?parent=5887490"}],"wp:term":[{"taxonomy":"product_brand","embeddable":true,"href":"https:\/\/stoic-curie.212-227-153-4.plesk.page\/de\/wp-json\/wp\/v2\/product_brand?post=5887490"},{"taxonomy":"product_cat","embeddable":true,"href":"https:\/\/stoic-curie.212-227-153-4.plesk.page\/de\/wp-json\/wp\/v2\/product_cat?post=5887490"},{"taxonomy":"product_tag","embeddable":true,"href":"https:\/\/stoic-curie.212-227-153-4.plesk.page\/de\/wp-json\/wp\/v2\/product_tag?post=5887490"}],"curies":[{"name":"wp","href":"https:\/\/api.w.org\/{rel}","templated":true}]}}