{"id":5887491,"date":"2026-02-20T18:48:35","date_gmt":"2026-02-20T17:48:35","guid":{"rendered":"https:\/\/stoic-curie.212-227-153-4.plesk.page\/product\/servierplatten-o-26-o-18-cm\/"},"modified":"2026-02-24T23:36:22","modified_gmt":"2026-02-24T23:36:22","slug":"servierplatten-o-26-o-18-cm","status":"publish","type":"product","link":"https:\/\/stoic-curie.212-227-153-4.plesk.page\/de\/product\/servierplatten-o-26-o-18-cm\/","title":{"rendered":"Servierplatten \u00d8 26 \/ \u00d8 18 cm"},"content":{"rendered":"<p>Servierplatten \u00d8 26 \/ \u00d8 18 cm &#8211; <\/p>\n<p>Mit Maldivas dekorierte Servierplatten. Hergestellt aus 100% zertifiziertem lebensmittelechtem Melamin. Sp\u00fclmaschinenfest, bruchsicher und fleckenbest\u00e4ndig. 2 St\u00fcck\/Paket.<\/p>\n","protected":false},"excerpt":{"rendered":"<p>Servierplatten \u00d8 26 \/ \u00d8 18 cm &#8211; Mit Maldivas dekorierte Servierplatten. Hergestellt aus 100% zertifiziertem lebensmittelechtem Melamin. Sp\u00fclmaschinenfest, bruchsicher<\/p>\n","protected":false},"featured_media":5886720,"comment_status":"open","ping_status":"closed","template":"","meta":[],"product_brand":[3110],"product_cat":[1358],"product_tag":[],"class_list":{"0":"post-5887491","1":"product","2":"type-product","3":"status-publish","4":"has-post-thumbnail","6":"product_brand-marine-business-mb-de","7":"product_cat-bootsgeschirr","9":"first","10":"instock","11":"shipping-taxable","12":"purchasable","13":"product-type-simple"},"_links":{"self":[{"href":"https:\/\/stoic-curie.212-227-153-4.plesk.page\/de\/wp-json\/wp\/v2\/product\/5887491","targetHints":{"allow":["GET"]}}],"collection":[{"href":"https:\/\/stoic-curie.212-227-153-4.plesk.page\/de\/wp-json\/wp\/v2\/product"}],"about":[{"href":"https:\/\/stoic-curie.212-227-153-4.plesk.page\/de\/wp-json\/wp\/v2\/types\/product"}],"replies":[{"embeddable":true,"href":"https:\/\/stoic-curie.212-227-153-4.plesk.page\/de\/wp-json\/wp\/v2\/comments?post=5887491"}],"version-history":[{"count":0,"href":"https:\/\/stoic-curie.212-227-153-4.plesk.page\/de\/wp-json\/wp\/v2\/product\/5887491\/revisions"}],"wp:featuredmedia":[{"embeddable":true,"href":"https:\/\/stoic-curie.212-227-153-4.plesk.page\/de\/wp-json\/wp\/v2\/media\/5886720"}],"wp:attachment":[{"href":"https:\/\/stoic-curie.212-227-153-4.plesk.page\/de\/wp-json\/wp\/v2\/media?parent=5887491"}],"wp:term":[{"taxonomy":"product_brand","embeddable":true,"href":"https:\/\/stoic-curie.212-227-153-4.plesk.page\/de\/wp-json\/wp\/v2\/product_brand?post=5887491"},{"taxonomy":"product_cat","embeddable":true,"href":"https:\/\/stoic-curie.212-227-153-4.plesk.page\/de\/wp-json\/wp\/v2\/product_cat?post=5887491"},{"taxonomy":"product_tag","embeddable":true,"href":"https:\/\/stoic-curie.212-227-153-4.plesk.page\/de\/wp-json\/wp\/v2\/product_tag?post=5887491"}],"curies":[{"name":"wp","href":"https:\/\/api.w.org\/{rel}","templated":true}]}}