{"id":5887496,"date":"2026-02-20T18:48:38","date_gmt":"2026-02-20T17:48:38","guid":{"rendered":"https:\/\/stoic-curie.212-227-153-4.plesk.page\/product\/y-ventil-spx-81-47238-01\/"},"modified":"2026-02-24T23:36:22","modified_gmt":"2026-02-24T23:36:22","slug":"y-ventil-spx-81-47238-01","status":"publish","type":"product","link":"https:\/\/stoic-curie.212-227-153-4.plesk.page\/de\/product\/y-ventil-spx-81-47238-01\/","title":{"rendered":"Y-Ventil spx 81-47238-01"},"content":{"rendered":"<p>Y-Ventil spx 81-47238-01 &#8211; <\/p>\n<p>Gestaltet f\u00fcr die Installation in Abwasser- und Bilgenpumpenauslasssystemen erm\u00f6glicht dieses Y-Ventil, dass Abf\u00e4lle direkt in einen Auffangtank gepumpt oder zu einem anderen Auslass umgeleitet werden.<\/p>\n","protected":false},"excerpt":{"rendered":"<p>Y-Ventil spx 81-47238-01 &#8211; Gestaltet f\u00fcr die Installation in Abwasser- und Bilgenpumpenauslasssystemen erm\u00f6glicht dieses Y-Ventil, dass Abf\u00e4lle direkt in einen<\/p>\n","protected":false},"featured_media":5886735,"comment_status":"open","ping_status":"closed","template":"","meta":[],"product_brand":[3045],"product_cat":[1374,1383],"product_tag":[],"class_list":{"0":"post-5887496","1":"product","2":"type-product","3":"status-publish","4":"has-post-thumbnail","6":"product_brand-johnson-marine-de","7":"product_cat-kunststoff-wasserinstallationsarmaturen","8":"product_cat-marine-ventile","10":"first","11":"instock","12":"shipping-taxable","13":"purchasable","14":"product-type-simple"},"_links":{"self":[{"href":"https:\/\/stoic-curie.212-227-153-4.plesk.page\/de\/wp-json\/wp\/v2\/product\/5887496","targetHints":{"allow":["GET"]}}],"collection":[{"href":"https:\/\/stoic-curie.212-227-153-4.plesk.page\/de\/wp-json\/wp\/v2\/product"}],"about":[{"href":"https:\/\/stoic-curie.212-227-153-4.plesk.page\/de\/wp-json\/wp\/v2\/types\/product"}],"replies":[{"embeddable":true,"href":"https:\/\/stoic-curie.212-227-153-4.plesk.page\/de\/wp-json\/wp\/v2\/comments?post=5887496"}],"version-history":[{"count":0,"href":"https:\/\/stoic-curie.212-227-153-4.plesk.page\/de\/wp-json\/wp\/v2\/product\/5887496\/revisions"}],"wp:featuredmedia":[{"embeddable":true,"href":"https:\/\/stoic-curie.212-227-153-4.plesk.page\/de\/wp-json\/wp\/v2\/media\/5886735"}],"wp:attachment":[{"href":"https:\/\/stoic-curie.212-227-153-4.plesk.page\/de\/wp-json\/wp\/v2\/media?parent=5887496"}],"wp:term":[{"taxonomy":"product_brand","embeddable":true,"href":"https:\/\/stoic-curie.212-227-153-4.plesk.page\/de\/wp-json\/wp\/v2\/product_brand?post=5887496"},{"taxonomy":"product_cat","embeddable":true,"href":"https:\/\/stoic-curie.212-227-153-4.plesk.page\/de\/wp-json\/wp\/v2\/product_cat?post=5887496"},{"taxonomy":"product_tag","embeddable":true,"href":"https:\/\/stoic-curie.212-227-153-4.plesk.page\/de\/wp-json\/wp\/v2\/product_tag?post=5887496"}],"curies":[{"name":"wp","href":"https:\/\/api.w.org\/{rel}","templated":true}]}}