{"id":5887502,"date":"2026-02-20T18:48:42","date_gmt":"2026-02-20T17:48:42","guid":{"rendered":"https:\/\/stoic-curie.212-227-153-4.plesk.page\/product\/johnson-pump-f7b-3000-10-24209-1\/"},"modified":"2026-02-24T23:36:22","modified_gmt":"2026-02-24T23:36:22","slug":"johnson-pump-f7b-3000-10-24209-1","status":"publish","type":"product","link":"https:\/\/stoic-curie.212-227-153-4.plesk.page\/de\/product\/johnson-pump-f7b-3000-10-24209-1\/","title":{"rendered":"Johnson Pump F7B-3000 10-24209-1"},"content":{"rendered":"<p>Johnson Pump F7B-3000 10-24209-1 &#8211; <\/p>\n<p>Wann immer Sie eine gr\u00f6\u00dfere Leistung oder einen besseren Service von einer Pumpe ben\u00f6tigen, entscheiden Sie sich f\u00fcr eine ekstra schwere flexible Drehschaufelpumpe mit separatem Lagergeh\u00e4use und mechanischer Dichtung f\u00fcr geringeren Verschlei\u00df und eine l\u00e4ngere Lebensdauer. Diese Pumpen decken das gesamte Spektrum der maritimen Anwendungen ab und k\u00f6nnen als K\u00fchlwasserpumpen, Bilgenpumpen, Deckwaschpumpen, Notfall- und Feuerl\u00f6schpumpen usw. verwendet werden. Erh\u00e4ltlich in Gr\u00f6\u00dfen von \u00be&#8221; bis 2 \u00bd&#8221; (13 l\/min bis 625 l\/min). Verschlei\u00dfteile sind leicht austauschbar und Service-Kits sind f\u00fcr alle Standardmodelle verf\u00fcgbar. Ein Vakuumschalter ist als zus\u00e4tzliches Zubeh\u00f6r erh\u00e4ltlich, siehe unten.<\/p>\n","protected":false},"excerpt":{"rendered":"<p>Johnson Pump F7B-3000 10-24209-1 &#8211; Wann immer Sie eine gr\u00f6\u00dfere Leistung oder einen besseren Service von einer Pumpe ben\u00f6tigen, entscheiden<\/p>\n","protected":false},"featured_media":5949737,"comment_status":"open","ping_status":"closed","template":"","meta":[],"product_brand":[3045],"product_cat":[1522],"product_tag":[],"class_list":{"0":"post-5887502","1":"product","2":"type-product","3":"status-publish","4":"has-post-thumbnail","6":"product_brand-johnson-marine-de","7":"product_cat-motorkuehlpumpen","9":"first","10":"instock","11":"shipping-taxable","12":"purchasable","13":"product-type-simple"},"_links":{"self":[{"href":"https:\/\/stoic-curie.212-227-153-4.plesk.page\/de\/wp-json\/wp\/v2\/product\/5887502","targetHints":{"allow":["GET"]}}],"collection":[{"href":"https:\/\/stoic-curie.212-227-153-4.plesk.page\/de\/wp-json\/wp\/v2\/product"}],"about":[{"href":"https:\/\/stoic-curie.212-227-153-4.plesk.page\/de\/wp-json\/wp\/v2\/types\/product"}],"replies":[{"embeddable":true,"href":"https:\/\/stoic-curie.212-227-153-4.plesk.page\/de\/wp-json\/wp\/v2\/comments?post=5887502"}],"version-history":[{"count":0,"href":"https:\/\/stoic-curie.212-227-153-4.plesk.page\/de\/wp-json\/wp\/v2\/product\/5887502\/revisions"}],"wp:featuredmedia":[{"embeddable":true,"href":"https:\/\/stoic-curie.212-227-153-4.plesk.page\/de\/wp-json\/wp\/v2\/media\/5949737"}],"wp:attachment":[{"href":"https:\/\/stoic-curie.212-227-153-4.plesk.page\/de\/wp-json\/wp\/v2\/media?parent=5887502"}],"wp:term":[{"taxonomy":"product_brand","embeddable":true,"href":"https:\/\/stoic-curie.212-227-153-4.plesk.page\/de\/wp-json\/wp\/v2\/product_brand?post=5887502"},{"taxonomy":"product_cat","embeddable":true,"href":"https:\/\/stoic-curie.212-227-153-4.plesk.page\/de\/wp-json\/wp\/v2\/product_cat?post=5887502"},{"taxonomy":"product_tag","embeddable":true,"href":"https:\/\/stoic-curie.212-227-153-4.plesk.page\/de\/wp-json\/wp\/v2\/product_tag?post=5887502"}],"curies":[{"name":"wp","href":"https:\/\/api.w.org\/{rel}","templated":true}]}}