{"id":5903374,"date":"2026-02-21T19:48:38","date_gmt":"2026-02-21T18:48:38","guid":{"rendered":"https:\/\/stoic-curie.212-227-153-4.plesk.page\/product\/jobe-sup-kajak-trageriemen-178-cm-25-kg-tragkraft\/"},"modified":"2026-02-24T23:35:45","modified_gmt":"2026-02-24T23:35:45","slug":"jobe-sup-kajak-trageriemen-178-cm-25-kg-tragkraft","status":"publish","type":"product","link":"https:\/\/stoic-curie.212-227-153-4.plesk.page\/de\/product\/jobe-sup-kajak-trageriemen-178-cm-25-kg-tragkraft\/","title":{"rendered":"Jobe SUP &amp; Kajak Trageriemen &#8211; 178 cm, 25 kg Tragkraft"},"content":{"rendered":"<p>Jobe SUP &amp; Kajak Trageriemen &#8211; 178 cm, 25 kg Tragkraft &#8211; <\/p>\n<p>Der Jobe SUP Trageriemen verf\u00fcgt \u00fcber ein komfortables Schulterpolster, zwei Schnallen, zwei Clips und D-Ringe f\u00fcr einen sicheren und einfachen Transport.<\/p>\n","protected":false},"excerpt":{"rendered":"<p>Jobe SUP &amp; Kajak Trageriemen &#8211; 178 cm, 25 kg Tragkraft &#8211; Der Jobe SUP Trageriemen verf\u00fcgt \u00fcber ein komfortables<\/p>\n","protected":false},"featured_media":5902645,"comment_status":"open","ping_status":"closed","template":"","meta":[],"product_brand":[3040],"product_cat":[1558],"product_tag":[],"class_list":{"0":"post-5903374","1":"product","2":"type-product","3":"status-publish","4":"has-post-thumbnail","6":"product_brand-jobe-sports-de","7":"product_cat-stand-up-paddle","9":"first","10":"outofstock","11":"shipping-taxable","12":"purchasable","13":"product-type-simple"},"_links":{"self":[{"href":"https:\/\/stoic-curie.212-227-153-4.plesk.page\/de\/wp-json\/wp\/v2\/product\/5903374","targetHints":{"allow":["GET"]}}],"collection":[{"href":"https:\/\/stoic-curie.212-227-153-4.plesk.page\/de\/wp-json\/wp\/v2\/product"}],"about":[{"href":"https:\/\/stoic-curie.212-227-153-4.plesk.page\/de\/wp-json\/wp\/v2\/types\/product"}],"replies":[{"embeddable":true,"href":"https:\/\/stoic-curie.212-227-153-4.plesk.page\/de\/wp-json\/wp\/v2\/comments?post=5903374"}],"version-history":[{"count":0,"href":"https:\/\/stoic-curie.212-227-153-4.plesk.page\/de\/wp-json\/wp\/v2\/product\/5903374\/revisions"}],"wp:featuredmedia":[{"embeddable":true,"href":"https:\/\/stoic-curie.212-227-153-4.plesk.page\/de\/wp-json\/wp\/v2\/media\/5902645"}],"wp:attachment":[{"href":"https:\/\/stoic-curie.212-227-153-4.plesk.page\/de\/wp-json\/wp\/v2\/media?parent=5903374"}],"wp:term":[{"taxonomy":"product_brand","embeddable":true,"href":"https:\/\/stoic-curie.212-227-153-4.plesk.page\/de\/wp-json\/wp\/v2\/product_brand?post=5903374"},{"taxonomy":"product_cat","embeddable":true,"href":"https:\/\/stoic-curie.212-227-153-4.plesk.page\/de\/wp-json\/wp\/v2\/product_cat?post=5903374"},{"taxonomy":"product_tag","embeddable":true,"href":"https:\/\/stoic-curie.212-227-153-4.plesk.page\/de\/wp-json\/wp\/v2\/product_tag?post=5903374"}],"curies":[{"name":"wp","href":"https:\/\/api.w.org\/{rel}","templated":true}]}}