{"id":5950429,"date":"2026-02-24T23:34:32","date_gmt":"2026-02-24T22:34:32","guid":{"rendered":"https:\/\/stoic-curie.212-227-153-4.plesk.page\/product\/marine-toilette-johnson-aquat-standard-electric-compact-12v\/"},"modified":"2026-02-24T23:34:32","modified_gmt":"2026-02-24T22:34:32","slug":"marine-toilette-johnson-aquat-standard-electric-compact-12v","status":"publish","type":"product","link":"https:\/\/stoic-curie.212-227-153-4.plesk.page\/de\/product\/marine-toilette-johnson-aquat-standard-electric-compact-12v\/","title":{"rendered":"Marine Toilette Johnson AquaT Standard Electric Compact 12V"},"content":{"rendered":"<p>Marine Toilette Johnson AquaT Standard Electric Compact 12V &#8211; <\/p>\n<p>Die Johnson AquaT Standard-Toilette ist mit einer kombinierten 12V- oder 24V-Pumpe f\u00fcr Entsorgung und Sp\u00fclung ausgestattet: eine Zentrifugalpumpe mit Zerkleinerungsfunktion f\u00fcr die Entsorgung und eine leise Kreiselpumpe zum Wassernachf\u00fcllen. Sie funktioniert sowohl mit S\u00fc\u00df- als auch mit Salzwasser und kann \u00fcber oder unter der Wasserlinie montiert werden. Verf\u00fcgbar in drei Modellen: \u00e2\u0080\u00a2 Kompakt \u00e2\u0080\u0093 kompakter f\u00fcr begrenzte R\u00e4ume mit einem runden Sitz \u00e2\u0080\u00a2 Komfort \u00e2\u0080\u0093 gr\u00f6\u00dfer und komfortabler mit einem ovalen Sitz \u00e2\u0080\u00a2 Super Kompakt &#8211; kleiner und leichter mit einem runden Sitz. Hergestellt aus hochwertigem, wei\u00dfem, glasiertem Porzellan f\u00fcr perfekte Hygiene. Integrierte Sp\u00fclpumpen mit starker Wirbelwirkung f\u00fcr eine effiziente Sp\u00fclung. Steuerpanel inklusive, eine Taste f\u00fcr Mehrfunktionsentleerung und Sp\u00fclung. Zug\u00e4ngliche Montagepunkte f\u00fcr eine schnellere Installation ohne spezielle Werkzeuge. Flexibles Lochmuster an der Basis, f\u00fcr einen einfachen Austausch mit den g\u00e4ngigsten Toiletten auf dem Markt. Eingang \u00c3\u00b8 20 mm \/ Ausgang \u00c3\u00b8 25 mm. 3-Jahres-Garantie.<\/p>\n","protected":false},"excerpt":{"rendered":"<p>Marine Toilette Johnson AquaT Standard Electric Compact 12V &#8211; Die Johnson AquaT Standard-Toilette ist mit einer kombinierten 12V- oder 24V-Pumpe<\/p>\n","protected":false},"featured_media":5935982,"comment_status":"open","ping_status":"closed","template":"","meta":[],"product_brand":[3045],"product_cat":[1388],"product_tag":[],"class_list":{"0":"post-5950429","1":"product","2":"type-product","3":"status-publish","4":"has-post-thumbnail","6":"product_brand-johnson-marine-de","7":"product_cat-marine-wcs","9":"first","10":"instock","11":"shipping-taxable","12":"purchasable","13":"product-type-simple"},"_links":{"self":[{"href":"https:\/\/stoic-curie.212-227-153-4.plesk.page\/de\/wp-json\/wp\/v2\/product\/5950429","targetHints":{"allow":["GET"]}}],"collection":[{"href":"https:\/\/stoic-curie.212-227-153-4.plesk.page\/de\/wp-json\/wp\/v2\/product"}],"about":[{"href":"https:\/\/stoic-curie.212-227-153-4.plesk.page\/de\/wp-json\/wp\/v2\/types\/product"}],"replies":[{"embeddable":true,"href":"https:\/\/stoic-curie.212-227-153-4.plesk.page\/de\/wp-json\/wp\/v2\/comments?post=5950429"}],"version-history":[{"count":0,"href":"https:\/\/stoic-curie.212-227-153-4.plesk.page\/de\/wp-json\/wp\/v2\/product\/5950429\/revisions"}],"wp:featuredmedia":[{"embeddable":true,"href":"https:\/\/stoic-curie.212-227-153-4.plesk.page\/de\/wp-json\/wp\/v2\/media\/5935982"}],"wp:attachment":[{"href":"https:\/\/stoic-curie.212-227-153-4.plesk.page\/de\/wp-json\/wp\/v2\/media?parent=5950429"}],"wp:term":[{"taxonomy":"product_brand","embeddable":true,"href":"https:\/\/stoic-curie.212-227-153-4.plesk.page\/de\/wp-json\/wp\/v2\/product_brand?post=5950429"},{"taxonomy":"product_cat","embeddable":true,"href":"https:\/\/stoic-curie.212-227-153-4.plesk.page\/de\/wp-json\/wp\/v2\/product_cat?post=5950429"},{"taxonomy":"product_tag","embeddable":true,"href":"https:\/\/stoic-curie.212-227-153-4.plesk.page\/de\/wp-json\/wp\/v2\/product_tag?post=5950429"}],"curies":[{"name":"wp","href":"https:\/\/api.w.org\/{rel}","templated":true}]}}