{"id":5950430,"date":"2026-02-24T23:34:32","date_gmt":"2026-02-24T22:34:32","guid":{"rendered":"https:\/\/stoic-curie.212-227-153-4.plesk.page\/product\/marine-toilette-johnson-aquat-standard-electric-compact-24v\/"},"modified":"2026-02-24T23:34:32","modified_gmt":"2026-02-24T22:34:32","slug":"marine-toilette-johnson-aquat-standard-electric-compact-24v","status":"publish","type":"product","link":"https:\/\/stoic-curie.212-227-153-4.plesk.page\/de\/product\/marine-toilette-johnson-aquat-standard-electric-compact-24v\/","title":{"rendered":"Marine Toilette Johnson AquaT Standard Electric Compact 24V"},"content":{"rendered":"<p>Marine Toilette Johnson AquaT Standard Electric Compact 24V &#8211; <\/p>\n<p>Die Johnson AquaT Standard-Toilette ist mit einer kombinierten 12V- oder 24V-Pumpe f\u00fcr Entsorgung und Sp\u00fclung ausgestattet: einer Zentrifugalpumpe mit Zerkleinerungsfunktion zur Entsorgung und einer leisen Impellerpumpe f\u00fcr die Wasserbef\u00fcllung. Sie funktioniert sowohl mit S\u00fc\u00df- als auch mit Salzwasser und kann oberhalb oder unterhalb der Wasserlinie installiert werden. Verf\u00fcgbar in drei Modellen: <\/p>\n<ul>\n<li>Komfortabel \u2013 kompakter f\u00fcr begrenzte R\u00e4ume mit einem runden Sitz<\/li>\n<li>Komfort \u2013 gr\u00f6\u00dfer und komfortabler mit einem ovalen Sitz<\/li>\n<li>Super Kompakt \u2013 kleiner und leichter mit einem runden Sitz<\/li>\n<\/ul>\n<p>Hergestellt aus hochwertigem, wei\u00dfem, vitreous Porzellan f\u00fcr perfekte Hygiene. Eingebaute Sp\u00fclpumpe mit starker Str\u00f6mungswirkung f\u00fcr effizientes Sp\u00fclen. Steuerungseinheit enthalten, eine Taste f\u00fcr multifunktionale Entladung und Sp\u00fclung. Zug\u00e4ngliche Montagem\u00f6glichkeiten f\u00fcr eine schnellere Installation ohne spezielle Werkzeuge. Flexibles Bohrmuster an der Basis, um einen einfachen Austausch mit den g\u00e4ngigsten Toiletten auf dem Markt zu erm\u00f6glichen. Eingang \u00d8 20 mm \/ Ausgang \u00d8 25 mm. 3 Jahre Garantie.<\/p>\n","protected":false},"excerpt":{"rendered":"<p>Marine Toilette Johnson AquaT Standard Electric Compact 24V &#8211; Die Johnson AquaT Standard-Toilette ist mit einer kombinierten 12V- oder 24V-Pumpe<\/p>\n","protected":false},"featured_media":5935982,"comment_status":"open","ping_status":"closed","template":"","meta":[],"product_brand":[3045],"product_cat":[1388],"product_tag":[],"class_list":{"0":"post-5950430","1":"product","2":"type-product","3":"status-publish","4":"has-post-thumbnail","6":"product_brand-johnson-marine-de","7":"product_cat-marine-wcs","9":"first","10":"instock","11":"shipping-taxable","12":"purchasable","13":"product-type-simple"},"_links":{"self":[{"href":"https:\/\/stoic-curie.212-227-153-4.plesk.page\/de\/wp-json\/wp\/v2\/product\/5950430","targetHints":{"allow":["GET"]}}],"collection":[{"href":"https:\/\/stoic-curie.212-227-153-4.plesk.page\/de\/wp-json\/wp\/v2\/product"}],"about":[{"href":"https:\/\/stoic-curie.212-227-153-4.plesk.page\/de\/wp-json\/wp\/v2\/types\/product"}],"replies":[{"embeddable":true,"href":"https:\/\/stoic-curie.212-227-153-4.plesk.page\/de\/wp-json\/wp\/v2\/comments?post=5950430"}],"version-history":[{"count":0,"href":"https:\/\/stoic-curie.212-227-153-4.plesk.page\/de\/wp-json\/wp\/v2\/product\/5950430\/revisions"}],"wp:featuredmedia":[{"embeddable":true,"href":"https:\/\/stoic-curie.212-227-153-4.plesk.page\/de\/wp-json\/wp\/v2\/media\/5935982"}],"wp:attachment":[{"href":"https:\/\/stoic-curie.212-227-153-4.plesk.page\/de\/wp-json\/wp\/v2\/media?parent=5950430"}],"wp:term":[{"taxonomy":"product_brand","embeddable":true,"href":"https:\/\/stoic-curie.212-227-153-4.plesk.page\/de\/wp-json\/wp\/v2\/product_brand?post=5950430"},{"taxonomy":"product_cat","embeddable":true,"href":"https:\/\/stoic-curie.212-227-153-4.plesk.page\/de\/wp-json\/wp\/v2\/product_cat?post=5950430"},{"taxonomy":"product_tag","embeddable":true,"href":"https:\/\/stoic-curie.212-227-153-4.plesk.page\/de\/wp-json\/wp\/v2\/product_tag?post=5950430"}],"curies":[{"name":"wp","href":"https:\/\/api.w.org\/{rel}","templated":true}]}}