{"id":5950431,"date":"2026-02-24T23:34:33","date_gmt":"2026-02-24T22:34:33","guid":{"rendered":"https:\/\/stoic-curie.212-227-153-4.plesk.page\/product\/toilette-johnson-aquat-standard-elektrisch-komfort-12v\/"},"modified":"2026-02-24T23:34:33","modified_gmt":"2026-02-24T22:34:33","slug":"toilette-johnson-aquat-standard-elektrisch-komfort-12v","status":"publish","type":"product","link":"https:\/\/stoic-curie.212-227-153-4.plesk.page\/de\/product\/toilette-johnson-aquat-standard-elektrisch-komfort-12v\/","title":{"rendered":"Toilette Johnson AquaT Standard Elektrisch Komfort 12V"},"content":{"rendered":"<p>Toilette Johnson AquaT Standard Elektrisch Komfort 12V &#8211; <\/p>\n<p>Die Johnson AquaT Standard Toilette ist mit einer kombinierten 12V oder 24V Pumpe zum Entsorgen und Sp\u00fclen ausgestattet: eine Kreiselpumpe mit Zerkleinerungsfunktion f\u00fcr die Entsorgung und eine ger\u00e4uschlose Impellerpumpe f\u00fcr die Wasserbef\u00fcllung. Sie funktioniert sowohl mit Frisch- als auch mit Salzwasser und kann \u00fcber oder unter der Wasserlinie montiert werden. Erh\u00e4ltlich in drei Modellen: <br \/>\u2022 Kompakt \u2013 kompakter f\u00fcr begrenzte R\u00e4ume mit rundem Sitz <br \/>\u2022 Komfort \u2013 gr\u00f6\u00dfer und bequemer mit ovalem Sitz <br \/>\u2022 Super Kompakt \u2013 kleiner und leichter mit rundem Sitz <br \/>Hergestellt aus hochwertigem wei\u00dfen Vitrokeramik f\u00fcr perfekte Hygiene. Integrierte Sp\u00fclpumpe mit starker Wirbelwirkung f\u00fcr effizientes Sp\u00fclen. Kontrollpanel enthalten, Multifunktionsentladung und Sp\u00fclung mit einem Knopfdruck. Zug\u00e4ngliche Montagestellen f\u00fcr eine schnellere Installation ohne spezielle Werkzeuge. Flexibles Lochmuster an der Basis f\u00fcr den einfachen Austausch mit den g\u00e4ngigsten Toiletten auf dem Markt. Anschluss \u00d8 20 mm \/ Auslass \u00d8 25 mm. 3 Jahre Garantie.<\/p>\n","protected":false},"excerpt":{"rendered":"<p>Toilette Johnson AquaT Standard Elektrisch Komfort 12V &#8211; Die Johnson AquaT Standard Toilette ist mit einer kombinierten 12V oder 24V<\/p>\n","protected":false},"featured_media":5935987,"comment_status":"open","ping_status":"closed","template":"","meta":[],"product_brand":[3045],"product_cat":[1388],"product_tag":[],"class_list":{"0":"post-5950431","1":"product","2":"type-product","3":"status-publish","4":"has-post-thumbnail","6":"product_brand-johnson-marine-de","7":"product_cat-marine-wcs","9":"first","10":"instock","11":"shipping-taxable","12":"purchasable","13":"product-type-simple"},"_links":{"self":[{"href":"https:\/\/stoic-curie.212-227-153-4.plesk.page\/de\/wp-json\/wp\/v2\/product\/5950431","targetHints":{"allow":["GET"]}}],"collection":[{"href":"https:\/\/stoic-curie.212-227-153-4.plesk.page\/de\/wp-json\/wp\/v2\/product"}],"about":[{"href":"https:\/\/stoic-curie.212-227-153-4.plesk.page\/de\/wp-json\/wp\/v2\/types\/product"}],"replies":[{"embeddable":true,"href":"https:\/\/stoic-curie.212-227-153-4.plesk.page\/de\/wp-json\/wp\/v2\/comments?post=5950431"}],"version-history":[{"count":0,"href":"https:\/\/stoic-curie.212-227-153-4.plesk.page\/de\/wp-json\/wp\/v2\/product\/5950431\/revisions"}],"wp:featuredmedia":[{"embeddable":true,"href":"https:\/\/stoic-curie.212-227-153-4.plesk.page\/de\/wp-json\/wp\/v2\/media\/5935987"}],"wp:attachment":[{"href":"https:\/\/stoic-curie.212-227-153-4.plesk.page\/de\/wp-json\/wp\/v2\/media?parent=5950431"}],"wp:term":[{"taxonomy":"product_brand","embeddable":true,"href":"https:\/\/stoic-curie.212-227-153-4.plesk.page\/de\/wp-json\/wp\/v2\/product_brand?post=5950431"},{"taxonomy":"product_cat","embeddable":true,"href":"https:\/\/stoic-curie.212-227-153-4.plesk.page\/de\/wp-json\/wp\/v2\/product_cat?post=5950431"},{"taxonomy":"product_tag","embeddable":true,"href":"https:\/\/stoic-curie.212-227-153-4.plesk.page\/de\/wp-json\/wp\/v2\/product_tag?post=5950431"}],"curies":[{"name":"wp","href":"https:\/\/api.w.org\/{rel}","templated":true}]}}