{"id":5950432,"date":"2026-02-24T23:34:34","date_gmt":"2026-02-24T22:34:34","guid":{"rendered":"https:\/\/stoic-curie.212-227-153-4.plesk.page\/product\/toilette-johnson-aquat-standard-elektrisch-komfort-24v\/"},"modified":"2026-02-24T23:34:34","modified_gmt":"2026-02-24T22:34:34","slug":"toilette-johnson-aquat-standard-elektrisch-komfort-24v","status":"publish","type":"product","link":"https:\/\/stoic-curie.212-227-153-4.plesk.page\/de\/product\/toilette-johnson-aquat-standard-elektrisch-komfort-24v\/","title":{"rendered":"Toilette Johnson AquaT Standard Elektrisch Komfort 24V"},"content":{"rendered":"<p>Toilette Johnson AquaT Standard Elektrisch Komfort 24V &#8211; <\/p>\n<p>Die Johnson AquaT Standard-Toilette ist mit einer kombinierten 12V- oder 24V-Pumpe f\u00fcr Entsorgung und Sp\u00fclung ausgestattet: eine Zentrifugalpumpe mit Zerkleinerungsfunktion f\u00fcr die Entsorgung und eine ger\u00e4uschlose Kreiselpumpe f\u00fcr die Wasserbef\u00fcllung. Sie funktioniert sowohl mit S\u00fc\u00df- als auch mit Salzwasser und kann \u00fcber oder unter der Wasserlinie montiert werden.<br \/>Verf\u00fcgbar in drei Modellen:<br \/>\u2022 Kompakt \u2013 kompakter f\u00fcr begrenzte R\u00e4ume mit einem runden Sitz<br \/>\u2022 Komfort \u2013 gr\u00f6\u00dfer und bequemer mit einem ovalen Sitz<br \/>\u2022 Super Kompakt &#8211; kleiner und leichter mit einem runden Sitz<br \/>Hergestellt aus hochwertigem wei\u00dfen, glasiertem Porzellan f\u00fcr perfekte Hygiene.<br \/>Integrierte Sp\u00fclpumpe mit starkem Wirbel f\u00fcr effizientes Sp\u00fclen.<br \/>Steuerungspanel enthalten, ein Knopf f\u00fcr multifunktionalen Entlade- und Sp\u00fclvorgang.<br \/>Zug\u00e4ngliche Montageschrauben f\u00fcr schnellere Installation ohne Spezialwerkzeuge.<br \/>Flexibles Lochmuster an der Basis, f\u00fcr einen einfachen Austausch mit den g\u00e4ngigsten Toiletten auf dem Markt. Eingang \u00c3\u00b8 20 mm \/ Ausgang \u00c3\u00b8 25 mm. 3 Jahre Garantie.<\/p>\n","protected":false},"excerpt":{"rendered":"<p>Toilette Johnson AquaT Standard Elektrisch Komfort 24V &#8211; Die Johnson AquaT Standard-Toilette ist mit einer kombinierten 12V- oder 24V-Pumpe f\u00fcr<\/p>\n","protected":false},"featured_media":5935990,"comment_status":"open","ping_status":"closed","template":"","meta":[],"product_brand":[3045],"product_cat":[1388],"product_tag":[],"class_list":{"0":"post-5950432","1":"product","2":"type-product","3":"status-publish","4":"has-post-thumbnail","6":"product_brand-johnson-marine-de","7":"product_cat-marine-wcs","9":"first","10":"instock","11":"shipping-taxable","12":"purchasable","13":"product-type-simple"},"_links":{"self":[{"href":"https:\/\/stoic-curie.212-227-153-4.plesk.page\/de\/wp-json\/wp\/v2\/product\/5950432","targetHints":{"allow":["GET"]}}],"collection":[{"href":"https:\/\/stoic-curie.212-227-153-4.plesk.page\/de\/wp-json\/wp\/v2\/product"}],"about":[{"href":"https:\/\/stoic-curie.212-227-153-4.plesk.page\/de\/wp-json\/wp\/v2\/types\/product"}],"replies":[{"embeddable":true,"href":"https:\/\/stoic-curie.212-227-153-4.plesk.page\/de\/wp-json\/wp\/v2\/comments?post=5950432"}],"version-history":[{"count":0,"href":"https:\/\/stoic-curie.212-227-153-4.plesk.page\/de\/wp-json\/wp\/v2\/product\/5950432\/revisions"}],"wp:featuredmedia":[{"embeddable":true,"href":"https:\/\/stoic-curie.212-227-153-4.plesk.page\/de\/wp-json\/wp\/v2\/media\/5935990"}],"wp:attachment":[{"href":"https:\/\/stoic-curie.212-227-153-4.plesk.page\/de\/wp-json\/wp\/v2\/media?parent=5950432"}],"wp:term":[{"taxonomy":"product_brand","embeddable":true,"href":"https:\/\/stoic-curie.212-227-153-4.plesk.page\/de\/wp-json\/wp\/v2\/product_brand?post=5950432"},{"taxonomy":"product_cat","embeddable":true,"href":"https:\/\/stoic-curie.212-227-153-4.plesk.page\/de\/wp-json\/wp\/v2\/product_cat?post=5950432"},{"taxonomy":"product_tag","embeddable":true,"href":"https:\/\/stoic-curie.212-227-153-4.plesk.page\/de\/wp-json\/wp\/v2\/product_tag?post=5950432"}],"curies":[{"name":"wp","href":"https:\/\/api.w.org\/{rel}","templated":true}]}}