{"id":5950433,"date":"2026-02-24T23:34:39","date_gmt":"2026-02-24T22:34:39","guid":{"rendered":"https:\/\/stoic-curie.212-227-153-4.plesk.page\/product\/marine-toilette-johnson-aquat-silent-electric-comfort-12v\/"},"modified":"2026-02-24T23:34:39","modified_gmt":"2026-02-24T22:34:39","slug":"marine-toilette-johnson-aquat-silent-electric-comfort-12v","status":"publish","type":"product","link":"https:\/\/stoic-curie.212-227-153-4.plesk.page\/de\/product\/marine-toilette-johnson-aquat-silent-electric-comfort-12v\/","title":{"rendered":"Marine Toilette Johnson AquaT Silent Electric Comfort 12V"},"content":{"rendered":"<p>Marine Toilette Johnson AquaT Silent Electric Comfort 12V &#8211; <\/p>\n<p>Elektronische Wasser Ein-\/Auskontrolle SPX Johnson AquaT Silent Toilette. Mit zwei-Tasten Bedienfeld ausgestattet. Merkmale: minimaler Wasserverbrauch, hoher Komfort und sehr leise. Bef\u00fcllung erfolgt mit einer externen selbstansaugenden Pumpe, w\u00e4hrend die Entleerung mit einer eingebauten Zerkleinerungspumpe erfolgt. Ausgezeichnete Qualit\u00e4t der wei\u00dfen, glasierten Porzellan-Sch\u00fcssel f\u00fcr perfekte Hygiene. Sie funktioniert sowohl mit frischem als auch mit Salzwasser und kann \u00fcber oder unter der Wasserlinie montiert werden. Die Toilette wird komplett mit einer Wasserladepumpe Johnson Code 10-13399-05 (12V) oder 10-13399-06 (24V) geliefert. Eingang \u00d8 19 mm (3\/4&#8243;), Ausgang \u00d8 38 mm (1&#8243;1\/2), anpassbar auf 25 mm (1&#8243;). 3 Jahre Garantie.<\/p>\n","protected":false},"excerpt":{"rendered":"<p>Marine Toilette Johnson AquaT Silent Electric Comfort 12V &#8211; Elektronische Wasser Ein-\/Auskontrolle SPX Johnson AquaT Silent Toilette. Mit zwei-Tasten Bedienfeld<\/p>\n","protected":false},"featured_media":5937296,"comment_status":"open","ping_status":"closed","template":"","meta":[],"product_brand":[3045],"product_cat":[1388],"product_tag":[],"class_list":{"0":"post-5950433","1":"product","2":"type-product","3":"status-publish","4":"has-post-thumbnail","6":"product_brand-johnson-marine-de","7":"product_cat-marine-wcs","9":"first","10":"instock","11":"shipping-taxable","12":"purchasable","13":"product-type-simple"},"_links":{"self":[{"href":"https:\/\/stoic-curie.212-227-153-4.plesk.page\/de\/wp-json\/wp\/v2\/product\/5950433","targetHints":{"allow":["GET"]}}],"collection":[{"href":"https:\/\/stoic-curie.212-227-153-4.plesk.page\/de\/wp-json\/wp\/v2\/product"}],"about":[{"href":"https:\/\/stoic-curie.212-227-153-4.plesk.page\/de\/wp-json\/wp\/v2\/types\/product"}],"replies":[{"embeddable":true,"href":"https:\/\/stoic-curie.212-227-153-4.plesk.page\/de\/wp-json\/wp\/v2\/comments?post=5950433"}],"version-history":[{"count":0,"href":"https:\/\/stoic-curie.212-227-153-4.plesk.page\/de\/wp-json\/wp\/v2\/product\/5950433\/revisions"}],"wp:featuredmedia":[{"embeddable":true,"href":"https:\/\/stoic-curie.212-227-153-4.plesk.page\/de\/wp-json\/wp\/v2\/media\/5937296"}],"wp:attachment":[{"href":"https:\/\/stoic-curie.212-227-153-4.plesk.page\/de\/wp-json\/wp\/v2\/media?parent=5950433"}],"wp:term":[{"taxonomy":"product_brand","embeddable":true,"href":"https:\/\/stoic-curie.212-227-153-4.plesk.page\/de\/wp-json\/wp\/v2\/product_brand?post=5950433"},{"taxonomy":"product_cat","embeddable":true,"href":"https:\/\/stoic-curie.212-227-153-4.plesk.page\/de\/wp-json\/wp\/v2\/product_cat?post=5950433"},{"taxonomy":"product_tag","embeddable":true,"href":"https:\/\/stoic-curie.212-227-153-4.plesk.page\/de\/wp-json\/wp\/v2\/product_tag?post=5950433"}],"curies":[{"name":"wp","href":"https:\/\/api.w.org\/{rel}","templated":true}]}}