{"id":5950434,"date":"2026-02-24T23:34:40","date_gmt":"2026-02-24T22:34:40","guid":{"rendered":"https:\/\/stoic-curie.212-227-153-4.plesk.page\/product\/toilette-johnson-aquat-leise-elektrisch-kompakt-12v\/"},"modified":"2026-02-24T23:34:40","modified_gmt":"2026-02-24T22:34:40","slug":"toilette-johnson-aquat-leise-elektrisch-kompakt-12v","status":"publish","type":"product","link":"https:\/\/stoic-curie.212-227-153-4.plesk.page\/de\/product\/toilette-johnson-aquat-leise-elektrisch-kompakt-12v\/","title":{"rendered":"Toilette Johnson AquaT Leise Elektrisch Kompakt 12V"},"content":{"rendered":"<p>Toilette Johnson AquaT Leise Elektrisch Kompakt 12V &#8211; <\/p>\n<p>Elektronische Wasser-Ein-\/Aussersteuerung SPX Johnson AquaT Silent Toilette. Enth\u00e4lt ein Kontrollpanel mit zwei Tasten. Merkmale: minimaler Wasserverbrauch, gro\u00dfer Komfort und sehr leise. Der Ladevorgang erfolgt mit einer externen selbstansaugenden Pumpe, w\u00e4hrend das Entladen mit einer eingebauten Zerkleinerungspumpe erfolgt. Ausgezeichnete Qualit\u00e4t der wei\u00dfen, glasierten Porzellan-Sch\u00fcssel f\u00fcr perfekte Hygiene. Sie funktioniert sowohl mit Frisch- als auch mit Salzwasser und kann oberhalb oder unterhalb der Wasserlinie montiert werden. Die Toilette wird komplett mit einer Wasserladungspumpe Johnson Code 10-13399-05 (12V) oder 10-13399-06 (24V) geliefert. Einlass \u00c3\u00b8 19 mm (3\/4&#8221;), Auslass \u00c3\u00b8 38 mm (1&#8221;1\/2) verstellbar auf 25 mm (1&#8221;). 3 Jahre Garantie.<\/p>\n","protected":false},"excerpt":{"rendered":"<p>Toilette Johnson AquaT Leise Elektrisch Kompakt 12V &#8211; Elektronische Wasser-Ein-\/Aussersteuerung SPX Johnson AquaT Silent Toilette. Enth\u00e4lt ein Kontrollpanel mit zwei<\/p>\n","protected":false},"featured_media":5937300,"comment_status":"open","ping_status":"closed","template":"","meta":[],"product_brand":[3045],"product_cat":[1388],"product_tag":[],"class_list":{"0":"post-5950434","1":"product","2":"type-product","3":"status-publish","4":"has-post-thumbnail","6":"product_brand-johnson-marine-de","7":"product_cat-marine-wcs","9":"first","10":"instock","11":"shipping-taxable","12":"purchasable","13":"product-type-simple"},"_links":{"self":[{"href":"https:\/\/stoic-curie.212-227-153-4.plesk.page\/de\/wp-json\/wp\/v2\/product\/5950434","targetHints":{"allow":["GET"]}}],"collection":[{"href":"https:\/\/stoic-curie.212-227-153-4.plesk.page\/de\/wp-json\/wp\/v2\/product"}],"about":[{"href":"https:\/\/stoic-curie.212-227-153-4.plesk.page\/de\/wp-json\/wp\/v2\/types\/product"}],"replies":[{"embeddable":true,"href":"https:\/\/stoic-curie.212-227-153-4.plesk.page\/de\/wp-json\/wp\/v2\/comments?post=5950434"}],"version-history":[{"count":0,"href":"https:\/\/stoic-curie.212-227-153-4.plesk.page\/de\/wp-json\/wp\/v2\/product\/5950434\/revisions"}],"wp:featuredmedia":[{"embeddable":true,"href":"https:\/\/stoic-curie.212-227-153-4.plesk.page\/de\/wp-json\/wp\/v2\/media\/5937300"}],"wp:attachment":[{"href":"https:\/\/stoic-curie.212-227-153-4.plesk.page\/de\/wp-json\/wp\/v2\/media?parent=5950434"}],"wp:term":[{"taxonomy":"product_brand","embeddable":true,"href":"https:\/\/stoic-curie.212-227-153-4.plesk.page\/de\/wp-json\/wp\/v2\/product_brand?post=5950434"},{"taxonomy":"product_cat","embeddable":true,"href":"https:\/\/stoic-curie.212-227-153-4.plesk.page\/de\/wp-json\/wp\/v2\/product_cat?post=5950434"},{"taxonomy":"product_tag","embeddable":true,"href":"https:\/\/stoic-curie.212-227-153-4.plesk.page\/de\/wp-json\/wp\/v2\/product_tag?post=5950434"}],"curies":[{"name":"wp","href":"https:\/\/api.w.org\/{rel}","templated":true}]}}