{"id":5950436,"date":"2026-02-24T23:34:42","date_gmt":"2026-02-24T22:34:42","guid":{"rendered":"https:\/\/stoic-curie.212-227-153-4.plesk.page\/product\/marine-toilette-johnson-aquat-silent-electric-comfort-24v\/"},"modified":"2026-02-24T23:34:42","modified_gmt":"2026-02-24T22:34:42","slug":"marine-toilette-johnson-aquat-silent-electric-comfort-24v","status":"publish","type":"product","link":"https:\/\/stoic-curie.212-227-153-4.plesk.page\/de\/product\/marine-toilette-johnson-aquat-silent-electric-comfort-24v\/","title":{"rendered":"Marine Toilette Johnson AquaT Silent Electric Comfort 24V"},"content":{"rendered":"<p>Marine Toilette Johnson AquaT Silent Electric Comfort 24V &#8211; <\/p>\n<p>Elektronische Wasser Ein\/Aus Steuerung SPX Johnson AquaT Silent Toilette. Im Lieferumfang enthalten ist ein Steuerpanel mit zwei Tasten. Merkmale: minimaler Wasserverbrauch, gro\u00dfer Komfort und sehr leise. Das Bef\u00fcllen erfolgt durch eine externe selbstansaugende Pumpe, w\u00e4hrend das Entleeren mit einer eingebauten Zerkleinerungspumpe stattfindet. Aussergew\u00f6hnliche Qualit\u00e4t, wei\u00dfe vitreous Porzellansch\u00fcssel f\u00fcr perfekte Hygiene. Sie funktioniert sowohl mit frischem als auch mit Salzwasser und kann \u00fcber oder unter der Wasserlinie montiert werden. Die Toilette wird komplett mit einer Wasserbeladungspumpe Johnson Code 10-13399-05 (12V) oder 10-13399-06 (24V) geliefert. Anschluss \u00c3\u00b8 19 mm (3\/4&#8243;), Auslass \u00c3\u00b8 38 mm (1&#8243;1\/2), einstellbar auf 25 mm (1&#8243;). 3 Jahre Garantie.<\/p>\n","protected":false},"excerpt":{"rendered":"<p>Marine Toilette Johnson AquaT Silent Electric Comfort 24V &#8211; Elektronische Wasser Ein\/Aus Steuerung SPX Johnson AquaT Silent Toilette. Im Lieferumfang<\/p>\n","protected":false},"featured_media":5937494,"comment_status":"open","ping_status":"closed","template":"","meta":[],"product_brand":[3045],"product_cat":[1388],"product_tag":[],"class_list":{"0":"post-5950436","1":"product","2":"type-product","3":"status-publish","4":"has-post-thumbnail","6":"product_brand-johnson-marine-de","7":"product_cat-marine-wcs","9":"first","10":"instock","11":"shipping-taxable","12":"purchasable","13":"product-type-simple"},"_links":{"self":[{"href":"https:\/\/stoic-curie.212-227-153-4.plesk.page\/de\/wp-json\/wp\/v2\/product\/5950436","targetHints":{"allow":["GET"]}}],"collection":[{"href":"https:\/\/stoic-curie.212-227-153-4.plesk.page\/de\/wp-json\/wp\/v2\/product"}],"about":[{"href":"https:\/\/stoic-curie.212-227-153-4.plesk.page\/de\/wp-json\/wp\/v2\/types\/product"}],"replies":[{"embeddable":true,"href":"https:\/\/stoic-curie.212-227-153-4.plesk.page\/de\/wp-json\/wp\/v2\/comments?post=5950436"}],"version-history":[{"count":0,"href":"https:\/\/stoic-curie.212-227-153-4.plesk.page\/de\/wp-json\/wp\/v2\/product\/5950436\/revisions"}],"wp:featuredmedia":[{"embeddable":true,"href":"https:\/\/stoic-curie.212-227-153-4.plesk.page\/de\/wp-json\/wp\/v2\/media\/5937494"}],"wp:attachment":[{"href":"https:\/\/stoic-curie.212-227-153-4.plesk.page\/de\/wp-json\/wp\/v2\/media?parent=5950436"}],"wp:term":[{"taxonomy":"product_brand","embeddable":true,"href":"https:\/\/stoic-curie.212-227-153-4.plesk.page\/de\/wp-json\/wp\/v2\/product_brand?post=5950436"},{"taxonomy":"product_cat","embeddable":true,"href":"https:\/\/stoic-curie.212-227-153-4.plesk.page\/de\/wp-json\/wp\/v2\/product_cat?post=5950436"},{"taxonomy":"product_tag","embeddable":true,"href":"https:\/\/stoic-curie.212-227-153-4.plesk.page\/de\/wp-json\/wp\/v2\/product_tag?post=5950436"}],"curies":[{"name":"wp","href":"https:\/\/api.w.org\/{rel}","templated":true}]}}