{"id":5950437,"date":"2026-02-24T23:35:13","date_gmt":"2026-02-24T22:35:13","guid":{"rendered":"https:\/\/stoic-curie.212-227-153-4.plesk.page\/product\/johnson-aquat-standard-electric-super-compact-12v\/"},"modified":"2026-02-24T23:35:13","modified_gmt":"2026-02-24T22:35:13","slug":"johnson-aquat-standard-electric-super-compact-12v","status":"publish","type":"product","link":"https:\/\/stoic-curie.212-227-153-4.plesk.page\/de\/product\/johnson-aquat-standard-electric-super-compact-12v\/","title":{"rendered":"Johnson AquaT Standard Electric Super Compact 12V"},"content":{"rendered":"<p>Johnson AquaT Standard Electric Super Compact 12V &#8211; <\/p>\n<p>Die Johnson AquaT Standard Toilette ist mit einer kombinierbaren 12V- oder 24V-Pumpe f\u00fcr Entsorgung und Sp\u00fclung ausgestattet: einer Zentrifugalpumpe mit Zerkleinerungsfunktion f\u00fcr die Entsorgung und einer leisen Impellerpumpe f\u00fcr die Wasserversorgung. Sie funktioniert sowohl mit S\u00fc\u00df- als auch mit Salzwasser und kann \u00fcber oder unter der Wasserlinie montiert werden. Verf\u00fcgbar in drei Modellen: \u00e2\u0080\u00a2 Kompakt \u2013 platzsparend f\u00fcr begrenzte R\u00e4ume mit einer runden Sitzfl\u00e4che \u00e2\u0080\u00a2 Komfort \u2013 gr\u00f6\u00dfer und komfortabler mit einer ovalen Sitzfl\u00e4che \u00e2\u0080\u00a2 Super Kompakt &#8211; kleiner und leichter mit einer runden Sitzfl\u00e4che. Hergestellt aus qualitativ hochwertigem wei\u00dfem vitrifiziertem Porzellan f\u00fcr perfekte Hygiene. Integrierte Sp\u00fclpumpe mit stark wirbelnder Aktion f\u00fcr effizientes Sp\u00fclen. Steuerungseinheit im Lieferumfang enthalten, ein Knopf f\u00fcr multifunktionale Entladung und Sp\u00fclung. Zug\u00e4ngliche Montagestellen f\u00fcr eine schnellere Installation ohne Spezialwerkzeuge. Flexibles Lochmuster am Fu\u00df, um einen einfachen Austausch mit den g\u00e4ngigsten Toiletten auf dem Markt zu erm\u00f6glichen. Einlass \u00c3\u00b8 20 mm \/ Auslass \u00c3\u00b8 25 mm. 3 Jahre Garantie.<\/p>\n","protected":false},"excerpt":{"rendered":"<p>Johnson AquaT Standard Electric Super Compact 12V &#8211; Die Johnson AquaT Standard Toilette ist mit einer kombinierbaren 12V- oder 24V-Pumpe<\/p>\n","protected":false},"featured_media":5946354,"comment_status":"open","ping_status":"closed","template":"","meta":[],"product_brand":[3045],"product_cat":[1388],"product_tag":[],"class_list":{"0":"post-5950437","1":"product","2":"type-product","3":"status-publish","4":"has-post-thumbnail","6":"product_brand-johnson-marine-de","7":"product_cat-marine-wcs","9":"first","10":"instock","11":"shipping-taxable","12":"purchasable","13":"product-type-simple"},"_links":{"self":[{"href":"https:\/\/stoic-curie.212-227-153-4.plesk.page\/de\/wp-json\/wp\/v2\/product\/5950437","targetHints":{"allow":["GET"]}}],"collection":[{"href":"https:\/\/stoic-curie.212-227-153-4.plesk.page\/de\/wp-json\/wp\/v2\/product"}],"about":[{"href":"https:\/\/stoic-curie.212-227-153-4.plesk.page\/de\/wp-json\/wp\/v2\/types\/product"}],"replies":[{"embeddable":true,"href":"https:\/\/stoic-curie.212-227-153-4.plesk.page\/de\/wp-json\/wp\/v2\/comments?post=5950437"}],"version-history":[{"count":0,"href":"https:\/\/stoic-curie.212-227-153-4.plesk.page\/de\/wp-json\/wp\/v2\/product\/5950437\/revisions"}],"wp:featuredmedia":[{"embeddable":true,"href":"https:\/\/stoic-curie.212-227-153-4.plesk.page\/de\/wp-json\/wp\/v2\/media\/5946354"}],"wp:attachment":[{"href":"https:\/\/stoic-curie.212-227-153-4.plesk.page\/de\/wp-json\/wp\/v2\/media?parent=5950437"}],"wp:term":[{"taxonomy":"product_brand","embeddable":true,"href":"https:\/\/stoic-curie.212-227-153-4.plesk.page\/de\/wp-json\/wp\/v2\/product_brand?post=5950437"},{"taxonomy":"product_cat","embeddable":true,"href":"https:\/\/stoic-curie.212-227-153-4.plesk.page\/de\/wp-json\/wp\/v2\/product_cat?post=5950437"},{"taxonomy":"product_tag","embeddable":true,"href":"https:\/\/stoic-curie.212-227-153-4.plesk.page\/de\/wp-json\/wp\/v2\/product_tag?post=5950437"}],"curies":[{"name":"wp","href":"https:\/\/api.w.org\/{rel}","templated":true}]}}