{"id":5950438,"date":"2026-02-24T23:35:24","date_gmt":"2026-02-24T22:35:24","guid":{"rendered":"https:\/\/stoic-curie.212-227-153-4.plesk.page\/product\/elektrische-toilet-jabsco-quiet-e2-12v\/"},"modified":"2026-02-24T23:35:24","modified_gmt":"2026-02-24T22:35:24","slug":"elektrische-toilet-jabsco-quiet-e2-12v","status":"publish","type":"product","link":"https:\/\/stoic-curie.212-227-153-4.plesk.page\/de\/product\/elektrische-toilet-jabsco-quiet-e2-12v\/","title":{"rendered":"Elektrische Toilet Jabsco Quiet E2 12V"},"content":{"rendered":"<p>Elektrische Toilet Jabsco Quiet E2 12V &#8211; <\/p>\n<p>Die Jabsco Quiet E2 37245 Serie ist eine elektrische Toilette mit einer Porzellan-Sch\u00fcssel, die speziell f\u00fcr leisen Betrieb und effizientes Abfallmanagement entwickelt wurde. Dieses Modell ist mit einem Bedienfeld und einer selbstansaugenden Wasserpumpe ausgestattet, die einen Filter inkludiert, was es f\u00fcr den Einsatz in S\u00fc\u00df- und Salzwasserumgebungen geeignet macht. Es verf\u00fcgt \u00fcber 19 mm Wasseranschl\u00fcsse und eine Basis, die in verschiedenen Ausrichtungen installiert werden kann, um unterschiedlichen Platzanforderungen gerecht zu werden. Der 25 mm Abflussanschluss kann sowohl rechts als auch links vom Zerkleinerer positioniert werden, was Flexibilit\u00e4t bei der Installation bietet.<\/p>\n<p>Ob auf vielbesch\u00e4ftigten Charterbooten oder bei Wettkampfsegelyachten genutzt, die Jabsco Quiet Flush E2 elektrische marine Toilette l\u00f6st effektiv die erheblichen Abfallmanagementprobleme, mit denen Bootsbesitzer und Hersteller konfrontiert sind. Ihr unkomplizierter Installationsprozess, die einfache Wartung und die moderne Touch-Sensorsteuerung tragen zu mehr Komfort und Bequemlichkeit auf dem Wasser bei.<\/p>\n<p><strong>Hauptmerkmale:<\/strong><\/p>\n<ul>\n<li><strong>Drehbare Basis und Abwasserpumpe:<\/strong> Bietet Anpassungsf\u00e4higkeit in engen R\u00e4umen.<\/li>\n<li><strong>Schnellverschluss-System:<\/strong> Gew\u00e4hrleistet einfachen Zugang zur Abwasserpumpe f\u00fcr Wartungsarbeiten.<\/li>\n<li><strong>Touch-Sensor-Paneel:<\/strong> Beinhaltet drei Einstellungen, darunter einen wassersparenden Eco-Sp\u00fclzyklus.<\/li>\n<li><strong>Leise Sanftschlie\u00dfendes Sitzgestell:<\/strong> Verf\u00fcgbar f\u00fcr Standard-Sch\u00fcsselmodelle.<\/li>\n<li><strong>Sch\u00fcsselformate:<\/strong> Angeboten in kompakter und regul\u00e4rer Gr\u00f6\u00dfe.<\/li>\n<li><strong>Sp\u00fclsysteme:<\/strong> Verf\u00fcgbar f\u00fcr Anwendungen mit S\u00fc\u00df- und Rohwasser.<\/li>\n<li><strong>Leicht zu reinigende Abdeckung:<\/strong> Erleichtert die Wartung.<\/li>\n<\/ul>\n<p><strong>Einfache Installation<\/strong><\/p>\n<p>Die Toilette Quiet Flush E2 kann nach links, rechts oder hinten zur Sch\u00fcssel gedreht werden, was verschiedene Installationskonfigurationen erm\u00f6glicht. Auch die Abwasserpumpe kann um 180 Grad gedreht werden, um mit der Basisausrichtung \u00fcbereinzustimmen, sodass die Rohrleitungen nach hinten zur Toilette ausgerichtet sind. Sowohl gerade als auch 90-Grad-Abfluss\u00f6ffnungen sind f\u00fcr eine einfache Installation verf\u00fcgbar.<\/p>\n<p><strong>Einfache Wartung<\/strong><\/p>\n<p>Die Quiet Flush E2 ist mit einem Schnellverschluss-System ausgestattet, das eine z\u00fcgige Entfernung der Abwasserpumpe und des Schlauches bei Wartungsbedarf erm\u00f6glicht. Das C-Clip-Design erm\u00f6glicht es, die Pumpenbaugruppe ohne Werkzeug von der Toilettenbasis zu trennen, was effiziente Servicezeiten zur Folge hat.<\/p>\n<p><strong>Benutzerfreundliche Bedienung<\/strong><\/p>\n<p>Das elegante, flache Design des Multifunktions-Touch-Panels ist f\u00fcr den Einbau in Nassr\u00e4umen gedacht und unterst\u00fctzt sowohl die Eco- als auch die Vollsp\u00fclfunktionen. Im Eco-Modus wird nur 1 Liter (1 Quart) Wasser pro Sp\u00fclung verwendet. Das Touch-Panel verf\u00fcgt zudem \u00fcber eine \u201ekein Auslaufen\u201c-Funktion, um die Sch\u00fcssel w\u00e4hrend der Bootsfahrt trocken zu halten.<\/p>\n<p><strong>Sp\u00fcloptionen<\/strong><\/p>\n<p>F\u00fcr das Sp\u00fclen mit Meerwasser, Wasser aus Seen oder Fl\u00fcssen umfasst die elektrische Toilette Quiet Flush E2 eine 12V oder 24V 3GPM (11 LPM) Jabsco Par-Max 3 Sp\u00fclpumpe, einen 40-Mesh inline Filter und \u00bd Zoll (15mm) Schlauchanschl\u00fcsse.<\/p>\n<p>F\u00fcr die Frischwassersp\u00fclung an Bord ist die Quiet Flush E2 mit einem Magnetventil, Schnellanschluss-Fittings, einem \u00bd Zoll (15mm) Eingang, einem \u00be Zoll (19mm) Ausgang und einem integrierten Mesh-Filter ausgestattet. Ein R\u00fcckschlagventil ist enthalten, um eine Kontamination des Trinkwassers zu verhindern, und das System kann in jeder Ausrichtung installiert werden.<\/p>\n","protected":false},"excerpt":{"rendered":"<p>Elektrische Toilet Jabsco Quiet E2 12V &#8211; Die Jabsco Quiet E2 37245 Serie ist eine elektrische Toilette mit einer Porzellan-Sch\u00fcssel,<\/p>\n","protected":false},"featured_media":5948950,"comment_status":"open","ping_status":"closed","template":"","meta":[],"product_brand":[3030],"product_cat":[1388],"product_tag":[],"class_list":{"0":"post-5950438","1":"product","2":"type-product","3":"status-publish","4":"has-post-thumbnail","6":"product_brand-jabsco-marine-de","7":"product_cat-marine-wcs","9":"first","10":"instock","11":"shipping-taxable","12":"purchasable","13":"product-type-simple"},"_links":{"self":[{"href":"https:\/\/stoic-curie.212-227-153-4.plesk.page\/de\/wp-json\/wp\/v2\/product\/5950438","targetHints":{"allow":["GET"]}}],"collection":[{"href":"https:\/\/stoic-curie.212-227-153-4.plesk.page\/de\/wp-json\/wp\/v2\/product"}],"about":[{"href":"https:\/\/stoic-curie.212-227-153-4.plesk.page\/de\/wp-json\/wp\/v2\/types\/product"}],"replies":[{"embeddable":true,"href":"https:\/\/stoic-curie.212-227-153-4.plesk.page\/de\/wp-json\/wp\/v2\/comments?post=5950438"}],"version-history":[{"count":0,"href":"https:\/\/stoic-curie.212-227-153-4.plesk.page\/de\/wp-json\/wp\/v2\/product\/5950438\/revisions"}],"wp:featuredmedia":[{"embeddable":true,"href":"https:\/\/stoic-curie.212-227-153-4.plesk.page\/de\/wp-json\/wp\/v2\/media\/5948950"}],"wp:attachment":[{"href":"https:\/\/stoic-curie.212-227-153-4.plesk.page\/de\/wp-json\/wp\/v2\/media?parent=5950438"}],"wp:term":[{"taxonomy":"product_brand","embeddable":true,"href":"https:\/\/stoic-curie.212-227-153-4.plesk.page\/de\/wp-json\/wp\/v2\/product_brand?post=5950438"},{"taxonomy":"product_cat","embeddable":true,"href":"https:\/\/stoic-curie.212-227-153-4.plesk.page\/de\/wp-json\/wp\/v2\/product_cat?post=5950438"},{"taxonomy":"product_tag","embeddable":true,"href":"https:\/\/stoic-curie.212-227-153-4.plesk.page\/de\/wp-json\/wp\/v2\/product_tag?post=5950438"}],"curies":[{"name":"wp","href":"https:\/\/api.w.org\/{rel}","templated":true}]}}