{"id":5950439,"date":"2026-02-24T23:35:25","date_gmt":"2026-02-24T22:35:25","guid":{"rendered":"https:\/\/stoic-curie.212-227-153-4.plesk.page\/product\/jabsco-quiet-e2-24v-elektrische-toilet\/"},"modified":"2026-02-24T23:35:25","modified_gmt":"2026-02-24T22:35:25","slug":"jabsco-quiet-e2-24v-elektrische-toilet","status":"publish","type":"product","link":"https:\/\/stoic-curie.212-227-153-4.plesk.page\/de\/product\/jabsco-quiet-e2-24v-elektrische-toilet\/","title":{"rendered":"Jabsco Quiet E2 24V Elektrische Toilet"},"content":{"rendered":"<p>Jabsco Quiet E2 24V Elektrische Toilet &#8211; <\/p>\n<p>Die Jabsco Quiet E2 37245 Serie ist eine elektrische Toilette mit einem Porzellansitz, die f\u00fcr einen leisen Betrieb und eine hohe Abfallbewirtschaftung konzipiert wurde. Dieses Modell wird mit einem Bedienfeld und einer selbstansaugenden Wasserpumpe mit Filter geliefert, was es sowohl f\u00fcr S\u00fc\u00df- als auch f\u00fcr Salzwasser geeignet macht. Es verf\u00fcgt \u00fcber 19 mm Wasseranschl\u00fcsse und eine Basis, die in verschiedenen Richtungen montiert werden kann, um unterschiedlichen Platzanforderungen gerecht zu werden. Der 25 mm Ablassanschluss kann rechts oder links vom Zerkleinerer positioniert werden, was Flexibilit\u00e4t bei der Installation erm\u00f6glicht.<\/p>\n<p>Ob auf \u00fcberf\u00fcllten Charterbooten oder Rennjachten, die Jabsco Quiet Flush E2 elektrische Marine-Toilette begegnet erheblichen Abfallbewirtschaftungsherausforderungen, die Bootsbesitzer und Hersteller haben. Die vereinfachte Installation, die einfache Wartung und die schlanke Touch-Sensorsteuerung erh\u00f6hen den Komfort und die Bequemlichkeit auf dem Wasser.<\/p>\n<p><strong>Wichtige Eigenschaften:<\/strong><\/p>\n<ul>\n<li><strong>Drehbare Basis und Entsorgungspumpe:<\/strong>&nbsp;Bietet Flexibilit\u00e4t in engen R\u00e4umen.<\/li>\n<li><strong>Schnellverschluss-System:<\/strong>&nbsp;Erm\u00f6glicht einfachen Zugang zur Entsorgungspumpe zur Wartung.<\/li>\n<li><strong>Touch-Sensor-Panel:<\/strong>&nbsp;Verf\u00fcgt \u00fcber drei Einstellungen, darunter einen wassersparenden Eco-Sp\u00fclzyklus.<\/li>\n<li><strong>Ger\u00e4uscharme Soft-Close-Sitz:<\/strong>&nbsp;Verf\u00fcgbar bei normalen Sch\u00fcsselmodellen.<\/li>\n<li><strong>Sch\u00fcsseln Gr\u00f6\u00dfen:<\/strong>&nbsp;Erh\u00e4ltlich in kompakten oder regul\u00e4ren Gr\u00f6\u00dfen.<\/li>\n<li><strong>Sp\u00fclmodelle:<\/strong>&nbsp;Verf\u00fcgbar f\u00fcr sowohl frisches als auch unverarbeitetes Wasser.<\/li>\n<li><strong>Leicht zu reinigender Verkleidung:<\/strong>&nbsp;Vereinfachte Wartung.<\/li>\n<\/ul>\n<p><strong>Einfache Installation<\/strong><\/p>\n<p>Die Basis der Quiet Flush E2-Toilette kann nach links, rechts oder hinten gedreht werden, was mehrere Installationsm\u00f6glichkeiten bietet. Die Entsorgungspumpe kann ebenfalls um 180 Grad gedreht werden, um die Basisorientierung anzupassen, wodurch sichergestellt wird, dass die Rohrleitungen nach hinten zur Toilette geleitet werden. Sowohl gerade als auch 90-Grad-Ablassanschl\u00fcsse sind f\u00fcr eine unkomplizierte Installation verf\u00fcgbar.<\/p>\n<p><strong>Einfach zu warten<\/strong><\/p>\n<p>Die Quiet Flush E2 verf\u00fcgt \u00fcber ein Schnellverschluss-System, das eine schnelle Abnahme der Entsorgungspumpe und des Schlauchs bei Bedarf erm\u00f6glicht. Das C-Clip-Design erlaubt es, die Pumpeneinheit ohne Werkzeuge von der Toilettenbasis zu trennen, was zu schnellen Wartungszeiten f\u00fchrt.<\/p>\n<p><strong>Einfach zu bedienen<\/strong><\/p>\n<p>Das stilvolle, flache Design des multifunktionalen Touch-Panels ist f\u00fcr Nassr\u00e4ume konzipiert und erm\u00f6glicht sowohl Eco-Sp\u00fcl- als auch Vollsp\u00fclfunktionen. Im Eco-Modus wird pro Sp\u00fclung nur 1 Liter (1 Quart) Wasser verbraucht. Das Touch-Panel verf\u00fcgt au\u00dferdem \u00fcber eine tropffreie Funktion zum &#8216;Entleeren&#8217;, um die Sch\u00fcssel w\u00e4hrend der Bewegung des Bootes trocken zu halten.<\/p>\n<p><strong>Sp\u00fcloptionen<\/strong><\/p>\n<p>F\u00fcr das Sp\u00fclen mit Meer-, See- oder Flusswasser beinhaltet die Quiet Flush E2 elektrische Toilette eine 12V oder 24V 3GPM (11 LPM) Jabsco Par-Max 3 Sp\u00fcmpumpe, einen 40-Mesh Inline-Filter und \u00bd Zoll (15mm) Schlauchanschl\u00fcsse.<\/p>\n<p>F\u00fcr das Sp\u00fclen mit Frischwasser an Bord kommt die Quiet Flush E2 mit einem Magnetventil, Schnellanschluss-Fittings, einem \u00bd Zoll (15mm) Eingang, einem \u00be Zoll (19mm) Ausgang und einem integrierten Mesh-Filter. Ein R\u00fcckschlagventil ist enthalten, um die Kontamination von Trinkwasser zu verhindern, und das System kann in jeder Position montiert werden.<\/p>\n","protected":false},"excerpt":{"rendered":"<p>Jabsco Quiet E2 24V Elektrische Toilet &#8211; Die Jabsco Quiet E2 37245 Serie ist eine elektrische Toilette mit einem Porzellansitz,<\/p>\n","protected":false},"featured_media":5948950,"comment_status":"open","ping_status":"closed","template":"","meta":[],"product_brand":[3030],"product_cat":[1388],"product_tag":[],"class_list":{"0":"post-5950439","1":"product","2":"type-product","3":"status-publish","4":"has-post-thumbnail","6":"product_brand-jabsco-marine-de","7":"product_cat-marine-wcs","9":"first","10":"instock","11":"shipping-taxable","12":"purchasable","13":"product-type-simple"},"_links":{"self":[{"href":"https:\/\/stoic-curie.212-227-153-4.plesk.page\/de\/wp-json\/wp\/v2\/product\/5950439","targetHints":{"allow":["GET"]}}],"collection":[{"href":"https:\/\/stoic-curie.212-227-153-4.plesk.page\/de\/wp-json\/wp\/v2\/product"}],"about":[{"href":"https:\/\/stoic-curie.212-227-153-4.plesk.page\/de\/wp-json\/wp\/v2\/types\/product"}],"replies":[{"embeddable":true,"href":"https:\/\/stoic-curie.212-227-153-4.plesk.page\/de\/wp-json\/wp\/v2\/comments?post=5950439"}],"version-history":[{"count":0,"href":"https:\/\/stoic-curie.212-227-153-4.plesk.page\/de\/wp-json\/wp\/v2\/product\/5950439\/revisions"}],"wp:featuredmedia":[{"embeddable":true,"href":"https:\/\/stoic-curie.212-227-153-4.plesk.page\/de\/wp-json\/wp\/v2\/media\/5948950"}],"wp:attachment":[{"href":"https:\/\/stoic-curie.212-227-153-4.plesk.page\/de\/wp-json\/wp\/v2\/media?parent=5950439"}],"wp:term":[{"taxonomy":"product_brand","embeddable":true,"href":"https:\/\/stoic-curie.212-227-153-4.plesk.page\/de\/wp-json\/wp\/v2\/product_brand?post=5950439"},{"taxonomy":"product_cat","embeddable":true,"href":"https:\/\/stoic-curie.212-227-153-4.plesk.page\/de\/wp-json\/wp\/v2\/product_cat?post=5950439"},{"taxonomy":"product_tag","embeddable":true,"href":"https:\/\/stoic-curie.212-227-153-4.plesk.page\/de\/wp-json\/wp\/v2\/product_tag?post=5950439"}],"curies":[{"name":"wp","href":"https:\/\/api.w.org\/{rel}","templated":true}]}}