{"id":5950443,"date":"2026-02-24T23:35:29","date_gmt":"2026-02-24T22:35:29","guid":{"rendered":"https:\/\/stoic-curie.212-227-153-4.plesk.page\/product\/bd-schnelle-schnellkupplung-g-1-2-gewinde-fuer-20mm-schlaeuche\/"},"modified":"2026-02-24T23:35:29","modified_gmt":"2026-02-24T22:35:29","slug":"bd-schnelle-schnellkupplung-g-1-2-gewinde-fuer-20mm-schlaeuche","status":"publish","type":"product","link":"https:\/\/stoic-curie.212-227-153-4.plesk.page\/de\/product\/bd-schnelle-schnellkupplung-g-1-2-gewinde-fuer-20mm-schlaeuche\/","title":{"rendered":"BD Schnelle Schnellkupplung G 1\/2&#8243; Gewinde f\u00fcr 20mm Schl\u00e4uche"},"content":{"rendered":"<p>BD Schnelle Schnellkupplung G 1\/2&#8243; Gewinde f\u00fcr 20mm Schl\u00e4uche &#8211; <\/p>\n<p>Verst\u00e4rkte Polypropylen-Schnellwinkelkupplung, die f\u00fcr eine schnelle Verbindung mit flexiblen Schl\u00e4uchen entwickelt wurde. Beseitigt die Notwendigkeit herk\u00f6mmlicher Schlauchschellen. Bietet eine wasserdichte Abdichtung bis zu einem Druck von 16 bar.<\/p>\n","protected":false},"excerpt":{"rendered":"<p>BD Schnelle Schnellkupplung G 1\/2&#8243; Gewinde f\u00fcr 20mm Schl\u00e4uche &#8211; Verst\u00e4rkte Polypropylen-Schnellwinkelkupplung, die f\u00fcr eine schnelle Verbindung mit flexiblen Schl\u00e4uchen<\/p>\n","protected":false},"featured_media":5949286,"comment_status":"open","ping_status":"closed","template":"","meta":[],"product_brand":[3355],"product_cat":[1374],"product_tag":[],"class_list":{"0":"post-5950443","1":"product","2":"type-product","3":"status-publish","4":"has-post-thumbnail","6":"product_brand-seaflow-de","7":"product_cat-kunststoff-wasserinstallationsarmaturen","9":"first","10":"instock","11":"shipping-taxable","12":"purchasable","13":"product-type-simple"},"_links":{"self":[{"href":"https:\/\/stoic-curie.212-227-153-4.plesk.page\/de\/wp-json\/wp\/v2\/product\/5950443","targetHints":{"allow":["GET"]}}],"collection":[{"href":"https:\/\/stoic-curie.212-227-153-4.plesk.page\/de\/wp-json\/wp\/v2\/product"}],"about":[{"href":"https:\/\/stoic-curie.212-227-153-4.plesk.page\/de\/wp-json\/wp\/v2\/types\/product"}],"replies":[{"embeddable":true,"href":"https:\/\/stoic-curie.212-227-153-4.plesk.page\/de\/wp-json\/wp\/v2\/comments?post=5950443"}],"version-history":[{"count":0,"href":"https:\/\/stoic-curie.212-227-153-4.plesk.page\/de\/wp-json\/wp\/v2\/product\/5950443\/revisions"}],"wp:featuredmedia":[{"embeddable":true,"href":"https:\/\/stoic-curie.212-227-153-4.plesk.page\/de\/wp-json\/wp\/v2\/media\/5949286"}],"wp:attachment":[{"href":"https:\/\/stoic-curie.212-227-153-4.plesk.page\/de\/wp-json\/wp\/v2\/media?parent=5950443"}],"wp:term":[{"taxonomy":"product_brand","embeddable":true,"href":"https:\/\/stoic-curie.212-227-153-4.plesk.page\/de\/wp-json\/wp\/v2\/product_brand?post=5950443"},{"taxonomy":"product_cat","embeddable":true,"href":"https:\/\/stoic-curie.212-227-153-4.plesk.page\/de\/wp-json\/wp\/v2\/product_cat?post=5950443"},{"taxonomy":"product_tag","embeddable":true,"href":"https:\/\/stoic-curie.212-227-153-4.plesk.page\/de\/wp-json\/wp\/v2\/product_tag?post=5950443"}],"curies":[{"name":"wp","href":"https:\/\/api.w.org\/{rel}","templated":true}]}}