{"id":5950447,"date":"2026-02-24T23:35:34","date_gmt":"2026-02-24T22:35:34","guid":{"rendered":"https:\/\/stoic-curie.212-227-153-4.plesk.page\/product\/bd-schnelleckverbindung-g-3-4-gewinde-fuer-16mm-schlauch-o\/"},"modified":"2026-02-24T23:35:34","modified_gmt":"2026-02-24T22:35:34","slug":"bd-schnelleckverbindung-g-3-4-gewinde-fuer-16mm-schlauch-o","status":"publish","type":"product","link":"https:\/\/stoic-curie.212-227-153-4.plesk.page\/de\/product\/bd-schnelleckverbindung-g-3-4-gewinde-fuer-16mm-schlauch-o\/","title":{"rendered":"BD Schnelleckverbindung G 3\/4&#8243; Gewinde f\u00fcr 16mm Schlauch \u00d8"},"content":{"rendered":"<p>BD Schnelleckverbindung G 3\/4&#8243; Gewinde f\u00fcr 16mm Schlauch \u00d8 &#8211; <\/p>\n<p>Verst\u00e4rkte Polypropylen-Schnelleckverbindung. Ideal zum schnellen Verbinden von flexiblen Schl\u00e4uchen. Beseitigt die Notwendigkeit herk\u00f6mmlicher Schlauchschellen. Bietet eine wasserdichte Abdichtung bis zu 16 bar.<\/p>\n","protected":false},"excerpt":{"rendered":"<p>BD Schnelleckverbindung G 3\/4&#8243; Gewinde f\u00fcr 16mm Schlauch \u00d8 &#8211; Verst\u00e4rkte Polypropylen-Schnelleckverbindung. Ideal zum schnellen Verbinden von flexiblen Schl\u00e4uchen. Beseitigt<\/p>\n","protected":false},"featured_media":5949302,"comment_status":"open","ping_status":"closed","template":"","meta":[],"product_brand":[3355],"product_cat":[1374],"product_tag":[],"class_list":{"0":"post-5950447","1":"product","2":"type-product","3":"status-publish","4":"has-post-thumbnail","6":"product_brand-seaflow-de","7":"product_cat-kunststoff-wasserinstallationsarmaturen","9":"first","10":"instock","11":"shipping-taxable","12":"purchasable","13":"product-type-simple"},"_links":{"self":[{"href":"https:\/\/stoic-curie.212-227-153-4.plesk.page\/de\/wp-json\/wp\/v2\/product\/5950447","targetHints":{"allow":["GET"]}}],"collection":[{"href":"https:\/\/stoic-curie.212-227-153-4.plesk.page\/de\/wp-json\/wp\/v2\/product"}],"about":[{"href":"https:\/\/stoic-curie.212-227-153-4.plesk.page\/de\/wp-json\/wp\/v2\/types\/product"}],"replies":[{"embeddable":true,"href":"https:\/\/stoic-curie.212-227-153-4.plesk.page\/de\/wp-json\/wp\/v2\/comments?post=5950447"}],"version-history":[{"count":0,"href":"https:\/\/stoic-curie.212-227-153-4.plesk.page\/de\/wp-json\/wp\/v2\/product\/5950447\/revisions"}],"wp:featuredmedia":[{"embeddable":true,"href":"https:\/\/stoic-curie.212-227-153-4.plesk.page\/de\/wp-json\/wp\/v2\/media\/5949302"}],"wp:attachment":[{"href":"https:\/\/stoic-curie.212-227-153-4.plesk.page\/de\/wp-json\/wp\/v2\/media?parent=5950447"}],"wp:term":[{"taxonomy":"product_brand","embeddable":true,"href":"https:\/\/stoic-curie.212-227-153-4.plesk.page\/de\/wp-json\/wp\/v2\/product_brand?post=5950447"},{"taxonomy":"product_cat","embeddable":true,"href":"https:\/\/stoic-curie.212-227-153-4.plesk.page\/de\/wp-json\/wp\/v2\/product_cat?post=5950447"},{"taxonomy":"product_tag","embeddable":true,"href":"https:\/\/stoic-curie.212-227-153-4.plesk.page\/de\/wp-json\/wp\/v2\/product_tag?post=5950447"}],"curies":[{"name":"wp","href":"https:\/\/api.w.org\/{rel}","templated":true}]}}