{"id":5950452,"date":"2026-02-24T23:35:38","date_gmt":"2026-02-24T22:35:38","guid":{"rendered":"https:\/\/stoic-curie.212-227-153-4.plesk.page\/product\/fln-ip65-gruener-led-kippschalter-ein-aus-ein-6-pins-20a-kapazitaet\/"},"modified":"2026-02-24T23:35:38","modified_gmt":"2026-02-24T22:35:38","slug":"fln-ip65-gruener-led-kippschalter-ein-aus-ein-6-pins-20a-kapazitaet","status":"publish","type":"product","link":"https:\/\/stoic-curie.212-227-153-4.plesk.page\/de\/product\/fln-ip65-gruener-led-kippschalter-ein-aus-ein-6-pins-20a-kapazitaet\/","title":{"rendered":"FLN IP65 Gr\u00fcner LED Kippschalter &#8211; Ein-Aus-Ein, 6 Pins, 20A Kapazit\u00e4t"},"content":{"rendered":"<p>FLN IP65 Gr\u00fcner LED Kippschalter &#8211; Ein-Aus-Ein, 6 Pins, 20A Kapazit\u00e4t &#8211; <\/p>\n<p>Kippschalter mit IP65 wasserdichter Dichtung und gr\u00fcnem LED-Licht. Geeignet f\u00fcr bipolare Schaltungen mit 12\/24V und einer maximalen Kapazit\u00e4t von 20A.<\/p>\n","protected":false},"excerpt":{"rendered":"<p>FLN IP65 Gr\u00fcner LED Kippschalter &#8211; Ein-Aus-Ein, 6 Pins, 20A Kapazit\u00e4t &#8211; Kippschalter mit IP65 wasserdichter Dichtung und gr\u00fcnem LED-Licht.<\/p>\n","protected":false},"featured_media":5949320,"comment_status":"open","ping_status":"closed","template":"","meta":[],"product_brand":[2830],"product_cat":[1456],"product_tag":[],"class_list":{"0":"post-5950452","1":"product","2":"type-product","3":"status-publish","4":"has-post-thumbnail","6":"product_brand-blue-sea-systems-de","7":"product_cat-elektrische-schalter","9":"first","10":"instock","11":"shipping-taxable","12":"purchasable","13":"product-type-simple"},"_links":{"self":[{"href":"https:\/\/stoic-curie.212-227-153-4.plesk.page\/de\/wp-json\/wp\/v2\/product\/5950452","targetHints":{"allow":["GET"]}}],"collection":[{"href":"https:\/\/stoic-curie.212-227-153-4.plesk.page\/de\/wp-json\/wp\/v2\/product"}],"about":[{"href":"https:\/\/stoic-curie.212-227-153-4.plesk.page\/de\/wp-json\/wp\/v2\/types\/product"}],"replies":[{"embeddable":true,"href":"https:\/\/stoic-curie.212-227-153-4.plesk.page\/de\/wp-json\/wp\/v2\/comments?post=5950452"}],"version-history":[{"count":0,"href":"https:\/\/stoic-curie.212-227-153-4.plesk.page\/de\/wp-json\/wp\/v2\/product\/5950452\/revisions"}],"wp:featuredmedia":[{"embeddable":true,"href":"https:\/\/stoic-curie.212-227-153-4.plesk.page\/de\/wp-json\/wp\/v2\/media\/5949320"}],"wp:attachment":[{"href":"https:\/\/stoic-curie.212-227-153-4.plesk.page\/de\/wp-json\/wp\/v2\/media?parent=5950452"}],"wp:term":[{"taxonomy":"product_brand","embeddable":true,"href":"https:\/\/stoic-curie.212-227-153-4.plesk.page\/de\/wp-json\/wp\/v2\/product_brand?post=5950452"},{"taxonomy":"product_cat","embeddable":true,"href":"https:\/\/stoic-curie.212-227-153-4.plesk.page\/de\/wp-json\/wp\/v2\/product_cat?post=5950452"},{"taxonomy":"product_tag","embeddable":true,"href":"https:\/\/stoic-curie.212-227-153-4.plesk.page\/de\/wp-json\/wp\/v2\/product_tag?post=5950452"}],"curies":[{"name":"wp","href":"https:\/\/api.w.org\/{rel}","templated":true}]}}