{"id":5950473,"date":"2026-02-24T23:35:53","date_gmt":"2026-02-24T22:35:53","guid":{"rendered":"https:\/\/stoic-curie.212-227-153-4.plesk.page\/product\/sprenger-ringe-o-180-mm-mit-7-mm-loch-fuer-5-mm-seil-280-kg-traglast\/"},"modified":"2026-02-24T23:35:53","modified_gmt":"2026-02-24T22:35:53","slug":"sprenger-ringe-o-180-mm-mit-7-mm-loch-fuer-5-mm-seil-280-kg-traglast","status":"publish","type":"product","link":"https:\/\/stoic-curie.212-227-153-4.plesk.page\/de\/product\/sprenger-ringe-o-180-mm-mit-7-mm-loch-fuer-5-mm-seil-280-kg-traglast\/","title":{"rendered":"Sprenger Ringe \u00d8 18,0 mm mit 7 mm Loch f\u00fcr 5 mm Seil &#8211; 280 kg Traglast"},"content":{"rendered":"<p>Sprenger Ringe \u00d8 18,0 mm mit 7 mm Loch f\u00fcr 5 mm Seil &#8211; 280 kg Traglast &#8211; <\/p>\n<p>Sprenger Ringe sind stark und leicht, aus schwarz anodisiertem Aluminium gefertigt &#8211; ideal f\u00fcr alle Deckanwendungen.<\/p>\n","protected":false},"excerpt":{"rendered":"<p>Sprenger Ringe \u00d8 18,0 mm mit 7 mm Loch f\u00fcr 5 mm Seil &#8211; 280 kg Traglast &#8211; Sprenger Ringe<\/p>\n","protected":false},"featured_media":5949552,"comment_status":"open","ping_status":"closed","template":"","meta":[],"product_brand":[3430],"product_cat":[1482],"product_tag":[],"class_list":{"0":"post-5950473","1":"product","2":"type-product","3":"status-publish","4":"has-post-thumbnail","6":"product_brand-sprenger-hs-de","7":"product_cat-sprenger-bloecke","9":"first","10":"instock","11":"shipping-taxable","12":"purchasable","13":"product-type-simple"},"_links":{"self":[{"href":"https:\/\/stoic-curie.212-227-153-4.plesk.page\/de\/wp-json\/wp\/v2\/product\/5950473","targetHints":{"allow":["GET"]}}],"collection":[{"href":"https:\/\/stoic-curie.212-227-153-4.plesk.page\/de\/wp-json\/wp\/v2\/product"}],"about":[{"href":"https:\/\/stoic-curie.212-227-153-4.plesk.page\/de\/wp-json\/wp\/v2\/types\/product"}],"replies":[{"embeddable":true,"href":"https:\/\/stoic-curie.212-227-153-4.plesk.page\/de\/wp-json\/wp\/v2\/comments?post=5950473"}],"version-history":[{"count":0,"href":"https:\/\/stoic-curie.212-227-153-4.plesk.page\/de\/wp-json\/wp\/v2\/product\/5950473\/revisions"}],"wp:featuredmedia":[{"embeddable":true,"href":"https:\/\/stoic-curie.212-227-153-4.plesk.page\/de\/wp-json\/wp\/v2\/media\/5949552"}],"wp:attachment":[{"href":"https:\/\/stoic-curie.212-227-153-4.plesk.page\/de\/wp-json\/wp\/v2\/media?parent=5950473"}],"wp:term":[{"taxonomy":"product_brand","embeddable":true,"href":"https:\/\/stoic-curie.212-227-153-4.plesk.page\/de\/wp-json\/wp\/v2\/product_brand?post=5950473"},{"taxonomy":"product_cat","embeddable":true,"href":"https:\/\/stoic-curie.212-227-153-4.plesk.page\/de\/wp-json\/wp\/v2\/product_cat?post=5950473"},{"taxonomy":"product_tag","embeddable":true,"href":"https:\/\/stoic-curie.212-227-153-4.plesk.page\/de\/wp-json\/wp\/v2\/product_tag?post=5950473"}],"curies":[{"name":"wp","href":"https:\/\/api.w.org\/{rel}","templated":true}]}}