{"id":5950493,"date":"2026-02-24T23:36:08","date_gmt":"2026-02-24T22:36:08","guid":{"rendered":"https:\/\/stoic-curie.212-227-153-4.plesk.page\/product\/propellerwellendichtung-tor-marine-fuer-60-mm-welle\/"},"modified":"2026-02-24T23:36:08","modified_gmt":"2026-02-24T22:36:08","slug":"propellerwellendichtung-tor-marine-fuer-60-mm-welle","status":"publish","type":"product","link":"https:\/\/stoic-curie.212-227-153-4.plesk.page\/de\/product\/propellerwellendichtung-tor-marine-fuer-60-mm-welle\/","title":{"rendered":"Propellerwellendichtung Tor Marine f\u00fcr 60 mm Welle"},"content":{"rendered":"<p>Propellerwellendichtung Tor Marine f\u00fcr 60 mm Welle &#8211; <\/p>\n<p>Hochpr\u00e4zise und qualitativ hochwertige mechanische Wellenabdichtung aus einer Kombination von 316 Edelstahl und Graphit, entwickelt f\u00fcr einfache Installation und Wartung. Die mechanische Dichtung funktioniert durch eine perfekte Verbindung zwischen dem Edelstahlring und dem Graphitteil. Der Edelstahlring wird mit kopflosen Schrauben auf der Welle montiert und rotiert mit ihr, w\u00e4hrend das Graphitteil station\u00e4r an der Wellenabdichtung bleibt. Mechanische Wellenabdichtungen k\u00f6nnen direkt auf Sterntuben mit einer Gummimanschette, die mit Klammern gesichert ist, montiert werden. Die Standardmontagegr\u00f6\u00dfe der Gummimanschette auf dem Sterntubus betr\u00e4gt 113 mm, aber durch Reduzierungen kann die mechanische Dichtung auch auf Sterntuben mit Gr\u00f6\u00dfen von 80 mm oder 3\u00bc Zoll und 4 Zoll montiert werden. Sie kann mit einem Wandmontage-Bronze-Wellenabdichtungsadapter komplett mit wasserge\u00f6ltem Lager kombiniert werden (siehe Codes 49006354900680).<\/p>\n","protected":false},"excerpt":{"rendered":"<p>Propellerwellendichtung Tor Marine f\u00fcr 60 mm Welle &#8211; Hochpr\u00e4zise und qualitativ hochwertige mechanische Wellenabdichtung aus einer Kombination von 316 Edelstahl<\/p>\n","protected":false},"featured_media":5949668,"comment_status":"open","ping_status":"closed","template":"","meta":[],"product_brand":[2930],"product_cat":[1521],"product_tag":[],"class_list":{"0":"post-5950493","1":"product","2":"type-product","3":"status-publish","4":"has-post-thumbnail","6":"product_brand-exalto-marine-de","7":"product_cat-propellerwellendichtungen","9":"first","10":"instock","11":"shipping-taxable","12":"purchasable","13":"product-type-simple"},"_links":{"self":[{"href":"https:\/\/stoic-curie.212-227-153-4.plesk.page\/de\/wp-json\/wp\/v2\/product\/5950493","targetHints":{"allow":["GET"]}}],"collection":[{"href":"https:\/\/stoic-curie.212-227-153-4.plesk.page\/de\/wp-json\/wp\/v2\/product"}],"about":[{"href":"https:\/\/stoic-curie.212-227-153-4.plesk.page\/de\/wp-json\/wp\/v2\/types\/product"}],"replies":[{"embeddable":true,"href":"https:\/\/stoic-curie.212-227-153-4.plesk.page\/de\/wp-json\/wp\/v2\/comments?post=5950493"}],"version-history":[{"count":0,"href":"https:\/\/stoic-curie.212-227-153-4.plesk.page\/de\/wp-json\/wp\/v2\/product\/5950493\/revisions"}],"wp:featuredmedia":[{"embeddable":true,"href":"https:\/\/stoic-curie.212-227-153-4.plesk.page\/de\/wp-json\/wp\/v2\/media\/5949668"}],"wp:attachment":[{"href":"https:\/\/stoic-curie.212-227-153-4.plesk.page\/de\/wp-json\/wp\/v2\/media?parent=5950493"}],"wp:term":[{"taxonomy":"product_brand","embeddable":true,"href":"https:\/\/stoic-curie.212-227-153-4.plesk.page\/de\/wp-json\/wp\/v2\/product_brand?post=5950493"},{"taxonomy":"product_cat","embeddable":true,"href":"https:\/\/stoic-curie.212-227-153-4.plesk.page\/de\/wp-json\/wp\/v2\/product_cat?post=5950493"},{"taxonomy":"product_tag","embeddable":true,"href":"https:\/\/stoic-curie.212-227-153-4.plesk.page\/de\/wp-json\/wp\/v2\/product_tag?post=5950493"}],"curies":[{"name":"wp","href":"https:\/\/api.w.org\/{rel}","templated":true}]}}