{"id":5950500,"date":"2026-02-24T23:36:13","date_gmt":"2026-02-24T22:36:13","guid":{"rendered":"https:\/\/stoic-curie.212-227-153-4.plesk.page\/product\/adeprene-starker-kontaktkleber-packung-125-ml-dose\/"},"modified":"2026-02-24T23:36:13","modified_gmt":"2026-02-24T22:36:13","slug":"adeprene-starker-kontaktkleber-packung-125-ml-dose","status":"publish","type":"product","link":"https:\/\/stoic-curie.212-227-153-4.plesk.page\/de\/product\/adeprene-starker-kontaktkleber-packung-125-ml-dose\/","title":{"rendered":"Adeprene Starker Kontaktkleber Packung 125 ml Dose"},"content":{"rendered":"<p>Adeprene Starker Kontaktkleber Packung 125 ml Dose &#8211; <\/p>\n<p>Zweikomponenten-Kontaktkleber, der speziell f\u00fcr das Verkleben von Neopren, gef\u00fclltem Gummi, Canvas und Leder entwickelt wurde. Vollst\u00e4ndiges Paket mit Aktivator enthalten.<\/p>\n","protected":false},"excerpt":{"rendered":"<p>Adeprene Starker Kontaktkleber Packung 125 ml Dose &#8211; Zweikomponenten-Kontaktkleber, der speziell f\u00fcr das Verkleben von Neopren, gef\u00fclltem Gummi, Canvas und<\/p>\n","protected":false},"featured_media":5949698,"comment_status":"open","ping_status":"closed","template":"","meta":[],"product_brand":[2870],"product_cat":[1350,1552],"product_tag":[],"class_list":{"0":"post-5950500","1":"product","2":"type-product","3":"status-publish","4":"has-post-thumbnail","6":"product_brand-crc-marine-de","7":"product_cat-klebstoffe-und-dichtungsmassen","8":"product_cat-zubehoer-fuer-schlauchboote","10":"first","11":"instock","12":"shipping-taxable","13":"purchasable","14":"product-type-simple"},"_links":{"self":[{"href":"https:\/\/stoic-curie.212-227-153-4.plesk.page\/de\/wp-json\/wp\/v2\/product\/5950500","targetHints":{"allow":["GET"]}}],"collection":[{"href":"https:\/\/stoic-curie.212-227-153-4.plesk.page\/de\/wp-json\/wp\/v2\/product"}],"about":[{"href":"https:\/\/stoic-curie.212-227-153-4.plesk.page\/de\/wp-json\/wp\/v2\/types\/product"}],"replies":[{"embeddable":true,"href":"https:\/\/stoic-curie.212-227-153-4.plesk.page\/de\/wp-json\/wp\/v2\/comments?post=5950500"}],"version-history":[{"count":0,"href":"https:\/\/stoic-curie.212-227-153-4.plesk.page\/de\/wp-json\/wp\/v2\/product\/5950500\/revisions"}],"wp:featuredmedia":[{"embeddable":true,"href":"https:\/\/stoic-curie.212-227-153-4.plesk.page\/de\/wp-json\/wp\/v2\/media\/5949698"}],"wp:attachment":[{"href":"https:\/\/stoic-curie.212-227-153-4.plesk.page\/de\/wp-json\/wp\/v2\/media?parent=5950500"}],"wp:term":[{"taxonomy":"product_brand","embeddable":true,"href":"https:\/\/stoic-curie.212-227-153-4.plesk.page\/de\/wp-json\/wp\/v2\/product_brand?post=5950500"},{"taxonomy":"product_cat","embeddable":true,"href":"https:\/\/stoic-curie.212-227-153-4.plesk.page\/de\/wp-json\/wp\/v2\/product_cat?post=5950500"},{"taxonomy":"product_tag","embeddable":true,"href":"https:\/\/stoic-curie.212-227-153-4.plesk.page\/de\/wp-json\/wp\/v2\/product_tag?post=5950500"}],"curies":[{"name":"wp","href":"https:\/\/api.w.org\/{rel}","templated":true}]}}