{"id":5950502,"date":"2026-02-24T23:36:15","date_gmt":"2026-02-24T22:36:15","guid":{"rendered":"https:\/\/stoic-curie.212-227-153-4.plesk.page\/product\/tk-bootsreiniger-shampoo-packung-1-l-flasche\/"},"modified":"2026-02-24T23:36:15","modified_gmt":"2026-02-24T22:36:15","slug":"tk-bootsreiniger-shampoo-packung-1-l-flasche","status":"publish","type":"product","link":"https:\/\/stoic-curie.212-227-153-4.plesk.page\/de\/product\/tk-bootsreiniger-shampoo-packung-1-l-flasche\/","title":{"rendered":"TK Bootsreiniger Shampoo Packung 1 L Flasche"},"content":{"rendered":"<p>TK Bootsreiniger Shampoo Packung 1 L Flasche &#8211; <\/p>\n<p>Hochkonzentriertes neutrales Shampoo zur Au\u00dfenreinigung von Booten und f\u00fcr alle Anwendungen im Innenbereich. Es beh\u00e4lt seine Eigenschaften selbst bei Vermischung mit Salzwasser.<\/p>\n","protected":false},"excerpt":{"rendered":"<p>TK Bootsreiniger Shampoo Packung 1 L Flasche &#8211; Hochkonzentriertes neutrales Shampoo zur Au\u00dfenreinigung von Booten und f\u00fcr alle Anwendungen im<\/p>\n","protected":false},"featured_media":5949706,"comment_status":"open","ping_status":"closed","template":"","meta":[],"product_brand":[3400],"product_cat":[1341],"product_tag":[],"class_list":{"0":"post-5950502","1":"product","2":"type-product","3":"status-publish","4":"has-post-thumbnail","6":"product_brand-silpar-tk-de","7":"product_cat-produkte-zur-reinigung","9":"first","10":"instock","11":"shipping-taxable","12":"purchasable","13":"product-type-simple"},"_links":{"self":[{"href":"https:\/\/stoic-curie.212-227-153-4.plesk.page\/de\/wp-json\/wp\/v2\/product\/5950502","targetHints":{"allow":["GET"]}}],"collection":[{"href":"https:\/\/stoic-curie.212-227-153-4.plesk.page\/de\/wp-json\/wp\/v2\/product"}],"about":[{"href":"https:\/\/stoic-curie.212-227-153-4.plesk.page\/de\/wp-json\/wp\/v2\/types\/product"}],"replies":[{"embeddable":true,"href":"https:\/\/stoic-curie.212-227-153-4.plesk.page\/de\/wp-json\/wp\/v2\/comments?post=5950502"}],"version-history":[{"count":0,"href":"https:\/\/stoic-curie.212-227-153-4.plesk.page\/de\/wp-json\/wp\/v2\/product\/5950502\/revisions"}],"wp:featuredmedia":[{"embeddable":true,"href":"https:\/\/stoic-curie.212-227-153-4.plesk.page\/de\/wp-json\/wp\/v2\/media\/5949706"}],"wp:attachment":[{"href":"https:\/\/stoic-curie.212-227-153-4.plesk.page\/de\/wp-json\/wp\/v2\/media?parent=5950502"}],"wp:term":[{"taxonomy":"product_brand","embeddable":true,"href":"https:\/\/stoic-curie.212-227-153-4.plesk.page\/de\/wp-json\/wp\/v2\/product_brand?post=5950502"},{"taxonomy":"product_cat","embeddable":true,"href":"https:\/\/stoic-curie.212-227-153-4.plesk.page\/de\/wp-json\/wp\/v2\/product_cat?post=5950502"},{"taxonomy":"product_tag","embeddable":true,"href":"https:\/\/stoic-curie.212-227-153-4.plesk.page\/de\/wp-json\/wp\/v2\/product_tag?post=5950502"}],"curies":[{"name":"wp","href":"https:\/\/api.w.org\/{rel}","templated":true}]}}