{"id":5950505,"date":"2026-02-24T23:36:17","date_gmt":"2026-02-24T22:36:17","guid":{"rendered":"https:\/\/stoic-curie.212-227-153-4.plesk.page\/product\/blauer-bananen-schwimmender-schluesselanhaenger\/"},"modified":"2026-02-24T23:36:17","modified_gmt":"2026-02-24T22:36:17","slug":"blauer-bananen-schwimmender-schluesselanhaenger","status":"publish","type":"product","link":"https:\/\/stoic-curie.212-227-153-4.plesk.page\/de\/product\/blauer-bananen-schwimmender-schluesselanhaenger\/","title":{"rendered":"Blauer Bananen Schwimmender Schl\u00fcsselanh\u00e4nger"},"content":{"rendered":"<p>Blauer Bananen Schwimmender Schl\u00fcsselanh\u00e4nger &#8211; <\/p>\n<p>Weiche PVC Schl\u00fcsselanh\u00e4nger in lustiger &#8216;Bananen&#8217;-Form.<\/p>\n","protected":false},"excerpt":{"rendered":"<p>Blauer Bananen Schwimmender Schl\u00fcsselanh\u00e4nger &#8211; Weiche PVC Schl\u00fcsselanh\u00e4nger in lustiger &#8216;Bananen&#8217;-Form.<\/p>\n","protected":false},"featured_media":5949715,"comment_status":"open","ping_status":"closed","template":"","meta":[],"product_brand":[3205],"product_cat":[1566],"product_tag":[],"class_list":{"0":"post-5950505","1":"product","2":"type-product","3":"status-publish","4":"has-post-thumbnail","6":"product_brand-nova-argonautica-de","7":"product_cat-nautische-schluesselanhaenger","9":"first","10":"instock","11":"shipping-taxable","12":"purchasable","13":"product-type-simple"},"_links":{"self":[{"href":"https:\/\/stoic-curie.212-227-153-4.plesk.page\/de\/wp-json\/wp\/v2\/product\/5950505","targetHints":{"allow":["GET"]}}],"collection":[{"href":"https:\/\/stoic-curie.212-227-153-4.plesk.page\/de\/wp-json\/wp\/v2\/product"}],"about":[{"href":"https:\/\/stoic-curie.212-227-153-4.plesk.page\/de\/wp-json\/wp\/v2\/types\/product"}],"replies":[{"embeddable":true,"href":"https:\/\/stoic-curie.212-227-153-4.plesk.page\/de\/wp-json\/wp\/v2\/comments?post=5950505"}],"version-history":[{"count":0,"href":"https:\/\/stoic-curie.212-227-153-4.plesk.page\/de\/wp-json\/wp\/v2\/product\/5950505\/revisions"}],"wp:featuredmedia":[{"embeddable":true,"href":"https:\/\/stoic-curie.212-227-153-4.plesk.page\/de\/wp-json\/wp\/v2\/media\/5949715"}],"wp:attachment":[{"href":"https:\/\/stoic-curie.212-227-153-4.plesk.page\/de\/wp-json\/wp\/v2\/media?parent=5950505"}],"wp:term":[{"taxonomy":"product_brand","embeddable":true,"href":"https:\/\/stoic-curie.212-227-153-4.plesk.page\/de\/wp-json\/wp\/v2\/product_brand?post=5950505"},{"taxonomy":"product_cat","embeddable":true,"href":"https:\/\/stoic-curie.212-227-153-4.plesk.page\/de\/wp-json\/wp\/v2\/product_cat?post=5950505"},{"taxonomy":"product_tag","embeddable":true,"href":"https:\/\/stoic-curie.212-227-153-4.plesk.page\/de\/wp-json\/wp\/v2\/product_tag?post=5950505"}],"curies":[{"name":"wp","href":"https:\/\/api.w.org\/{rel}","templated":true}]}}