{"id":5950506,"date":"2026-02-24T23:36:17","date_gmt":"2026-02-24T22:36:17","guid":{"rendered":"https:\/\/stoic-curie.212-227-153-4.plesk.page\/product\/schwimmender-schluesselanhaenger-banane-rot\/"},"modified":"2026-02-24T23:36:17","modified_gmt":"2026-02-24T22:36:17","slug":"schwimmender-schluesselanhaenger-banane-rot","status":"publish","type":"product","link":"https:\/\/stoic-curie.212-227-153-4.plesk.page\/de\/product\/schwimmender-schluesselanhaenger-banane-rot\/","title":{"rendered":"Schwimmender Schl\u00fcsselanh\u00e4nger &#8216;Banane&#8217; &#8211; Rot"},"content":{"rendered":"<p>Schwimmender Schl\u00fcsselanh\u00e4nger &#8216;Banane&#8217; &#8211; Rot &#8211; <\/p>\n<p>&#8216;Banane&#8217; weiche PVC-Schwimmerschl\u00fcsselanh\u00e4nger.<\/p>\n","protected":false},"excerpt":{"rendered":"<p>Schwimmender Schl\u00fcsselanh\u00e4nger &#8216;Banane&#8217; &#8211; Rot &#8211; &#8216;Banane&#8217; weiche PVC-Schwimmerschl\u00fcsselanh\u00e4nger.<\/p>\n","protected":false},"featured_media":5949717,"comment_status":"open","ping_status":"closed","template":"","meta":[],"product_brand":[3205],"product_cat":[1566],"product_tag":[],"class_list":{"0":"post-5950506","1":"product","2":"type-product","3":"status-publish","4":"has-post-thumbnail","6":"product_brand-nova-argonautica-de","7":"product_cat-nautische-schluesselanhaenger","9":"first","10":"instock","11":"shipping-taxable","12":"purchasable","13":"product-type-simple"},"_links":{"self":[{"href":"https:\/\/stoic-curie.212-227-153-4.plesk.page\/de\/wp-json\/wp\/v2\/product\/5950506","targetHints":{"allow":["GET"]}}],"collection":[{"href":"https:\/\/stoic-curie.212-227-153-4.plesk.page\/de\/wp-json\/wp\/v2\/product"}],"about":[{"href":"https:\/\/stoic-curie.212-227-153-4.plesk.page\/de\/wp-json\/wp\/v2\/types\/product"}],"replies":[{"embeddable":true,"href":"https:\/\/stoic-curie.212-227-153-4.plesk.page\/de\/wp-json\/wp\/v2\/comments?post=5950506"}],"version-history":[{"count":0,"href":"https:\/\/stoic-curie.212-227-153-4.plesk.page\/de\/wp-json\/wp\/v2\/product\/5950506\/revisions"}],"wp:featuredmedia":[{"embeddable":true,"href":"https:\/\/stoic-curie.212-227-153-4.plesk.page\/de\/wp-json\/wp\/v2\/media\/5949717"}],"wp:attachment":[{"href":"https:\/\/stoic-curie.212-227-153-4.plesk.page\/de\/wp-json\/wp\/v2\/media?parent=5950506"}],"wp:term":[{"taxonomy":"product_brand","embeddable":true,"href":"https:\/\/stoic-curie.212-227-153-4.plesk.page\/de\/wp-json\/wp\/v2\/product_brand?post=5950506"},{"taxonomy":"product_cat","embeddable":true,"href":"https:\/\/stoic-curie.212-227-153-4.plesk.page\/de\/wp-json\/wp\/v2\/product_cat?post=5950506"},{"taxonomy":"product_tag","embeddable":true,"href":"https:\/\/stoic-curie.212-227-153-4.plesk.page\/de\/wp-json\/wp\/v2\/product_tag?post=5950506"}],"curies":[{"name":"wp","href":"https:\/\/api.w.org\/{rel}","templated":true}]}}