{"id":732466,"date":"2025-03-03T16:15:49","date_gmt":"2025-03-03T15:15:49","guid":{"rendered":"https:\/\/stoic-curie.212-227-153-4.plesk.page\/producto\/steuermorse-teleflex-mt3-twin\/"},"modified":"2026-02-24T23:34:30","modified_gmt":"2026-02-24T23:34:30","slug":"steuermorse-teleflex-mt3-twin","status":"publish","type":"product","link":"https:\/\/stoic-curie.212-227-153-4.plesk.page\/de\/product\/steuermorse-teleflex-mt3-twin\/","title":{"rendered":"Steuermorse Teleflex MT3 Twin"},"content":{"rendered":"<p>Steuermorse Teleflex MT3 Twin &#8211; <\/p>\n<p>Doppeltaktionssteuerung f\u00fcr Schub- und Gangwechsel bei innenliegenden und Heckantriebsmotoren. Verchromter Edelstahlhebel und -geh\u00e4use, Oberfl\u00e4chenmontage. Verwendet C2 \/ C8 \/ C33 \/ MACHZero Steuerkabel.<\/p>\n","protected":false},"excerpt":{"rendered":"<p>Steuermorse Teleflex MT3 Twin &#8211; Doppeltaktionssteuerung f\u00fcr Schub- und Gangwechsel bei innenliegenden und Heckantriebsmotoren. Verchromter Edelstahlhebel und -geh\u00e4use, Oberfl\u00e4chenmontage. Verwendet<\/p>\n","protected":false},"featured_media":5935629,"comment_status":"open","ping_status":"closed","template":"","meta":[],"product_brand":[3360],"product_cat":[1504],"product_tag":[],"class_list":{"0":"post-732466","1":"product","2":"type-product","3":"status-publish","4":"has-post-thumbnail","6":"product_brand-seastar-teleflex-de","7":"product_cat-morse-hebelsteuerungen","9":"first","10":"instock","11":"shipping-taxable","12":"purchasable","13":"product-type-simple"},"_links":{"self":[{"href":"https:\/\/stoic-curie.212-227-153-4.plesk.page\/de\/wp-json\/wp\/v2\/product\/732466","targetHints":{"allow":["GET"]}}],"collection":[{"href":"https:\/\/stoic-curie.212-227-153-4.plesk.page\/de\/wp-json\/wp\/v2\/product"}],"about":[{"href":"https:\/\/stoic-curie.212-227-153-4.plesk.page\/de\/wp-json\/wp\/v2\/types\/product"}],"replies":[{"embeddable":true,"href":"https:\/\/stoic-curie.212-227-153-4.plesk.page\/de\/wp-json\/wp\/v2\/comments?post=732466"}],"version-history":[{"count":0,"href":"https:\/\/stoic-curie.212-227-153-4.plesk.page\/de\/wp-json\/wp\/v2\/product\/732466\/revisions"}],"wp:featuredmedia":[{"embeddable":true,"href":"https:\/\/stoic-curie.212-227-153-4.plesk.page\/de\/wp-json\/wp\/v2\/media\/5935629"}],"wp:attachment":[{"href":"https:\/\/stoic-curie.212-227-153-4.plesk.page\/de\/wp-json\/wp\/v2\/media?parent=732466"}],"wp:term":[{"taxonomy":"product_brand","embeddable":true,"href":"https:\/\/stoic-curie.212-227-153-4.plesk.page\/de\/wp-json\/wp\/v2\/product_brand?post=732466"},{"taxonomy":"product_cat","embeddable":true,"href":"https:\/\/stoic-curie.212-227-153-4.plesk.page\/de\/wp-json\/wp\/v2\/product_cat?post=732466"},{"taxonomy":"product_tag","embeddable":true,"href":"https:\/\/stoic-curie.212-227-153-4.plesk.page\/de\/wp-json\/wp\/v2\/product_tag?post=732466"}],"curies":[{"name":"wp","href":"https:\/\/api.w.org\/{rel}","templated":true}]}}