{"id":732468,"date":"2025-03-03T16:15:49","date_gmt":"2025-03-03T15:15:49","guid":{"rendered":"https:\/\/stoic-curie.212-227-153-4.plesk.page\/producto\/hydrauliklenzpumpe-ultraflex-up33f-svs\/"},"modified":"2026-02-24T23:34:30","modified_gmt":"2026-02-24T23:34:30","slug":"hydrauliklenzpumpe-ultraflex-up33f-svs","status":"publish","type":"product","link":"https:\/\/stoic-curie.212-227-153-4.plesk.page\/de\/product\/hydrauliklenzpumpe-ultraflex-up33f-svs\/","title":{"rendered":"Hydrauliklenzpumpe Ultraflex UP33F-SVS"},"content":{"rendered":"<p>Hydrauliklenzpumpe Ultraflex UP33F-SVS &#8211; <\/p>\n<p><strong>UP33F-SVS 42475 N Hydraulische Steuerhebel &#8211; 1500 PSI, 2.0 CU IN<\/strong><\/p>\n<ul>\n<li>Verf\u00fcgt \u00fcber ein integriertes Verriegelungsventil f\u00fcr eine sichere Ruderverriegelung<\/li>\n<li>Inklusive eines integrierten \u00dcberdruckventils zur Vermeidung von \u00dcberdruck<\/li>\n<li>Ausgestattet mit einer 3\/4\u2033 konischen Edelstahlwelle f\u00fcr zus\u00e4tzliche St\u00e4rke<\/li>\n<li>Verriegelungsventil und Wellenabdichtung sind leicht zug\u00e4nglich f\u00fcr einen einfachen Austausch<\/li>\n<li>Enth\u00e4lt 90\u00b0 verstellbare Anschlussst\u00fccke, die f\u00fcr 3\/8\u201d Schl\u00e4uche geeignet sind<\/li>\n<li>Ausgestattet mit einem Kugellagerkolbenlauf f\u00fcr reibungslose Funktionalit\u00e4t<\/li>\n<li>Hergestellt mit einem Gusseisenrotor f\u00fcr verbesserte Haltbarkeit und verl\u00e4ngerte Lebensdauer<\/li>\n<li>Kompatibel mit X64 quadratischem Flansch oder X57 rundem Flansch zur Installation an mittleren Armaturenbrettstandorten<\/li>\n<li>Neigemechanismus: X72 Neigungsbereich von 60\u00b0 mit f\u00fcnf Verriegelungspositionen<\/li>\n<\/ul>\n<p><strong>Technische Daten:<\/strong><\/p>\n<ul>\n<li>Montageart: Vorderer Einbau<\/li>\n<li>Hubraum pro Umdrehung: 33 cc &#8211; 2.0 cu.in<\/li>\n<li>Anzahl der Kolben: 7<\/li>\n<li>Einstellwert des Sicherheitsventils: 70 Bar &#8211; 1000 PSI<\/li>\n<li>Maxim Durchmesser des Rades: 710 mm (28&#8243;)<\/li>\n<li>Gewicht: 5 kg (11 lbs)<\/li>\n<\/ul>\n<p>Der SilverSteer\u2122 ist speziell f\u00fcr Hochleistungs- und Hochdrehmomentanwendungen ausgelegt. Er verf\u00fcgt \u00fcber einen 1500 PSI Helm und ein Schl\u00fcsselhorn an dem Zylinder, was au\u00dfergew\u00f6hnliche Haltbarkeit und minimierte Bewegungsverluste gew\u00e4hrleistet. Egal, ob Sie ein Bassboot, ein Flachboot oder ein Turnier-f\u00e4higes Hochseefischereiboot besitzen, der SilverSteer\u2122 bietet eine reibungslose, reaktionsschnelle und pr\u00e4zise Lenkung.<\/p>\n<p>Die verstellbaren Boss-Stil-Anschlussst\u00fccke erm\u00f6glichen eine pr\u00e4zise Schlauchf\u00fchrung, was die Wahrscheinlichkeit verringert, dass Anschlussst\u00fccke durch \u00dcberdrehen brechen oder w\u00e4hrend der Installation undicht werden &#8211; h\u00e4ufige Probleme, die bei konkurrierenden Zylindern auftreten.<\/p>\n<p><strong>Hauptmerkmale:<\/strong><\/p>\n<ul>\n<li>Kugellagerkolbenlauf und 3\/4&#8243; konische Edelstahlwelle<\/li>\n<li>Integriertes Verriegelungsventil f\u00fcr sichere Ruderverriegelung<\/li>\n<li>Integriertes \u00dcberdruckventil zum Schutz vor \u00dcberdruck<\/li>\n<li>Leicht zug\u00e4ngliches Verriegelungsventil und Wellenabdichtung f\u00fcr den Austausch<\/li>\n<li>Gusseisenrotor f\u00fcr verbesserte Haltbarkeit und Langlebigkeit<\/li>\n<li>1\/4&#8243; NPT Anschluss f\u00fcr 3\/8&#8243; Schlauch<\/li>\n<li>Komplette Lieferung mit Winkelanschl\u00fcssen<\/li>\n<li>Maximaler Durchmesser des Rades: 28&#8243;<\/li>\n<li>Hubraum: 2.0 in\u00b3 f\u00fcr Modell UP33F<\/li>\n<\/ul>\n","protected":false},"excerpt":{"rendered":"<p>Hydrauliklenzpumpe Ultraflex UP33F-SVS &#8211; UP33F-SVS 42475 N Hydraulische Steuerhebel &#8211; 1500 PSI, 2.0 CU IN Verf\u00fcgt \u00fcber ein integriertes Verriegelungsventil<\/p>\n","protected":false},"featured_media":5935634,"comment_status":"open","ping_status":"closed","template":"","meta":[],"product_brand":[3500],"product_cat":[1536],"product_tag":[],"class_list":{"0":"post-732468","1":"product","2":"type-product","3":"status-publish","4":"has-post-thumbnail","6":"product_brand-ultraflex-uflex-de","7":"product_cat-hydraulische-lenkung","9":"first","10":"instock","11":"shipping-taxable","12":"purchasable","13":"product-type-simple"},"_links":{"self":[{"href":"https:\/\/stoic-curie.212-227-153-4.plesk.page\/de\/wp-json\/wp\/v2\/product\/732468","targetHints":{"allow":["GET"]}}],"collection":[{"href":"https:\/\/stoic-curie.212-227-153-4.plesk.page\/de\/wp-json\/wp\/v2\/product"}],"about":[{"href":"https:\/\/stoic-curie.212-227-153-4.plesk.page\/de\/wp-json\/wp\/v2\/types\/product"}],"replies":[{"embeddable":true,"href":"https:\/\/stoic-curie.212-227-153-4.plesk.page\/de\/wp-json\/wp\/v2\/comments?post=732468"}],"version-history":[{"count":0,"href":"https:\/\/stoic-curie.212-227-153-4.plesk.page\/de\/wp-json\/wp\/v2\/product\/732468\/revisions"}],"wp:featuredmedia":[{"embeddable":true,"href":"https:\/\/stoic-curie.212-227-153-4.plesk.page\/de\/wp-json\/wp\/v2\/media\/5935634"}],"wp:attachment":[{"href":"https:\/\/stoic-curie.212-227-153-4.plesk.page\/de\/wp-json\/wp\/v2\/media?parent=732468"}],"wp:term":[{"taxonomy":"product_brand","embeddable":true,"href":"https:\/\/stoic-curie.212-227-153-4.plesk.page\/de\/wp-json\/wp\/v2\/product_brand?post=732468"},{"taxonomy":"product_cat","embeddable":true,"href":"https:\/\/stoic-curie.212-227-153-4.plesk.page\/de\/wp-json\/wp\/v2\/product_cat?post=732468"},{"taxonomy":"product_tag","embeddable":true,"href":"https:\/\/stoic-curie.212-227-153-4.plesk.page\/de\/wp-json\/wp\/v2\/product_tag?post=732468"}],"curies":[{"name":"wp","href":"https:\/\/api.w.org\/{rel}","templated":true}]}}