{"id":732472,"date":"2025-03-03T16:15:50","date_gmt":"2025-03-03T15:15:50","guid":{"rendered":"https:\/\/stoic-curie.212-227-153-4.plesk.page\/producto\/relais-24v-fuer-springlifts\/"},"modified":"2026-02-24T23:34:30","modified_gmt":"2026-02-24T23:34:30","slug":"relais-24v-fuer-springlifts","status":"publish","type":"product","link":"https:\/\/stoic-curie.212-227-153-4.plesk.page\/de\/product\/relais-24v-fuer-springlifts\/","title":{"rendered":"Relais 24V f\u00fcr Springlifts"},"content":{"rendered":"<p>Relais 24V f\u00fcr Springlifts &#8211; <\/p>\n<p>Leichte lineare elektrische Klappenlifte f\u00fcr die Einzelmontage. Entwickelt zum \u00d6ffnen &#8211; sogar halb ge\u00f6ffnet &#8211; von Deckszugangsblechen und Maschinenraummt\u00fcren. IP65 wasserdicht mit einem Edelstahlwelle. Maximale Last 120 kg.<\/p>\n","protected":false},"excerpt":{"rendered":"<p>Relais 24V f\u00fcr Springlifts &#8211; Leichte lineare elektrische Klappenlifte f\u00fcr die Einzelmontage. Entwickelt zum \u00d6ffnen &#8211; sogar halb ge\u00f6ffnet &#8211;<\/p>\n","protected":false},"featured_media":5935644,"comment_status":"open","ping_status":"closed","template":"","meta":[],"product_brand":[3500],"product_cat":[1401],"product_tag":[],"class_list":{"0":"post-732472","1":"product","2":"type-product","3":"status-publish","4":"has-post-thumbnail","6":"product_brand-ultraflex-uflex-de","7":"product_cat-gasdruckfedern-fuer-luken","9":"first","10":"instock","11":"shipping-taxable","12":"purchasable","13":"product-type-simple"},"_links":{"self":[{"href":"https:\/\/stoic-curie.212-227-153-4.plesk.page\/de\/wp-json\/wp\/v2\/product\/732472","targetHints":{"allow":["GET"]}}],"collection":[{"href":"https:\/\/stoic-curie.212-227-153-4.plesk.page\/de\/wp-json\/wp\/v2\/product"}],"about":[{"href":"https:\/\/stoic-curie.212-227-153-4.plesk.page\/de\/wp-json\/wp\/v2\/types\/product"}],"replies":[{"embeddable":true,"href":"https:\/\/stoic-curie.212-227-153-4.plesk.page\/de\/wp-json\/wp\/v2\/comments?post=732472"}],"version-history":[{"count":0,"href":"https:\/\/stoic-curie.212-227-153-4.plesk.page\/de\/wp-json\/wp\/v2\/product\/732472\/revisions"}],"wp:featuredmedia":[{"embeddable":true,"href":"https:\/\/stoic-curie.212-227-153-4.plesk.page\/de\/wp-json\/wp\/v2\/media\/5935644"}],"wp:attachment":[{"href":"https:\/\/stoic-curie.212-227-153-4.plesk.page\/de\/wp-json\/wp\/v2\/media?parent=732472"}],"wp:term":[{"taxonomy":"product_brand","embeddable":true,"href":"https:\/\/stoic-curie.212-227-153-4.plesk.page\/de\/wp-json\/wp\/v2\/product_brand?post=732472"},{"taxonomy":"product_cat","embeddable":true,"href":"https:\/\/stoic-curie.212-227-153-4.plesk.page\/de\/wp-json\/wp\/v2\/product_cat?post=732472"},{"taxonomy":"product_tag","embeddable":true,"href":"https:\/\/stoic-curie.212-227-153-4.plesk.page\/de\/wp-json\/wp\/v2\/product_tag?post=732472"}],"curies":[{"name":"wp","href":"https:\/\/api.w.org\/{rel}","templated":true}]}}