{"id":732477,"date":"2025-03-03T16:15:51","date_gmt":"2025-03-03T15:15:51","guid":{"rendered":"https:\/\/stoic-curie.212-227-153-4.plesk.page\/producto\/rettungsring-solas-zugelassen-75cm\/"},"modified":"2026-02-24T23:34:30","modified_gmt":"2026-02-24T23:34:30","slug":"rettungsring-solas-zugelassen-75cm","status":"publish","type":"product","link":"https:\/\/stoic-curie.212-227-153-4.plesk.page\/de\/product\/rettungsring-solas-zugelassen-75cm\/","title":{"rendered":"Rettungsring SOLAS-zugelassen 75cm"},"content":{"rendered":"<p>Rettungsring SOLAS-zugelassen 75cm &#8211; Lebensring R.i.n.a. (0474)n. Ecc 42499 genehmigt. Solas 74\/83-e.c. 96\/98 &#8211; M.e.d. &#8211; Dm Nr. 385. Med 96\/98\/ec, Imo Res. Msc 81(70) Solas 74 mit retro-reflektierenden B\u00e4ndern, Polyurethan-Au\u00dfenstruktur, gef\u00fcllt mit Polyurethanschaum. Abmessungen: \u00d8 au\u00dfen ca. 72 cm, \u00d8 innen ca. 43,5 cm, Gewicht ca. 2,5 kg.<\/p>\n","protected":false},"excerpt":{"rendered":"<p>Rettungsring SOLAS-zugelassen 75cm &#8211; Lebensring R.i.n.a. (0474)n. Ecc 42499 genehmigt. Solas 74\/83-e.c. 96\/98 &#8211; M.e.d. &#8211; Dm Nr. 385. Med<\/p>\n","protected":false},"featured_media":5935687,"comment_status":"open","ping_status":"closed","template":"","meta":[],"product_brand":[2855],"product_cat":[1317],"product_tag":[],"class_list":{"0":"post-732477","1":"product","2":"type-product","3":"status-publish","4":"has-post-thumbnail","6":"product_brand-can-marine-de","7":"product_cat-rettungsring-und-rettungsleinen","9":"first","10":"instock","11":"shipping-taxable","12":"purchasable","13":"product-type-simple"},"_links":{"self":[{"href":"https:\/\/stoic-curie.212-227-153-4.plesk.page\/de\/wp-json\/wp\/v2\/product\/732477","targetHints":{"allow":["GET"]}}],"collection":[{"href":"https:\/\/stoic-curie.212-227-153-4.plesk.page\/de\/wp-json\/wp\/v2\/product"}],"about":[{"href":"https:\/\/stoic-curie.212-227-153-4.plesk.page\/de\/wp-json\/wp\/v2\/types\/product"}],"replies":[{"embeddable":true,"href":"https:\/\/stoic-curie.212-227-153-4.plesk.page\/de\/wp-json\/wp\/v2\/comments?post=732477"}],"version-history":[{"count":0,"href":"https:\/\/stoic-curie.212-227-153-4.plesk.page\/de\/wp-json\/wp\/v2\/product\/732477\/revisions"}],"wp:featuredmedia":[{"embeddable":true,"href":"https:\/\/stoic-curie.212-227-153-4.plesk.page\/de\/wp-json\/wp\/v2\/media\/5935687"}],"wp:attachment":[{"href":"https:\/\/stoic-curie.212-227-153-4.plesk.page\/de\/wp-json\/wp\/v2\/media?parent=732477"}],"wp:term":[{"taxonomy":"product_brand","embeddable":true,"href":"https:\/\/stoic-curie.212-227-153-4.plesk.page\/de\/wp-json\/wp\/v2\/product_brand?post=732477"},{"taxonomy":"product_cat","embeddable":true,"href":"https:\/\/stoic-curie.212-227-153-4.plesk.page\/de\/wp-json\/wp\/v2\/product_cat?post=732477"},{"taxonomy":"product_tag","embeddable":true,"href":"https:\/\/stoic-curie.212-227-153-4.plesk.page\/de\/wp-json\/wp\/v2\/product_tag?post=732477"}],"curies":[{"name":"wp","href":"https:\/\/api.w.org\/{rel}","templated":true}]}}