{"id":732486,"date":"2025-03-03T16:15:53","date_gmt":"2025-03-03T15:15:53","guid":{"rendered":"https:\/\/stoic-curie.212-227-153-4.plesk.page\/producto\/sport-schwimmweste-jet-pro-55n-40-70kg\/"},"modified":"2026-02-24T23:34:30","modified_gmt":"2026-02-24T23:34:30","slug":"sport-schwimmweste-jet-pro-55n-40-70kg","status":"publish","type":"product","link":"https:\/\/stoic-curie.212-227-153-4.plesk.page\/de\/product\/sport-schwimmweste-jet-pro-55n-40-70kg\/","title":{"rendered":"Sport-Schwimmweste Jet-Pro 55N 40-70kg"},"content":{"rendered":"<p>Sport-Schwimmweste Jet-Pro 55N 40-70kg &#8211; <\/p>\n<p>Die Jet-Pro ISO EN12402-5 genehmigte 50N Schwimmhilfe-Jacke eignet sich ideal f\u00fcr aktive Wassersportarten wie Wasserski und Jetski. Sie verf\u00fcgt \u00fcber gepolsterte R\u00fcckenschutz- und Seitenprotektoren sowie ein verstellsystem mit 4 Riemen und Schnellverschluss. 50N &#8211; Schwimm- und Auftriebshilfe. Dies ist keine Schwimmweste. F\u00fcr regelm\u00e4\u00dfige Schwimmer. Nur in K\u00fcstenn\u00e4he verwenden.<\/p>\n","protected":false},"excerpt":{"rendered":"<p>Sport-Schwimmweste Jet-Pro 55N 40-70kg &#8211; Die Jet-Pro ISO EN12402-5 genehmigte 50N Schwimmhilfe-Jacke eignet sich ideal f\u00fcr aktive Wassersportarten wie Wasserski<\/p>\n","protected":false},"featured_media":5935781,"comment_status":"open","ping_status":"closed","template":"","meta":[],"product_brand":[2193,3515],"product_cat":[1316,1555],"product_tag":[],"class_list":{"0":"post-732486","1":"product","2":"type-product","3":"status-publish","4":"has-post-thumbnail","6":"product_brand-veleria-san-giorgio","7":"product_brand-veleria-san-giorgio-de","8":"product_cat-auftriebshilfen","9":"product_cat-rettungswesten-fuer-wassersport","11":"first","12":"instock","13":"shipping-taxable","14":"purchasable","15":"product-type-simple"},"_links":{"self":[{"href":"https:\/\/stoic-curie.212-227-153-4.plesk.page\/de\/wp-json\/wp\/v2\/product\/732486","targetHints":{"allow":["GET"]}}],"collection":[{"href":"https:\/\/stoic-curie.212-227-153-4.plesk.page\/de\/wp-json\/wp\/v2\/product"}],"about":[{"href":"https:\/\/stoic-curie.212-227-153-4.plesk.page\/de\/wp-json\/wp\/v2\/types\/product"}],"replies":[{"embeddable":true,"href":"https:\/\/stoic-curie.212-227-153-4.plesk.page\/de\/wp-json\/wp\/v2\/comments?post=732486"}],"version-history":[{"count":0,"href":"https:\/\/stoic-curie.212-227-153-4.plesk.page\/de\/wp-json\/wp\/v2\/product\/732486\/revisions"}],"wp:featuredmedia":[{"embeddable":true,"href":"https:\/\/stoic-curie.212-227-153-4.plesk.page\/de\/wp-json\/wp\/v2\/media\/5935781"}],"wp:attachment":[{"href":"https:\/\/stoic-curie.212-227-153-4.plesk.page\/de\/wp-json\/wp\/v2\/media?parent=732486"}],"wp:term":[{"taxonomy":"product_brand","embeddable":true,"href":"https:\/\/stoic-curie.212-227-153-4.plesk.page\/de\/wp-json\/wp\/v2\/product_brand?post=732486"},{"taxonomy":"product_cat","embeddable":true,"href":"https:\/\/stoic-curie.212-227-153-4.plesk.page\/de\/wp-json\/wp\/v2\/product_cat?post=732486"},{"taxonomy":"product_tag","embeddable":true,"href":"https:\/\/stoic-curie.212-227-153-4.plesk.page\/de\/wp-json\/wp\/v2\/product_tag?post=732486"}],"curies":[{"name":"wp","href":"https:\/\/api.w.org\/{rel}","templated":true}]}}