{"id":732504,"date":"2025-03-03T16:15:56","date_gmt":"2025-03-03T15:15:56","guid":{"rendered":"https:\/\/stoic-curie.212-227-153-4.plesk.page\/producto\/tragbarer-kuehlschrank-und-gefrierschrank-vitrifrigo-c65l-12-24v-65-l\/"},"modified":"2026-02-24T23:34:35","modified_gmt":"2026-02-24T23:34:35","slug":"tragbarer-kuehlschrank-und-gefrierschrank-vitrifrigo-c65l-12-24v-65-l","status":"publish","type":"product","link":"https:\/\/stoic-curie.212-227-153-4.plesk.page\/de\/product\/tragbarer-kuehlschrank-und-gefrierschrank-vitrifrigo-c65l-12-24v-65-l\/","title":{"rendered":"Tragbarer K\u00fchlschrank Vitrifrigo C65L"},"content":{"rendered":"<p>Tragbarer K\u00fchlschrank Vitrifrigo C65L &#8211; <\/p>\n<p style=\"color: rgb(34, 34, 34); font-family: Arial, Helvetica, sans-serif; font-size: small;\"><strong>Portabler K\u00fchlschrank\/ Tiefk\u00fchler mit Dualspannung 12\/24V Danfoss-K\u00fchlsystem<\/strong><\/p>\n<p style=\"color: rgb(34, 34, 34); font-family: Arial, Helvetica, sans-serif; font-size: small;\">Der VITRIFRIGO C65L ist ein multifunktionaler tragbarer K\u00fchlschrank-Tiefk\u00fchler, der mit einem Dualspannungs-Danfoss-K\u00fchlsystem ausgestattet ist. Sie k\u00f6nnen die Innentemperatur bequem von +10\u00b0C bis -20\u00b0C einstellen. Dieses Ger\u00e4t ist sowohl f\u00fcr mobile als auch f\u00fcr station\u00e4re Anwendungen konzipiert und somit ideal f\u00fcr verschiedene Umgebungen, einschlie\u00dflich kompakter Bereiche und festgelegter F\u00e4cher.<\/p>\n<p style=\"color: rgb(34, 34, 34); font-family: Arial, Helvetica, sans-serif; font-size: small;\">Hergestellt aus hochfestem Polyethylen durch ein Rotationsgussverfahren, sind diese K\u00fchlschr\u00e4nke sowohl robust als auch langlebig. Diese Konstruktionsmethode gew\u00e4hrleistet strukturelle Festigkeit, die es ihnen erm\u00f6glicht, den Anforderungen anspruchsvoller Umgebungen standzuhalten.<\/p>\n<p style=\"color: rgb(34, 34, 34); font-family: Arial, Helvetica, sans-serif; font-size: small;\">Die VITRIFRIGO C65L-Serie bietet die M\u00f6glichkeit, individuelle K\u00fchlabschnitte zu erstellen, die auf Ihre speziellen Anforderungen zugeschnitten sind. Mit Funktionen wie einem herausnehmbaren Beh\u00e4lter und einer Schiebet\u00fcr k\u00f6nnen Sie den verf\u00fcgbaren Platz maximieren und gleichzeitig eine ausreichende Innenkapazit\u00e4t gew\u00e4hrleisten.<\/p>\n<p style=\"color: rgb(34, 34, 34); font-family: Arial, Helvetica, sans-serif; font-size: small;\">Der digitale LED-Thermostat erm\u00f6glicht eine pr\u00e4zise Temperaturregelung, sodass es einfach ist, die optimalen Lagerbedingungen f\u00fcr Ihre Lebensmittel und Getr\u00e4nke festzulegen. Die blauen LED-Leuchten bieten eine schnelle und klare visuelle Darstellung des Status des Ger\u00e4ts. Mit der Einf\u00fchrung der neuen VITRIFRIGO C65L-Option erweitert sich die Auswahl an K\u00fchlschr\u00e4nken und bietet noch mehr Alternativen zur Erf\u00fcllung Ihrer Bed\u00fcrfnisse.<\/p>\n<p style=\"color: rgb(34, 34, 34); font-family: Arial, Helvetica, sans-serif; font-size: small;\">Die Standard-LED-Beleuchtung minimiert nicht nur den Energieverbrauch, sondern sorgt auch f\u00fcr eine gleichm\u00e4\u00dfige Beleuchtung im Inneren des K\u00fchlschranks, was das Auffinden gelagerter Gegenst\u00e4nde erleichtert. Die Standardgriffe erleichtern den Transport, w\u00e4hrend der interne Korb die Organisation Ihrer gelagerten Produkte verbessert. Die Einf\u00fchrung der VITRIFRIGO C65L-Option erh\u00f6ht zus\u00e4tzlich die Vielfalt der verf\u00fcgbaren K\u00fchlschrank-Tiefk\u00fchler und steigert die Flexibilit\u00e4t zur Erf\u00fcllung Ihrer Anforderungen.<\/p>\n<p style=\"color: rgb(34, 34, 34); font-family: Arial, Helvetica, sans-serif; font-size: small;\">Eine zus\u00e4tzliche Funktion, die D-Stromoption, umfasst eine Dual-Steuereinheit, die mit verschiedenen Stromquellen kompatibel ist und die Vielseitigkeit des K\u00fchlschranks f\u00fcr unterschiedliche Situationen verbessert.<\/p>\n<p style=\"color: rgb(34, 34, 34); font-family: Arial, Helvetica, sans-serif; font-size: small;\">Mit einem Gesamtvolumen von 65 Litern und einem robusten Design ist der VITRIFRIGO C65L eine ausgezeichnete Wahl f\u00fcr alle, die nach einem zuverl\u00e4ssigen und effizienten K\u00fchlschrank-Tiefk\u00fchler f\u00fcr private und gewerbliche Anwendungen suchen.<\/p>\n<p style=\"color: rgb(34, 34, 34); font-family: Arial, Helvetica, sans-serif; font-size: small;\"><strong>Technische Spezifikationen f\u00fcr VITRIFRIGO C65L:<\/strong><\/p>\n<ul style=\"color: rgb(34, 34, 34); font-family: Arial, Helvetica, sans-serif; font-size: small;\">\n<li>Gesamtvolumen: 65 Liter<\/li>\n<li>Netto-Gewicht: 24 kg<\/li>\n<li>Stromversorgung: 12\/24Vdc (auch erh\u00e4ltlich mit dual 12\/24Vdc &#8211; 100-240Vac 50\/60Hz)<\/li>\n<li>Nomineller Verbrauch: 45W<\/li>\n<li>Gesamtbreite: 765 mm<\/li>\n<li>Gesamth\u00f6he: 458 mm<\/li>\n<li>Gesamttiefe: 510 mm<\/li>\n<li>Interner Temperaturbereich: +10\u00b0C \/ -20\u00b0C<\/li>\n<\/ul>\n","protected":false},"excerpt":{"rendered":"<p>Tragbarer K\u00fchlschrank Vitrifrigo C65L &#8211; Portabler K\u00fchlschrank\/ Tiefk\u00fchler mit Dualspannung 12\/24V Danfoss-K\u00fchlsystem Der VITRIFRIGO C65L ist ein multifunktionaler tragbarer K\u00fchlschrank-Tiefk\u00fchler,<\/p>\n","protected":false},"featured_media":5935945,"comment_status":"open","ping_status":"closed","template":"","meta":[],"product_brand":[3525],"product_cat":[1359,1464],"product_tag":[],"class_list":{"0":"post-732504","1":"product","2":"type-product","3":"status-publish","4":"has-post-thumbnail","6":"product_brand-vitrifrigo-de","7":"product_cat-kuehlbox-kuehlgeraete","8":"product_cat-kuehlschraenke-und-gefriertruhen","10":"first","11":"instock","12":"shipping-taxable","13":"purchasable","14":"product-type-simple"},"_links":{"self":[{"href":"https:\/\/stoic-curie.212-227-153-4.plesk.page\/de\/wp-json\/wp\/v2\/product\/732504","targetHints":{"allow":["GET"]}}],"collection":[{"href":"https:\/\/stoic-curie.212-227-153-4.plesk.page\/de\/wp-json\/wp\/v2\/product"}],"about":[{"href":"https:\/\/stoic-curie.212-227-153-4.plesk.page\/de\/wp-json\/wp\/v2\/types\/product"}],"replies":[{"embeddable":true,"href":"https:\/\/stoic-curie.212-227-153-4.plesk.page\/de\/wp-json\/wp\/v2\/comments?post=732504"}],"version-history":[{"count":0,"href":"https:\/\/stoic-curie.212-227-153-4.plesk.page\/de\/wp-json\/wp\/v2\/product\/732504\/revisions"}],"wp:featuredmedia":[{"embeddable":true,"href":"https:\/\/stoic-curie.212-227-153-4.plesk.page\/de\/wp-json\/wp\/v2\/media\/5935945"}],"wp:attachment":[{"href":"https:\/\/stoic-curie.212-227-153-4.plesk.page\/de\/wp-json\/wp\/v2\/media?parent=732504"}],"wp:term":[{"taxonomy":"product_brand","embeddable":true,"href":"https:\/\/stoic-curie.212-227-153-4.plesk.page\/de\/wp-json\/wp\/v2\/product_brand?post=732504"},{"taxonomy":"product_cat","embeddable":true,"href":"https:\/\/stoic-curie.212-227-153-4.plesk.page\/de\/wp-json\/wp\/v2\/product_cat?post=732504"},{"taxonomy":"product_tag","embeddable":true,"href":"https:\/\/stoic-curie.212-227-153-4.plesk.page\/de\/wp-json\/wp\/v2\/product_tag?post=732504"}],"curies":[{"name":"wp","href":"https:\/\/api.w.org\/{rel}","templated":true}]}}