{"id":732505,"date":"2025-03-03T16:15:56","date_gmt":"2025-03-03T15:15:56","guid":{"rendered":"https:\/\/stoic-curie.212-227-153-4.plesk.page\/producto\/kuehlschrank-vitrifrigo-c51i-51lt-12-24v\/"},"modified":"2026-02-24T23:34:35","modified_gmt":"2026-02-24T23:34:35","slug":"kuehlschrank-vitrifrigo-c51i-51lt-12-24v","status":"publish","type":"product","link":"https:\/\/stoic-curie.212-227-153-4.plesk.page\/de\/product\/kuehlschrank-vitrifrigo-c51i-51lt-12-24v\/","title":{"rendered":"K\u00fchlschrank Vitrifrigo C51i"},"content":{"rendered":"<p>K\u00fchlschrank Vitrifrigo C51i &#8211; <\/p>\n<p>K\u00fchlschrank-Gefrierkombination, C51i CHR, Grau, Vitrifrigo<\/p>\n<p>Der Vitrifrigo C51i CHR K\u00fchlschrank verf\u00fcgt \u00fcber eine 12\/24V interne Danfoss-K\u00fchlungseinheit und eine umkehrbare T\u00fcr, die zur Bel\u00fcftung in Zeiten der Nichtbenutzung positioniert werden kann. Er ist mit einem LED-Licht und einem mechanischen Thermostat f\u00fcr eine einfache Temperaturregelung ausgestattet.<\/p>\n<p>Das Modell C51i ist so konzipiert, dass es in die Standards Gr\u00f6\u00dfen amerikanischer Boote passt. Dieser K\u00fchlschrank-Gefrierkombination hat ein Gesamtvolumen von 51 Litern, wobei 3,6 Liter dem Gefrierfach zugewiesen sind. Die K\u00fchlungseinheit ist intern untergebracht, was f\u00fcr ein elegantes Design sorgt.<\/p>\n<p>Bemerkenswerte Merkmale sind eine graue, verstellbare T\u00fcr mit einem Snap-Lock-Mechanismus, der ein versehentliches \u00d6ffnen verhindert. Dar\u00fcber hinaus verf\u00fcgt die T\u00fcr \u00fcber ein innovatives \u201eBel\u00fcftungsposition\u201c-System, das in den Griff integriert ist und ein teilweises \u00d6ffnen bei Nichtbenutzung erm\u00f6glicht. Dieses Merkmal hilft, Schimmel und unerw\u00fcnschte Ger\u00fcche zu vermeiden und verbessert die Lebensmittelkonservierung.<\/p>\n<p>Spezifikationen:<\/p>\n<ul>\n<li>T\u00fcrausf\u00fchrung: Laminat<\/li>\n<li>Kapazit\u00e4t: 51 Liter<\/li>\n<li>H\u00f6he: 532 mm<\/li>\n<li>L\u00e4nge: 380 mm<\/li>\n<li>Tiefe: 514 mm<\/li>\n<li>Gewicht: 16 kg<\/li>\n<li>Serie: CHROMELOCK<\/li>\n<li>Umkehrbare T\u00fcr: Ja<\/li>\n<li>Thermostat: Mechanisch<\/li>\n<li>K\u00fchltechnologie: Kompressor<\/li>\n<li>K\u00fchlungseinheit: Intern<\/li>\n<li>T\u00fcraufsperrung: Einzelne Frontt\u00fcr<\/li>\n<li>Spannung: 12\/24 VDC<\/li>\n<\/ul>\n","protected":false},"excerpt":{"rendered":"<p>K\u00fchlschrank Vitrifrigo C51i &#8211; K\u00fchlschrank-Gefrierkombination, C51i CHR, Grau, Vitrifrigo Der Vitrifrigo C51i CHR K\u00fchlschrank verf\u00fcgt \u00fcber eine 12\/24V interne Danfoss-K\u00fchlungseinheit<\/p>\n","protected":false},"featured_media":5935947,"comment_status":"open","ping_status":"closed","template":"","meta":[],"product_brand":[3525],"product_cat":[1464],"product_tag":[],"class_list":{"0":"post-732505","1":"product","2":"type-product","3":"status-publish","4":"has-post-thumbnail","6":"product_brand-vitrifrigo-de","7":"product_cat-kuehlschraenke-und-gefriertruhen","9":"first","10":"instock","11":"shipping-taxable","12":"purchasable","13":"product-type-simple"},"_links":{"self":[{"href":"https:\/\/stoic-curie.212-227-153-4.plesk.page\/de\/wp-json\/wp\/v2\/product\/732505","targetHints":{"allow":["GET"]}}],"collection":[{"href":"https:\/\/stoic-curie.212-227-153-4.plesk.page\/de\/wp-json\/wp\/v2\/product"}],"about":[{"href":"https:\/\/stoic-curie.212-227-153-4.plesk.page\/de\/wp-json\/wp\/v2\/types\/product"}],"replies":[{"embeddable":true,"href":"https:\/\/stoic-curie.212-227-153-4.plesk.page\/de\/wp-json\/wp\/v2\/comments?post=732505"}],"version-history":[{"count":0,"href":"https:\/\/stoic-curie.212-227-153-4.plesk.page\/de\/wp-json\/wp\/v2\/product\/732505\/revisions"}],"wp:featuredmedia":[{"embeddable":true,"href":"https:\/\/stoic-curie.212-227-153-4.plesk.page\/de\/wp-json\/wp\/v2\/media\/5935947"}],"wp:attachment":[{"href":"https:\/\/stoic-curie.212-227-153-4.plesk.page\/de\/wp-json\/wp\/v2\/media?parent=732505"}],"wp:term":[{"taxonomy":"product_brand","embeddable":true,"href":"https:\/\/stoic-curie.212-227-153-4.plesk.page\/de\/wp-json\/wp\/v2\/product_brand?post=732505"},{"taxonomy":"product_cat","embeddable":true,"href":"https:\/\/stoic-curie.212-227-153-4.plesk.page\/de\/wp-json\/wp\/v2\/product_cat?post=732505"},{"taxonomy":"product_tag","embeddable":true,"href":"https:\/\/stoic-curie.212-227-153-4.plesk.page\/de\/wp-json\/wp\/v2\/product_tag?post=732505"}],"curies":[{"name":"wp","href":"https:\/\/api.w.org\/{rel}","templated":true}]}}