{"id":732507,"date":"2025-03-03T16:15:57","date_gmt":"2025-03-03T15:15:57","guid":{"rendered":"https:\/\/stoic-curie.212-227-153-4.plesk.page\/producto\/kuehlschrank-vitrifrigo-c85i-en-85-l-12-24v\/"},"modified":"2026-02-24T23:34:35","modified_gmt":"2026-02-24T23:34:35","slug":"kuehlschrank-vitrifrigo-c85i-en-85-l-12-24v","status":"publish","type":"product","link":"https:\/\/stoic-curie.212-227-153-4.plesk.page\/de\/product\/kuehlschrank-vitrifrigo-c85i-en-85-l-12-24v\/","title":{"rendered":"K\u00fchlschrank Vitrifrigo C85i"},"content":{"rendered":"<p>K\u00fchlschrank Vitrifrigo C85i &#8211; <\/p>\n<p style=\"color: rgb(34, 34, 34); font-family: Arial, Helvetica, sans-serif; font-size: small;\">Wir pr\u00e4sentieren den C85i CHR K\u00fchlschrank-Gefrierschrank von Vitrifrigo, entworfen in einem eleganten Grauton. Dieses Ger\u00e4t verf\u00fcgt \u00fcber ein internes Danfoss-K\u00fchlsystem mit 12\/24V und eine umkehrbare T\u00fcr, die f\u00fcr die Bel\u00fcftung w\u00e4hrend der Nichtbenutzung eingestellt werden kann. Es ist mit einem LED-Licht und einem mechanischen Thermostat zur einfachen Temperaturregelung ausgestattet.<\/p>\n<p style=\"color: rgb(34, 34, 34); font-family: Arial, Helvetica, sans-serif; font-size: small;\">Der C85i CHR bietet ein Gesamtvolumen von 85 Litern, mit einem optionalen Gefrierfach, das zus\u00e4tzlichen Platz von 12,8 Litern bietet. Das K\u00fchlsystem befindet sich bequem im Inneren des Ger\u00e4ts.<\/p>\n<p style=\"color: rgb(34, 34, 34); font-family: Arial, Helvetica, sans-serif; font-size: small;\">Zu den Hauptmerkmalen geh\u00f6ren eine graue T\u00fcren mit Schnappverschluss, die das versehentliche \u00d6ffnen verhindern. Die T\u00fcr verf\u00fcgt au\u00dferdem \u00fcber ein innovatives &#8220;Bel\u00fcftungsposition&#8221;-System, das im Griff integriert ist und ein partielles \u00d6ffnen bei Nichtbenutzung erm\u00f6glicht. Dieses Design tr\u00e4gt zur Reduzierung von Schimmel und unerw\u00fcnschten Ger\u00fcchen bei und verbessert die Lebensmittellagerung.<\/p>\n<p style=\"color: rgb(34, 34, 34); font-family: Arial, Helvetica, sans-serif; font-size: small;\"><strong>Spezifikationen:<\/strong><\/p>\n<ul style=\"color: rgb(34, 34, 34); font-family: Arial, Helvetica, sans-serif; font-size: small;\">\n<li><strong>T\u00fcrfinish:<\/strong>\u00a0Laminate<\/li>\n<li><strong>Gesamtkapazit\u00e4t:<\/strong>\u00a085 Liter<\/li>\n<li><strong>H\u00f6he:<\/strong>\u00a0792 mm<\/li>\n<li><strong>L\u00e4nge:<\/strong>\u00a0485 mm<\/li>\n<li><strong>Tiefe:<\/strong>\u00a0466 mm<\/li>\n<li><strong>Gewicht:<\/strong>\u00a023,30 kg<\/li>\n<li><strong>Serie:<\/strong>\u00a0Chromelock<\/li>\n<li><strong>Umkehrbare T\u00fcr:<\/strong>\u00a0Ja<\/li>\n<li><strong>Thermostat:<\/strong>\u00a0Mechanisch<\/li>\n<li><strong>K\u00fchltechnologie:<\/strong>\u00a0Kompressor<\/li>\n<li><strong>K\u00fchlungseinheit:<\/strong>\u00a0Intern<\/li>\n<li><strong>T\u00fcr\u00f6ffnung:<\/strong>\u00a0Eingangst\u00fcr<\/li>\n<li><strong>Spannung:<\/strong>\u00a012\/24 VDC<\/li>\n<\/ul>\n<p style=\"color: rgb(34, 34, 34); font-family: Arial, Helvetica, sans-serif; font-size: small;\">Dieser K\u00fchlschrank-Gefrierschrank ist eine hervorragende Wahl f\u00fcr diejenigen, die zuverl\u00e4ssige und effiziente K\u00fchlm\u00f6glichkeiten f\u00fcr ihre Bootsbed\u00fcrfnisse suchen.<\/p>\n","protected":false},"excerpt":{"rendered":"<p>K\u00fchlschrank Vitrifrigo C85i &#8211; Wir pr\u00e4sentieren den C85i CHR K\u00fchlschrank-Gefrierschrank von Vitrifrigo, entworfen in einem eleganten Grauton. Dieses Ger\u00e4t verf\u00fcgt<\/p>\n","protected":false},"featured_media":5935961,"comment_status":"open","ping_status":"closed","template":"","meta":[],"product_brand":[3525],"product_cat":[1464],"product_tag":[],"class_list":{"0":"post-732507","1":"product","2":"type-product","3":"status-publish","4":"has-post-thumbnail","6":"product_brand-vitrifrigo-de","7":"product_cat-kuehlschraenke-und-gefriertruhen","9":"first","10":"instock","11":"shipping-taxable","12":"purchasable","13":"product-type-simple"},"_links":{"self":[{"href":"https:\/\/stoic-curie.212-227-153-4.plesk.page\/de\/wp-json\/wp\/v2\/product\/732507","targetHints":{"allow":["GET"]}}],"collection":[{"href":"https:\/\/stoic-curie.212-227-153-4.plesk.page\/de\/wp-json\/wp\/v2\/product"}],"about":[{"href":"https:\/\/stoic-curie.212-227-153-4.plesk.page\/de\/wp-json\/wp\/v2\/types\/product"}],"replies":[{"embeddable":true,"href":"https:\/\/stoic-curie.212-227-153-4.plesk.page\/de\/wp-json\/wp\/v2\/comments?post=732507"}],"version-history":[{"count":0,"href":"https:\/\/stoic-curie.212-227-153-4.plesk.page\/de\/wp-json\/wp\/v2\/product\/732507\/revisions"}],"wp:featuredmedia":[{"embeddable":true,"href":"https:\/\/stoic-curie.212-227-153-4.plesk.page\/de\/wp-json\/wp\/v2\/media\/5935961"}],"wp:attachment":[{"href":"https:\/\/stoic-curie.212-227-153-4.plesk.page\/de\/wp-json\/wp\/v2\/media?parent=732507"}],"wp:term":[{"taxonomy":"product_brand","embeddable":true,"href":"https:\/\/stoic-curie.212-227-153-4.plesk.page\/de\/wp-json\/wp\/v2\/product_brand?post=732507"},{"taxonomy":"product_cat","embeddable":true,"href":"https:\/\/stoic-curie.212-227-153-4.plesk.page\/de\/wp-json\/wp\/v2\/product_cat?post=732507"},{"taxonomy":"product_tag","embeddable":true,"href":"https:\/\/stoic-curie.212-227-153-4.plesk.page\/de\/wp-json\/wp\/v2\/product_tag?post=732507"}],"curies":[{"name":"wp","href":"https:\/\/api.w.org\/{rel}","templated":true}]}}