{"id":732508,"date":"2025-03-03T16:15:57","date_gmt":"2025-03-03T15:15:57","guid":{"rendered":"https:\/\/stoic-curie.212-227-153-4.plesk.page\/producto\/vitifrigo-spannungswandler-von-220v-auf-12-24v\/"},"modified":"2026-02-24T23:34:35","modified_gmt":"2026-02-24T23:34:35","slug":"vitifrigo-spannungswandler-von-220v-auf-12-24v","status":"publish","type":"product","link":"https:\/\/stoic-curie.212-227-153-4.plesk.page\/de\/product\/vitifrigo-spannungswandler-von-220v-auf-12-24v\/","title":{"rendered":"Vitifrigo Spannungswandler von 220V auf 12\/24V"},"content":{"rendered":"<p>Vitifrigo Spannungswandler von 220V auf 12\/24V &#8211; <\/p>\n<p>220V Netzteil-Adapter f\u00fcr zweifach spannungsf\u00fchrende Gleichstrom-K\u00fchlschr\u00e4nke mit 12\/24V. Sch\u00fctzt vor Spannungsspitzen. Nicht geeignet f\u00fcr K\u00fchlschr\u00e4nke mit 12V nur.<\/p>\n","protected":false},"excerpt":{"rendered":"<p>Vitifrigo Spannungswandler von 220V auf 12\/24V &#8211; 220V Netzteil-Adapter f\u00fcr zweifach spannungsf\u00fchrende Gleichstrom-K\u00fchlschr\u00e4nke mit 12\/24V. Sch\u00fctzt vor Spannungsspitzen. Nicht geeignet<\/p>\n","protected":false},"featured_media":5935967,"comment_status":"open","ping_status":"closed","template":"","meta":[],"product_brand":[3525],"product_cat":[1464,1455],"product_tag":[],"class_list":{"0":"post-732508","1":"product","2":"type-product","3":"status-publish","4":"has-post-thumbnail","6":"product_brand-vitrifrigo-de","7":"product_cat-kuehlschraenke-und-gefriertruhen","8":"product_cat-stromwechselrichter","10":"first","11":"instock","12":"shipping-taxable","13":"purchasable","14":"product-type-simple"},"_links":{"self":[{"href":"https:\/\/stoic-curie.212-227-153-4.plesk.page\/de\/wp-json\/wp\/v2\/product\/732508","targetHints":{"allow":["GET"]}}],"collection":[{"href":"https:\/\/stoic-curie.212-227-153-4.plesk.page\/de\/wp-json\/wp\/v2\/product"}],"about":[{"href":"https:\/\/stoic-curie.212-227-153-4.plesk.page\/de\/wp-json\/wp\/v2\/types\/product"}],"replies":[{"embeddable":true,"href":"https:\/\/stoic-curie.212-227-153-4.plesk.page\/de\/wp-json\/wp\/v2\/comments?post=732508"}],"version-history":[{"count":0,"href":"https:\/\/stoic-curie.212-227-153-4.plesk.page\/de\/wp-json\/wp\/v2\/product\/732508\/revisions"}],"wp:featuredmedia":[{"embeddable":true,"href":"https:\/\/stoic-curie.212-227-153-4.plesk.page\/de\/wp-json\/wp\/v2\/media\/5935967"}],"wp:attachment":[{"href":"https:\/\/stoic-curie.212-227-153-4.plesk.page\/de\/wp-json\/wp\/v2\/media?parent=732508"}],"wp:term":[{"taxonomy":"product_brand","embeddable":true,"href":"https:\/\/stoic-curie.212-227-153-4.plesk.page\/de\/wp-json\/wp\/v2\/product_brand?post=732508"},{"taxonomy":"product_cat","embeddable":true,"href":"https:\/\/stoic-curie.212-227-153-4.plesk.page\/de\/wp-json\/wp\/v2\/product_cat?post=732508"},{"taxonomy":"product_tag","embeddable":true,"href":"https:\/\/stoic-curie.212-227-153-4.plesk.page\/de\/wp-json\/wp\/v2\/product_tag?post=732508"}],"curies":[{"name":"wp","href":"https:\/\/api.w.org\/{rel}","templated":true}]}}