{"id":732518,"date":"2025-03-03T16:15:58","date_gmt":"2025-03-03T15:15:58","guid":{"rendered":"https:\/\/stoic-curie.212-227-153-4.plesk.page\/producto\/marine-toilette-ocean-luxury-low-12v\/"},"modified":"2026-02-24T23:34:35","modified_gmt":"2026-02-24T23:34:35","slug":"marine-toilette-ocean-luxury-low-12v","status":"publish","type":"product","link":"https:\/\/stoic-curie.212-227-153-4.plesk.page\/de\/product\/marine-toilette-ocean-luxury-low-12v\/","title":{"rendered":"Toilette Ocean Luxury Standard 12 v H385mm"},"content":{"rendered":"<p>Toilette Ocean Luxury Standard 12 v H385mm &#8211; <\/p>\n<p style=\"color: rgb(34, 34, 34); font-family: Arial, Helvetica, sans-serif; font-size: small;\">Elektrische Toilet Ocean Luxury Standard 12 V H385mm. Wir freuen uns, das Ocean Luxury Standard Toilette vorzustellen, eine perfekte Kombination aus Eleganz und Funktionalit\u00e4t f\u00fcr Ihr Zuhause. Dieses Toilette bietet eine Reihe beeindruckender Funktionen:<\/p>\n<ul style=\"color: rgb(34, 34, 34); font-family: Arial, Helvetica, sans-serif; font-size: small;\">\n<li>Au\u00dfergew\u00f6hnlicher Komfort, der sich wie zu Hause anf\u00fchlt<\/li>\n<li>Niedriger Wasserverbrauch<\/li>\n<li>Automatische Steuerung f\u00fcr Wasseraufnahme und -abgabe<\/li>\n<li>Integrierte Pumpe f\u00fcr m\u00fchelose Abfallentsorgung<\/li>\n<li>Benutzerfreundliches digitales Bedienfeld<\/li>\n<li>Robuster Duroplast-Sitz mit sanften Scharnieren<\/li>\n<li>Schockfeste und rostbest\u00e4ndige Materialien<\/li>\n<li>R\u00fcckschlagventil f\u00fcr verbesserte Effizienz<\/li>\n<li>Selbstansaugende F\u00e4higkeit bis zu 1,5 Metern<\/li>\n<li>Vielseitige Installationsm\u00f6glichkeiten \u00fcber oder unter der Wasserlinie<\/li>\n<\/ul>\n<p style=\"color: rgb(34, 34, 34); font-family: Arial, Helvetica, sans-serif; font-size: small;\">Diese Toilette funktioniert mit einem automatischen Wassersystem oder einer Abwasserpumpe zur Wasseraufnahme. Sie verf\u00fcgt \u00fcber einen elektronischen Schalter, der den Wasserfluss in zwei Schritten steuert: Zuerst wird die Sch\u00fcssel mit klarem Wasser gef\u00fcllt und dann wird der Abfall effizient entfernt, sodass die Sch\u00fcssel sauber und leer ist.<\/p>\n<p style=\"color: rgb(34, 34, 34); font-family: Arial, Helvetica, sans-serif; font-size: small;\">F\u00fcr Installationen mit mehreren Toiletten kann eine einzige Wasserpumpe alle Einheiten bedienen, wobei jede Toilette mit ihrem eigenen Elektroventil ausgestattet ist.<\/p>\n<p style=\"color: rgb(34, 34, 34); font-family: Arial, Helvetica, sans-serif; font-size: small;\"><strong>Spezifikationen:<\/strong><\/p>\n<ul style=\"color: rgb(34, 34, 34); font-family: Arial, Helvetica, sans-serif; font-size: small;\">\n<li>Einlass: 19 mm (3\/4&#8243;)<\/li>\n<li>Auslass: 25\/38 mm (1&#8243;-1 1\/2&#8243;)<\/li>\n<li>Stromverbrauch: 30A bei 12V<\/li>\n<\/ul>\n<p style=\"color: rgb(34, 34, 34); font-family: Arial, Helvetica, sans-serif; font-size: small;\"><strong>Hauptmerkmale:<\/strong><\/p>\n<ul style=\"color: rgb(34, 34, 34); font-family: Arial, Helvetica, sans-serif; font-size: small;\">\n<li>Einfache Installation<\/li>\n<li>Sanft schlie\u00dfender Deckel f\u00fcr zus\u00e4tzlichen Komfort<\/li>\n<li>Vollst\u00e4ndig geschlossene Bauweise f\u00fcr verbesserte Hygiene<\/li>\n<\/ul>\n<p style=\"color: rgb(34, 34, 34); font-family: Arial, Helvetica, sans-serif; font-size: small;\"><strong>Zus\u00e4tzliche Spezifikationen:<\/strong><\/p>\n<ul style=\"color: rgb(34, 34, 34); font-family: Arial, Helvetica, sans-serif; font-size: small;\">\n<li>Wasserverbrauch: 1,5 \u2013 5 Liter<\/li>\n<li>Spannung: 12\/24V<\/li>\n<li>Stromaufnahme: 18A \u2013 10A<\/li>\n<li>Auslassanschluss: 38mm (1 1\/2&#8243;) und 25mm (1&#8243;)<\/li>\n<li>Einlassanschluss: 19mm (3\/4&#8243;)<\/li>\n<\/ul>\n","protected":false},"excerpt":{"rendered":"<p>Toilette Ocean Luxury Standard 12 v H385mm &#8211; Elektrische Toilet Ocean Luxury Standard 12 V H385mm. Wir freuen uns, das<\/p>\n","protected":false},"featured_media":5935992,"comment_status":"open","ping_status":"closed","template":"","meta":[],"product_brand":[3140],"product_cat":[1388],"product_tag":[],"class_list":{"0":"post-732518","1":"product","2":"type-product","3":"status-publish","4":"has-post-thumbnail","6":"product_brand-matromarine-de","7":"product_cat-marine-wcs","9":"first","10":"instock","11":"shipping-taxable","12":"purchasable","13":"product-type-simple"},"_links":{"self":[{"href":"https:\/\/stoic-curie.212-227-153-4.plesk.page\/de\/wp-json\/wp\/v2\/product\/732518","targetHints":{"allow":["GET"]}}],"collection":[{"href":"https:\/\/stoic-curie.212-227-153-4.plesk.page\/de\/wp-json\/wp\/v2\/product"}],"about":[{"href":"https:\/\/stoic-curie.212-227-153-4.plesk.page\/de\/wp-json\/wp\/v2\/types\/product"}],"replies":[{"embeddable":true,"href":"https:\/\/stoic-curie.212-227-153-4.plesk.page\/de\/wp-json\/wp\/v2\/comments?post=732518"}],"version-history":[{"count":0,"href":"https:\/\/stoic-curie.212-227-153-4.plesk.page\/de\/wp-json\/wp\/v2\/product\/732518\/revisions"}],"wp:featuredmedia":[{"embeddable":true,"href":"https:\/\/stoic-curie.212-227-153-4.plesk.page\/de\/wp-json\/wp\/v2\/media\/5935992"}],"wp:attachment":[{"href":"https:\/\/stoic-curie.212-227-153-4.plesk.page\/de\/wp-json\/wp\/v2\/media?parent=732518"}],"wp:term":[{"taxonomy":"product_brand","embeddable":true,"href":"https:\/\/stoic-curie.212-227-153-4.plesk.page\/de\/wp-json\/wp\/v2\/product_brand?post=732518"},{"taxonomy":"product_cat","embeddable":true,"href":"https:\/\/stoic-curie.212-227-153-4.plesk.page\/de\/wp-json\/wp\/v2\/product_cat?post=732518"},{"taxonomy":"product_tag","embeddable":true,"href":"https:\/\/stoic-curie.212-227-153-4.plesk.page\/de\/wp-json\/wp\/v2\/product_tag?post=732518"}],"curies":[{"name":"wp","href":"https:\/\/api.w.org\/{rel}","templated":true}]}}