{"id":732519,"date":"2025-03-03T16:15:59","date_gmt":"2025-03-03T15:15:59","guid":{"rendered":"https:\/\/stoic-curie.212-227-153-4.plesk.page\/producto\/entwaesserungssystem-mit-johnson-pumpe-1000-gph-12v\/"},"modified":"2026-02-24T23:34:35","modified_gmt":"2026-02-24T23:34:35","slug":"entwaesserungssystem-mit-johnson-pumpe-1000-gph-12v","status":"publish","type":"product","link":"https:\/\/stoic-curie.212-227-153-4.plesk.page\/de\/product\/entwaesserungssystem-mit-johnson-pumpe-1000-gph-12v\/","title":{"rendered":"Entw\u00e4sserungssystem mit Johnson-Pumpe 1000 GPH 12V"},"content":{"rendered":"<p>Entw\u00e4sserungssystem mit Johnson-Pumpe 1000 GPH 12V &#8211; <\/p>\n<p>Johnson Grauwasser- und Duschablaufsystem vollst\u00e4ndig mit automatischer Pumpenentw\u00e4sserung und wasserdichtem Deckel. 3\/4&#8243; (20 mm) Ablassanschluss. 3 Sauganschl\u00fcsse: 3\/4&#8243; (20 mm), 3\/4&#8243; (20 mm) verstellbar auf 1&#8243; (25 mm), 1 1\/8&#8243; (30 mm) verstellbar auf 1 1\/2&#8243; (38 mm).<\/p>\n","protected":false},"excerpt":{"rendered":"<p>Entw\u00e4sserungssystem mit Johnson-Pumpe 1000 GPH 12V &#8211; Johnson Grauwasser- und Duschablaufsystem vollst\u00e4ndig mit automatischer Pumpenentw\u00e4sserung und wasserdichtem Deckel. 3\/4&#8243; (20<\/p>\n","protected":false},"featured_media":5935994,"comment_status":"open","ping_status":"closed","template":"","meta":[],"product_brand":[3045],"product_cat":[1365,1369],"product_tag":[],"class_list":{"0":"post-732519","1":"product","2":"type-product","3":"status-publish","4":"has-post-thumbnail","6":"product_brand-johnson-marine-de","7":"product_cat-bootsduschen","8":"product_cat-grauwassersysteme","10":"first","11":"instock","12":"shipping-taxable","13":"purchasable","14":"product-type-simple"},"_links":{"self":[{"href":"https:\/\/stoic-curie.212-227-153-4.plesk.page\/de\/wp-json\/wp\/v2\/product\/732519","targetHints":{"allow":["GET"]}}],"collection":[{"href":"https:\/\/stoic-curie.212-227-153-4.plesk.page\/de\/wp-json\/wp\/v2\/product"}],"about":[{"href":"https:\/\/stoic-curie.212-227-153-4.plesk.page\/de\/wp-json\/wp\/v2\/types\/product"}],"replies":[{"embeddable":true,"href":"https:\/\/stoic-curie.212-227-153-4.plesk.page\/de\/wp-json\/wp\/v2\/comments?post=732519"}],"version-history":[{"count":0,"href":"https:\/\/stoic-curie.212-227-153-4.plesk.page\/de\/wp-json\/wp\/v2\/product\/732519\/revisions"}],"wp:featuredmedia":[{"embeddable":true,"href":"https:\/\/stoic-curie.212-227-153-4.plesk.page\/de\/wp-json\/wp\/v2\/media\/5935994"}],"wp:attachment":[{"href":"https:\/\/stoic-curie.212-227-153-4.plesk.page\/de\/wp-json\/wp\/v2\/media?parent=732519"}],"wp:term":[{"taxonomy":"product_brand","embeddable":true,"href":"https:\/\/stoic-curie.212-227-153-4.plesk.page\/de\/wp-json\/wp\/v2\/product_brand?post=732519"},{"taxonomy":"product_cat","embeddable":true,"href":"https:\/\/stoic-curie.212-227-153-4.plesk.page\/de\/wp-json\/wp\/v2\/product_cat?post=732519"},{"taxonomy":"product_tag","embeddable":true,"href":"https:\/\/stoic-curie.212-227-153-4.plesk.page\/de\/wp-json\/wp\/v2\/product_tag?post=732519"}],"curies":[{"name":"wp","href":"https:\/\/api.w.org\/{rel}","templated":true}]}}