{"id":732520,"date":"2025-03-03T16:15:59","date_gmt":"2025-03-03T15:15:59","guid":{"rendered":"https:\/\/stoic-curie.212-227-153-4.plesk.page\/producto\/polycarbonat-wasserfilter-31-mm\/"},"modified":"2026-02-24T23:34:35","modified_gmt":"2026-02-24T23:34:35","slug":"polycarbonat-wasserfilter-31-mm","status":"publish","type":"product","link":"https:\/\/stoic-curie.212-227-153-4.plesk.page\/de\/product\/polycarbonat-wasserfilter-31-mm\/","title":{"rendered":"Polycarbonat-Wasserfilter 31 mm"},"content":{"rendered":"<p>Polycarbonat-Wasserfilter 31 mm &#8211; <\/p>\n<p>Seewasserfilter mit Polycarbonatk\u00f6rper f\u00fcr Pumpen und Motork\u00fchlung.<\/p>\n","protected":false},"excerpt":{"rendered":"<p>Polycarbonat-Wasserfilter 31 mm &#8211; Seewasserfilter mit Polycarbonatk\u00f6rper f\u00fcr Pumpen und Motork\u00fchlung.<\/p>\n","protected":false},"featured_media":2899273,"comment_status":"open","ping_status":"closed","template":"","meta":[],"product_brand":[2181,3355],"product_cat":[1527,1375],"product_tag":[],"class_list":{"0":"post-732520","1":"product","2":"type-product","3":"status-publish","4":"has-post-thumbnail","6":"product_brand-seaflow","7":"product_brand-seaflow-de","8":"product_cat-meerwasserfilter","9":"product_cat-wasserfilter","11":"first","12":"instock","13":"shipping-taxable","14":"purchasable","15":"product-type-simple"},"_links":{"self":[{"href":"https:\/\/stoic-curie.212-227-153-4.plesk.page\/de\/wp-json\/wp\/v2\/product\/732520","targetHints":{"allow":["GET"]}}],"collection":[{"href":"https:\/\/stoic-curie.212-227-153-4.plesk.page\/de\/wp-json\/wp\/v2\/product"}],"about":[{"href":"https:\/\/stoic-curie.212-227-153-4.plesk.page\/de\/wp-json\/wp\/v2\/types\/product"}],"replies":[{"embeddable":true,"href":"https:\/\/stoic-curie.212-227-153-4.plesk.page\/de\/wp-json\/wp\/v2\/comments?post=732520"}],"version-history":[{"count":0,"href":"https:\/\/stoic-curie.212-227-153-4.plesk.page\/de\/wp-json\/wp\/v2\/product\/732520\/revisions"}],"wp:featuredmedia":[{"embeddable":true,"href":"https:\/\/stoic-curie.212-227-153-4.plesk.page\/de\/wp-json\/"}],"wp:attachment":[{"href":"https:\/\/stoic-curie.212-227-153-4.plesk.page\/de\/wp-json\/wp\/v2\/media?parent=732520"}],"wp:term":[{"taxonomy":"product_brand","embeddable":true,"href":"https:\/\/stoic-curie.212-227-153-4.plesk.page\/de\/wp-json\/wp\/v2\/product_brand?post=732520"},{"taxonomy":"product_cat","embeddable":true,"href":"https:\/\/stoic-curie.212-227-153-4.plesk.page\/de\/wp-json\/wp\/v2\/product_cat?post=732520"},{"taxonomy":"product_tag","embeddable":true,"href":"https:\/\/stoic-curie.212-227-153-4.plesk.page\/de\/wp-json\/wp\/v2\/product_tag?post=732520"}],"curies":[{"name":"wp","href":"https:\/\/api.w.org\/{rel}","templated":true}]}}