{"id":732530,"date":"2025-03-03T16:16:01","date_gmt":"2025-03-03T15:16:01","guid":{"rendered":"https:\/\/stoic-curie.212-227-153-4.plesk.page\/producto\/luftschlauch-fuer-luefter-im-bilgenraum-100-mm-x-10-m\/"},"modified":"2026-02-24T23:34:35","modified_gmt":"2026-02-24T23:34:35","slug":"luftschlauch-fuer-luefter-im-bilgenraum-100-mm-x-10-m","status":"publish","type":"product","link":"https:\/\/stoic-curie.212-227-153-4.plesk.page\/de\/product\/luftschlauch-fuer-luefter-im-bilgenraum-100-mm-x-10-m\/","title":{"rendered":"Luftschlauch f\u00fcr L\u00fcfter im Bilgenraum 100 mm x 10 m"},"content":{"rendered":"<p>Luftschlauch f\u00fcr L\u00fcfter im Bilgenraum 100 mm x 10 m &#8211; <\/p>\n<p>Stahlhelixdraht PVC Luftbalgschlauch. F\u00fcr Luftversorgung und -aufnahme.<\/p>\n","protected":false},"excerpt":{"rendered":"<p>Luftschlauch f\u00fcr L\u00fcfter im Bilgenraum 100 mm x 10 m &#8211; Stahlhelixdraht PVC Luftbalgschlauch. F\u00fcr Luftversorgung und -aufnahme.<\/p>\n","protected":false},"featured_media":5935997,"comment_status":"open","ping_status":"closed","template":"","meta":[],"product_brand":[3140],"product_cat":[1445,1539],"product_tag":[],"class_list":{"0":"post-732530","1":"product","2":"type-product","3":"status-publish","4":"has-post-thumbnail","6":"product_brand-matromarine-de","7":"product_cat-bilgengeblaese","8":"product_cat-motorlueftungssysteme","10":"first","11":"instock","12":"shipping-taxable","13":"purchasable","14":"product-type-simple"},"_links":{"self":[{"href":"https:\/\/stoic-curie.212-227-153-4.plesk.page\/de\/wp-json\/wp\/v2\/product\/732530","targetHints":{"allow":["GET"]}}],"collection":[{"href":"https:\/\/stoic-curie.212-227-153-4.plesk.page\/de\/wp-json\/wp\/v2\/product"}],"about":[{"href":"https:\/\/stoic-curie.212-227-153-4.plesk.page\/de\/wp-json\/wp\/v2\/types\/product"}],"replies":[{"embeddable":true,"href":"https:\/\/stoic-curie.212-227-153-4.plesk.page\/de\/wp-json\/wp\/v2\/comments?post=732530"}],"version-history":[{"count":0,"href":"https:\/\/stoic-curie.212-227-153-4.plesk.page\/de\/wp-json\/wp\/v2\/product\/732530\/revisions"}],"wp:featuredmedia":[{"embeddable":true,"href":"https:\/\/stoic-curie.212-227-153-4.plesk.page\/de\/wp-json\/wp\/v2\/media\/5935997"}],"wp:attachment":[{"href":"https:\/\/stoic-curie.212-227-153-4.plesk.page\/de\/wp-json\/wp\/v2\/media?parent=732530"}],"wp:term":[{"taxonomy":"product_brand","embeddable":true,"href":"https:\/\/stoic-curie.212-227-153-4.plesk.page\/de\/wp-json\/wp\/v2\/product_brand?post=732530"},{"taxonomy":"product_cat","embeddable":true,"href":"https:\/\/stoic-curie.212-227-153-4.plesk.page\/de\/wp-json\/wp\/v2\/product_cat?post=732530"},{"taxonomy":"product_tag","embeddable":true,"href":"https:\/\/stoic-curie.212-227-153-4.plesk.page\/de\/wp-json\/wp\/v2\/product_tag?post=732530"}],"curies":[{"name":"wp","href":"https:\/\/api.w.org\/{rel}","templated":true}]}}