{"id":732536,"date":"2025-03-03T16:16:02","date_gmt":"2025-03-03T15:16:02","guid":{"rendered":"https:\/\/stoic-curie.212-227-153-4.plesk.page\/producto\/luftfanfare-marco-390mm-12v\/"},"modified":"2026-02-24T23:34:35","modified_gmt":"2026-02-24T23:34:35","slug":"luftfanfare-marco-390mm-12v","status":"publish","type":"product","link":"https:\/\/stoic-curie.212-227-153-4.plesk.page\/de\/product\/luftfanfare-marco-390mm-12v\/","title":{"rendered":"Luftfanfare Marco 390mm 12V"},"content":{"rendered":"<p>Luftfanfare Marco 390mm 12V &#8211; <\/p>\n<p>Komposit- und verchromtes Messinggeh\u00e4use elektrisches Luftkompressorhorn. Verchromte Technopolymer-Trompete. Kompressor, Luftschlauch, Anschl\u00fcsse und Zubeh\u00f6r sind enthalten.<\/p>\n","protected":false},"excerpt":{"rendered":"<p>Luftfanfare Marco 390mm 12V &#8211; Komposit- und verchromtes Messinggeh\u00e4use elektrisches Luftkompressorhorn. Verchromte Technopolymer-Trompete. Kompressor, Luftschlauch, Anschl\u00fcsse und Zubeh\u00f6r sind enthalten.<\/p>\n","protected":false},"featured_media":5936008,"comment_status":"open","ping_status":"closed","template":"","meta":[],"product_brand":[3095],"product_cat":[1460],"product_tag":[],"class_list":{"0":"post-732536","1":"product","2":"type-product","3":"status-publish","4":"has-post-thumbnail","6":"product_brand-marco-de","7":"product_cat-bootshoerner","9":"first","10":"instock","11":"shipping-taxable","12":"purchasable","13":"product-type-simple"},"_links":{"self":[{"href":"https:\/\/stoic-curie.212-227-153-4.plesk.page\/de\/wp-json\/wp\/v2\/product\/732536","targetHints":{"allow":["GET"]}}],"collection":[{"href":"https:\/\/stoic-curie.212-227-153-4.plesk.page\/de\/wp-json\/wp\/v2\/product"}],"about":[{"href":"https:\/\/stoic-curie.212-227-153-4.plesk.page\/de\/wp-json\/wp\/v2\/types\/product"}],"replies":[{"embeddable":true,"href":"https:\/\/stoic-curie.212-227-153-4.plesk.page\/de\/wp-json\/wp\/v2\/comments?post=732536"}],"version-history":[{"count":0,"href":"https:\/\/stoic-curie.212-227-153-4.plesk.page\/de\/wp-json\/wp\/v2\/product\/732536\/revisions"}],"wp:featuredmedia":[{"embeddable":true,"href":"https:\/\/stoic-curie.212-227-153-4.plesk.page\/de\/wp-json\/wp\/v2\/media\/5936008"}],"wp:attachment":[{"href":"https:\/\/stoic-curie.212-227-153-4.plesk.page\/de\/wp-json\/wp\/v2\/media?parent=732536"}],"wp:term":[{"taxonomy":"product_brand","embeddable":true,"href":"https:\/\/stoic-curie.212-227-153-4.plesk.page\/de\/wp-json\/wp\/v2\/product_brand?post=732536"},{"taxonomy":"product_cat","embeddable":true,"href":"https:\/\/stoic-curie.212-227-153-4.plesk.page\/de\/wp-json\/wp\/v2\/product_cat?post=732536"},{"taxonomy":"product_tag","embeddable":true,"href":"https:\/\/stoic-curie.212-227-153-4.plesk.page\/de\/wp-json\/wp\/v2\/product_tag?post=732536"}],"curies":[{"name":"wp","href":"https:\/\/api.w.org\/{rel}","templated":true}]}}