{"id":732537,"date":"2025-03-03T16:16:02","date_gmt":"2025-03-03T15:16:02","guid":{"rendered":"https:\/\/stoic-curie.212-227-153-4.plesk.page\/producto\/doppelhorn-marco-mit-luftkompressor-390mm-24v\/"},"modified":"2026-02-24T23:34:35","modified_gmt":"2026-02-24T23:34:35","slug":"doppelhorn-marco-mit-luftkompressor-390mm-24v","status":"publish","type":"product","link":"https:\/\/stoic-curie.212-227-153-4.plesk.page\/de\/product\/doppelhorn-marco-mit-luftkompressor-390mm-24v\/","title":{"rendered":"Doppelhorn Marco mit Luftkompressor 390mm 24V"},"content":{"rendered":"<p>Doppelhorn Marco mit Luftkompressor 390mm 24V &#8211; <\/p>\n<p>Komposit- und verchromtes Messinggeh\u00e4use elektrischer Luftkompressor mit Doppelhorn. Verchromte Tecnopolymer-Trumpeten. Kompressor, Luftschl\u00e4uche, Anschl\u00fcsse und Hardware enthalten.<\/p>\n","protected":false},"excerpt":{"rendered":"<p>Doppelhorn Marco mit Luftkompressor 390mm 24V &#8211; Komposit- und verchromtes Messinggeh\u00e4use elektrischer Luftkompressor mit Doppelhorn. Verchromte Tecnopolymer-Trumpeten. Kompressor, Luftschl\u00e4uche, Anschl\u00fcsse<\/p>\n","protected":false},"featured_media":5936009,"comment_status":"open","ping_status":"closed","template":"","meta":[],"product_brand":[3095],"product_cat":[1460],"product_tag":[],"class_list":{"0":"post-732537","1":"product","2":"type-product","3":"status-publish","4":"has-post-thumbnail","6":"product_brand-marco-de","7":"product_cat-bootshoerner","9":"first","10":"instock","11":"shipping-taxable","12":"purchasable","13":"product-type-simple"},"_links":{"self":[{"href":"https:\/\/stoic-curie.212-227-153-4.plesk.page\/de\/wp-json\/wp\/v2\/product\/732537","targetHints":{"allow":["GET"]}}],"collection":[{"href":"https:\/\/stoic-curie.212-227-153-4.plesk.page\/de\/wp-json\/wp\/v2\/product"}],"about":[{"href":"https:\/\/stoic-curie.212-227-153-4.plesk.page\/de\/wp-json\/wp\/v2\/types\/product"}],"replies":[{"embeddable":true,"href":"https:\/\/stoic-curie.212-227-153-4.plesk.page\/de\/wp-json\/wp\/v2\/comments?post=732537"}],"version-history":[{"count":0,"href":"https:\/\/stoic-curie.212-227-153-4.plesk.page\/de\/wp-json\/wp\/v2\/product\/732537\/revisions"}],"wp:featuredmedia":[{"embeddable":true,"href":"https:\/\/stoic-curie.212-227-153-4.plesk.page\/de\/wp-json\/wp\/v2\/media\/5936009"}],"wp:attachment":[{"href":"https:\/\/stoic-curie.212-227-153-4.plesk.page\/de\/wp-json\/wp\/v2\/media?parent=732537"}],"wp:term":[{"taxonomy":"product_brand","embeddable":true,"href":"https:\/\/stoic-curie.212-227-153-4.plesk.page\/de\/wp-json\/wp\/v2\/product_brand?post=732537"},{"taxonomy":"product_cat","embeddable":true,"href":"https:\/\/stoic-curie.212-227-153-4.plesk.page\/de\/wp-json\/wp\/v2\/product_cat?post=732537"},{"taxonomy":"product_tag","embeddable":true,"href":"https:\/\/stoic-curie.212-227-153-4.plesk.page\/de\/wp-json\/wp\/v2\/product_tag?post=732537"}],"curies":[{"name":"wp","href":"https:\/\/api.w.org\/{rel}","templated":true}]}}