{"id":732547,"date":"2025-03-03T16:16:04","date_gmt":"2025-03-03T15:16:04","guid":{"rendered":"https:\/\/stoic-curie.212-227-153-4.plesk.page\/producto\/edelstahl-suchscheinwerfer-120mm-12v-x-55w\/"},"modified":"2026-02-24T23:34:35","modified_gmt":"2026-02-24T23:34:35","slug":"edelstahl-suchscheinwerfer-120mm-12v-x-55w","status":"publish","type":"product","link":"https:\/\/stoic-curie.212-227-153-4.plesk.page\/de\/product\/edelstahl-suchscheinwerfer-120mm-12v-x-55w\/","title":{"rendered":"Edelstahl Suchscheinwerfer 120mm, 12v x 55w"},"content":{"rendered":"<p>Edelstahl Suchscheinwerfer 120mm, 12v x 55w &#8211; <\/p>\n<p>Hochwertige Handbetriebene, verstellbare Suchscheinwerfer aus rostfreiem Stahl. Versiegelte Gl\u00fchbirne \u00d8 120 mm. H\u00f6he 210 mm \u00fcber Deck. Montagelochdurchmesser 90 mm, Durchmesser des Rohrs 25 mm.<\/p>\n","protected":false},"excerpt":{"rendered":"<p>Edelstahl Suchscheinwerfer 120mm, 12v x 55w &#8211; Hochwertige Handbetriebene, verstellbare Suchscheinwerfer aus rostfreiem Stahl. Versiegelte Gl\u00fchbirne \u00d8 120 mm. H\u00f6he<\/p>\n","protected":false},"featured_media":5936029,"comment_status":"open","ping_status":"closed","template":"","meta":[],"product_brand":[3235],"product_cat":[1447],"product_tag":[],"class_list":{"0":"post-732547","1":"product","2":"type-product","3":"status-publish","4":"has-post-thumbnail","6":"product_brand-osculati-de","7":"product_cat-suchscheinwerfer-und-spotlights","9":"first","10":"outofstock","11":"shipping-taxable","12":"purchasable","13":"product-type-simple"},"_links":{"self":[{"href":"https:\/\/stoic-curie.212-227-153-4.plesk.page\/de\/wp-json\/wp\/v2\/product\/732547","targetHints":{"allow":["GET"]}}],"collection":[{"href":"https:\/\/stoic-curie.212-227-153-4.plesk.page\/de\/wp-json\/wp\/v2\/product"}],"about":[{"href":"https:\/\/stoic-curie.212-227-153-4.plesk.page\/de\/wp-json\/wp\/v2\/types\/product"}],"replies":[{"embeddable":true,"href":"https:\/\/stoic-curie.212-227-153-4.plesk.page\/de\/wp-json\/wp\/v2\/comments?post=732547"}],"version-history":[{"count":0,"href":"https:\/\/stoic-curie.212-227-153-4.plesk.page\/de\/wp-json\/wp\/v2\/product\/732547\/revisions"}],"wp:featuredmedia":[{"embeddable":true,"href":"https:\/\/stoic-curie.212-227-153-4.plesk.page\/de\/wp-json\/wp\/v2\/media\/5936029"}],"wp:attachment":[{"href":"https:\/\/stoic-curie.212-227-153-4.plesk.page\/de\/wp-json\/wp\/v2\/media?parent=732547"}],"wp:term":[{"taxonomy":"product_brand","embeddable":true,"href":"https:\/\/stoic-curie.212-227-153-4.plesk.page\/de\/wp-json\/wp\/v2\/product_brand?post=732547"},{"taxonomy":"product_cat","embeddable":true,"href":"https:\/\/stoic-curie.212-227-153-4.plesk.page\/de\/wp-json\/wp\/v2\/product_cat?post=732547"},{"taxonomy":"product_tag","embeddable":true,"href":"https:\/\/stoic-curie.212-227-153-4.plesk.page\/de\/wp-json\/wp\/v2\/product_tag?post=732547"}],"curies":[{"name":"wp","href":"https:\/\/api.w.org\/{rel}","templated":true}]}}