{"id":732548,"date":"2025-03-03T16:16:04","date_gmt":"2025-03-03T15:16:04","guid":{"rendered":"https:\/\/stoic-curie.212-227-153-4.plesk.page\/producto\/verstellbares-suchlicht-mit-wasserdichtem-bedienfeld-12v-100-300-m\/"},"modified":"2026-02-24T23:34:35","modified_gmt":"2026-02-24T23:34:35","slug":"verstellbares-suchlicht-mit-wasserdichtem-bedienfeld-12v-100-300-m","status":"publish","type":"product","link":"https:\/\/stoic-curie.212-227-153-4.plesk.page\/de\/product\/verstellbares-suchlicht-mit-wasserdichtem-bedienfeld-12v-100-300-m\/","title":{"rendered":"Verstellbares Suchlicht mit wasserdichtem Bedienfeld 12V (100-300 m)"},"content":{"rendered":"<p>Verstellbares Suchlicht mit wasserdichtem Bedienfeld 12V (100-300 m) &#8211; <\/p>\n<p>Verstellbares Suchlicht mit wasserdichtem Bedienpanel und 4-Meter-Kabel. Sto\u00dffestes, UV-best\u00e4ndiges Polymer, wasserdichter K\u00f6rper. H3 Halogen-Strahl mit versiegeltem \u00d8 140 mm und doppelter Lichkombination: Spotlicht- und Flutlichtmodus. Optionale drahtlose Steuerung mit Plug-and-Play-Empf\u00e4nger und Sender bis zu 35 m. Wenn installiert, ersetzt es das verkabelte Bedienfeld. Um beide zu erhalten, sollte das Dual-Station-Panel erworben werden. Suchlichtabmessungen 220 x 190 x H245 mm, Sockel 120 x 150 mm. Panelabmessungen 92 x 122 mm, b\u00fcndig 60 x 90 x H45 mm.<\/p>\n","protected":false},"excerpt":{"rendered":"<p>Verstellbares Suchlicht mit wasserdichtem Bedienfeld 12V (100-300 m) &#8211; Verstellbares Suchlicht mit wasserdichtem Bedienpanel und 4-Meter-Kabel. Sto\u00dffestes, UV-best\u00e4ndiges Polymer, wasserdichter<\/p>\n","protected":false},"featured_media":5936031,"comment_status":"open","ping_status":"closed","template":"","meta":[],"product_brand":[3140],"product_cat":[1447],"product_tag":[],"class_list":{"0":"post-732548","1":"product","2":"type-product","3":"status-publish","4":"has-post-thumbnail","6":"product_brand-matromarine-de","7":"product_cat-suchscheinwerfer-und-spotlights","9":"first","10":"instock","11":"shipping-taxable","12":"purchasable","13":"product-type-simple"},"_links":{"self":[{"href":"https:\/\/stoic-curie.212-227-153-4.plesk.page\/de\/wp-json\/wp\/v2\/product\/732548","targetHints":{"allow":["GET"]}}],"collection":[{"href":"https:\/\/stoic-curie.212-227-153-4.plesk.page\/de\/wp-json\/wp\/v2\/product"}],"about":[{"href":"https:\/\/stoic-curie.212-227-153-4.plesk.page\/de\/wp-json\/wp\/v2\/types\/product"}],"replies":[{"embeddable":true,"href":"https:\/\/stoic-curie.212-227-153-4.plesk.page\/de\/wp-json\/wp\/v2\/comments?post=732548"}],"version-history":[{"count":0,"href":"https:\/\/stoic-curie.212-227-153-4.plesk.page\/de\/wp-json\/wp\/v2\/product\/732548\/revisions"}],"wp:featuredmedia":[{"embeddable":true,"href":"https:\/\/stoic-curie.212-227-153-4.plesk.page\/de\/wp-json\/wp\/v2\/media\/5936031"}],"wp:attachment":[{"href":"https:\/\/stoic-curie.212-227-153-4.plesk.page\/de\/wp-json\/wp\/v2\/media?parent=732548"}],"wp:term":[{"taxonomy":"product_brand","embeddable":true,"href":"https:\/\/stoic-curie.212-227-153-4.plesk.page\/de\/wp-json\/wp\/v2\/product_brand?post=732548"},{"taxonomy":"product_cat","embeddable":true,"href":"https:\/\/stoic-curie.212-227-153-4.plesk.page\/de\/wp-json\/wp\/v2\/product_cat?post=732548"},{"taxonomy":"product_tag","embeddable":true,"href":"https:\/\/stoic-curie.212-227-153-4.plesk.page\/de\/wp-json\/wp\/v2\/product_tag?post=732548"}],"curies":[{"name":"wp","href":"https:\/\/api.w.org\/{rel}","templated":true}]}}