{"id":732550,"date":"2025-03-03T16:16:05","date_gmt":"2025-03-03T15:16:05","guid":{"rendered":"https:\/\/stoic-curie.212-227-153-4.plesk.page\/producto\/suchscheinwerfer-dhr-210-1000w-220v-mit-kabinensteuerung\/"},"modified":"2026-02-24T23:34:35","modified_gmt":"2026-02-24T23:34:35","slug":"suchscheinwerfer-dhr-210-1000w-220v-mit-kabinensteuerung","status":"publish","type":"product","link":"https:\/\/stoic-curie.212-227-153-4.plesk.page\/de\/product\/suchscheinwerfer-dhr-210-1000w-220v-mit-kabinensteuerung\/","title":{"rendered":"Suchscheinwerfer DHR 210 1000W 220V mit Kabinensteuerung"},"content":{"rendered":"<p>Suchscheinwerfer DHR 210 1000W 220V mit Kabinensteuerung &#8211; <\/p>\n<p>UV-best\u00e4ndiges professionelles Geh\u00e4use aus anodisiertem Aluminium, RAL9016 lackiert, mit einer steuerbaren, verstellbaren Suchleuchte. Alle Beschl\u00e4ge sind nicht magnetisch und korrosionsbest\u00e4ndig.<\/p>\n","protected":false},"excerpt":{"rendered":"<p>Suchscheinwerfer DHR 210 1000W 220V mit Kabinensteuerung &#8211; UV-best\u00e4ndiges professionelles Geh\u00e4use aus anodisiertem Aluminium, RAL9016 lackiert, mit einer steuerbaren, verstellbaren<\/p>\n","protected":false},"featured_media":5936034,"comment_status":"open","ping_status":"closed","template":"","meta":[],"product_brand":[2880],"product_cat":[1447],"product_tag":[],"class_list":{"0":"post-732550","1":"product","2":"type-product","3":"status-publish","4":"has-post-thumbnail","6":"product_brand-dhr-de","7":"product_cat-suchscheinwerfer-und-spotlights","9":"first","10":"instock","11":"shipping-taxable","12":"purchasable","13":"product-type-simple"},"_links":{"self":[{"href":"https:\/\/stoic-curie.212-227-153-4.plesk.page\/de\/wp-json\/wp\/v2\/product\/732550","targetHints":{"allow":["GET"]}}],"collection":[{"href":"https:\/\/stoic-curie.212-227-153-4.plesk.page\/de\/wp-json\/wp\/v2\/product"}],"about":[{"href":"https:\/\/stoic-curie.212-227-153-4.plesk.page\/de\/wp-json\/wp\/v2\/types\/product"}],"replies":[{"embeddable":true,"href":"https:\/\/stoic-curie.212-227-153-4.plesk.page\/de\/wp-json\/wp\/v2\/comments?post=732550"}],"version-history":[{"count":0,"href":"https:\/\/stoic-curie.212-227-153-4.plesk.page\/de\/wp-json\/wp\/v2\/product\/732550\/revisions"}],"wp:featuredmedia":[{"embeddable":true,"href":"https:\/\/stoic-curie.212-227-153-4.plesk.page\/de\/wp-json\/wp\/v2\/media\/5936034"}],"wp:attachment":[{"href":"https:\/\/stoic-curie.212-227-153-4.plesk.page\/de\/wp-json\/wp\/v2\/media?parent=732550"}],"wp:term":[{"taxonomy":"product_brand","embeddable":true,"href":"https:\/\/stoic-curie.212-227-153-4.plesk.page\/de\/wp-json\/wp\/v2\/product_brand?post=732550"},{"taxonomy":"product_cat","embeddable":true,"href":"https:\/\/stoic-curie.212-227-153-4.plesk.page\/de\/wp-json\/wp\/v2\/product_cat?post=732550"},{"taxonomy":"product_tag","embeddable":true,"href":"https:\/\/stoic-curie.212-227-153-4.plesk.page\/de\/wp-json\/wp\/v2\/product_tag?post=732550"}],"curies":[{"name":"wp","href":"https:\/\/api.w.org\/{rel}","templated":true}]}}