{"id":732571,"date":"2025-03-03T16:16:09","date_gmt":"2025-03-03T15:16:09","guid":{"rendered":"https:\/\/stoic-curie.212-227-153-4.plesk.page\/producto\/amperemeter-mit-shunt-uflex-ultra-schwarz-60-0-60-52-mm\/"},"modified":"2026-02-24T23:34:35","modified_gmt":"2026-02-24T23:34:35","slug":"amperemeter-mit-shunt-uflex-ultra-schwarz-60-0-60-52-mm","status":"publish","type":"product","link":"https:\/\/stoic-curie.212-227-153-4.plesk.page\/de\/product\/amperemeter-mit-shunt-uflex-ultra-schwarz-60-0-60-52-mm\/","title":{"rendered":"Amperemeter mit Shunt Uflex Ultra Schwarz 60-0-60 52 mm"},"content":{"rendered":"<p>Amperemeter mit Shunt Uflex Ultra Schwarz 60-0-60 52 mm &#8211; <\/p>\n<p>Uflex IP67 wasserdichte Instrumente mit doppellagiger verst\u00e4rkter Antikondenslinse. Kunststoff schwarzer Rahmen und schwarzes Zifferblatt. Universelle Spannung 12\/24V mit anpassbarem roten oder gelben Hintergrundbeleuchtung. Plug-and-Play-Installation vollst\u00e4ndig mit verdrahtetem Molex-Stecker. Alle Druck-, Temperatur-, Niveau- und Winkelanzeigen m\u00fcssen mit Sensoren ausgestattet werden. Der GPS-Geschwindigkeitsanzeiger ist mit Empf\u00e4nger und Antenne ausgestattet.<\/p>\n","protected":false},"excerpt":{"rendered":"<p>Amperemeter mit Shunt Uflex Ultra Schwarz 60-0-60 52 mm &#8211; Uflex IP67 wasserdichte Instrumente mit doppellagiger verst\u00e4rkter Antikondenslinse. Kunststoff schwarzer<\/p>\n","protected":false},"featured_media":5936067,"comment_status":"open","ping_status":"closed","template":"","meta":[],"product_brand":[3500],"product_cat":[1442,1520],"product_tag":[],"class_list":{"0":"post-732571","1":"product","2":"type-product","3":"status-publish","4":"has-post-thumbnail","6":"product_brand-ultraflex-uflex-de","7":"product_cat-bootsbatterien","8":"product_cat-uflex-messgeraete","10":"first","11":"instock","12":"shipping-taxable","13":"purchasable","14":"product-type-simple"},"_links":{"self":[{"href":"https:\/\/stoic-curie.212-227-153-4.plesk.page\/de\/wp-json\/wp\/v2\/product\/732571","targetHints":{"allow":["GET"]}}],"collection":[{"href":"https:\/\/stoic-curie.212-227-153-4.plesk.page\/de\/wp-json\/wp\/v2\/product"}],"about":[{"href":"https:\/\/stoic-curie.212-227-153-4.plesk.page\/de\/wp-json\/wp\/v2\/types\/product"}],"replies":[{"embeddable":true,"href":"https:\/\/stoic-curie.212-227-153-4.plesk.page\/de\/wp-json\/wp\/v2\/comments?post=732571"}],"version-history":[{"count":0,"href":"https:\/\/stoic-curie.212-227-153-4.plesk.page\/de\/wp-json\/wp\/v2\/product\/732571\/revisions"}],"wp:featuredmedia":[{"embeddable":true,"href":"https:\/\/stoic-curie.212-227-153-4.plesk.page\/de\/wp-json\/wp\/v2\/media\/5936067"}],"wp:attachment":[{"href":"https:\/\/stoic-curie.212-227-153-4.plesk.page\/de\/wp-json\/wp\/v2\/media?parent=732571"}],"wp:term":[{"taxonomy":"product_brand","embeddable":true,"href":"https:\/\/stoic-curie.212-227-153-4.plesk.page\/de\/wp-json\/wp\/v2\/product_brand?post=732571"},{"taxonomy":"product_cat","embeddable":true,"href":"https:\/\/stoic-curie.212-227-153-4.plesk.page\/de\/wp-json\/wp\/v2\/product_cat?post=732571"},{"taxonomy":"product_tag","embeddable":true,"href":"https:\/\/stoic-curie.212-227-153-4.plesk.page\/de\/wp-json\/wp\/v2\/product_tag?post=732571"}],"curies":[{"name":"wp","href":"https:\/\/api.w.org\/{rel}","templated":true}]}}