{"id":732574,"date":"2025-03-03T16:16:10","date_gmt":"2025-03-03T15:16:10","guid":{"rendered":"https:\/\/stoic-curie.212-227-153-4.plesk.page\/producto\/zugelassene-rettungsweste-securmar-bravo-100n-10-15-kg\/"},"modified":"2026-02-24T23:34:35","modified_gmt":"2026-02-24T23:34:35","slug":"zugelassene-rettungsweste-securmar-bravo-100n-10-15-kg","status":"publish","type":"product","link":"https:\/\/stoic-curie.212-227-153-4.plesk.page\/de\/product\/zugelassene-rettungsweste-securmar-bravo-100n-10-15-kg\/","title":{"rendered":"Zugelassene Rettungsweste Securmar Bravo 100N 10-15 kg"},"content":{"rendered":"<p>Zugelassene Rettungsweste Securmar Bravo 100N 10-15 kg &#8211; <\/p>\n<p>100N sehr bequeste und tragbare Schaumrettungsweste EN ISO 12402-4 zertifiziert f\u00fcr Freizeitfahrten innerhalb von 6 Seemeilen von der K\u00fcste. Merkmale: rei\u00dffestes Gewebe mit weicher Polsterung, Rei\u00dfverschluss, G\u00fcrtel mit Schnellverschluss, Bindegurt f\u00fcr den Schritt- und Oberschenkelbereich, reflektierende Patches und Pfeife. 100N &#8211; F\u00fcr den Einsatz in K\u00fcstengew\u00e4ssern, auch f\u00fcr Nichtschwimmer geeignet, jedoch mit leichter Kleidung. Nicht geeignet f\u00fcr bewusstlose Personen.<\/p>\n","protected":false},"excerpt":{"rendered":"<p>Zugelassene Rettungsweste Securmar Bravo 100N 10-15 kg &#8211; 100N sehr bequeste und tragbare Schaumrettungsweste EN ISO 12402-4 zertifiziert f\u00fcr Freizeitfahrten<\/p>\n","protected":false},"featured_media":5936080,"comment_status":"open","ping_status":"closed","template":"","meta":[],"product_brand":[3365],"product_cat":[1319],"product_tag":[],"class_list":{"0":"post-732574","1":"product","2":"type-product","3":"status-publish","4":"has-post-thumbnail","6":"product_brand-securmar-de","7":"product_cat-rettungswesten-fuer-kinder","9":"first","10":"instock","11":"shipping-taxable","12":"purchasable","13":"product-type-simple"},"_links":{"self":[{"href":"https:\/\/stoic-curie.212-227-153-4.plesk.page\/de\/wp-json\/wp\/v2\/product\/732574","targetHints":{"allow":["GET"]}}],"collection":[{"href":"https:\/\/stoic-curie.212-227-153-4.plesk.page\/de\/wp-json\/wp\/v2\/product"}],"about":[{"href":"https:\/\/stoic-curie.212-227-153-4.plesk.page\/de\/wp-json\/wp\/v2\/types\/product"}],"replies":[{"embeddable":true,"href":"https:\/\/stoic-curie.212-227-153-4.plesk.page\/de\/wp-json\/wp\/v2\/comments?post=732574"}],"version-history":[{"count":0,"href":"https:\/\/stoic-curie.212-227-153-4.plesk.page\/de\/wp-json\/wp\/v2\/product\/732574\/revisions"}],"wp:featuredmedia":[{"embeddable":true,"href":"https:\/\/stoic-curie.212-227-153-4.plesk.page\/de\/wp-json\/wp\/v2\/media\/5936080"}],"wp:attachment":[{"href":"https:\/\/stoic-curie.212-227-153-4.plesk.page\/de\/wp-json\/wp\/v2\/media?parent=732574"}],"wp:term":[{"taxonomy":"product_brand","embeddable":true,"href":"https:\/\/stoic-curie.212-227-153-4.plesk.page\/de\/wp-json\/wp\/v2\/product_brand?post=732574"},{"taxonomy":"product_cat","embeddable":true,"href":"https:\/\/stoic-curie.212-227-153-4.plesk.page\/de\/wp-json\/wp\/v2\/product_cat?post=732574"},{"taxonomy":"product_tag","embeddable":true,"href":"https:\/\/stoic-curie.212-227-153-4.plesk.page\/de\/wp-json\/wp\/v2\/product_tag?post=732574"}],"curies":[{"name":"wp","href":"https:\/\/api.w.org\/{rel}","templated":true}]}}