{"id":732578,"date":"2025-03-03T16:16:11","date_gmt":"2025-03-03T15:16:11","guid":{"rendered":"https:\/\/stoic-curie.212-227-153-4.plesk.page\/producto\/rettungsweste-securmar-100-newtons-50-70kg\/"},"modified":"2026-02-24T23:34:35","modified_gmt":"2026-02-24T23:34:35","slug":"rettungsweste-securmar-100-newtons-50-70kg","status":"publish","type":"product","link":"https:\/\/stoic-curie.212-227-153-4.plesk.page\/de\/product\/rettungsweste-securmar-100-newtons-50-70kg\/","title":{"rendered":"Rettungsweste Securmar 100 Newtons 50-70kg"},"content":{"rendered":"<p>Rettungsweste Securmar 100 Newtons 50-70kg &#8211; <\/p>\n<p>Sehr komfortable und tragbare Schaumstoffrettungsweste mit 100N, EN ISO 12402-4 zertifiziert f\u00fcr Freizeitfahrten innerhalb von 6 Meilen vom Ufer. Merkmale: rei\u00dffester Stoff mit weicher Polsterung, Rei\u00dfverschluss, G\u00fcrtel mit Schnellverschluss, Befestigungsriemen am unteren Ende und im Schrittbereich, reflektierende Patches und Pfeife. 100N &#8211; F\u00fcr den Einsatz in K\u00fcstengew\u00e4ssern geeignet, auch f\u00fcr Nichtschwimmer, jedoch mit leichter Kleidung. Nicht geeignet f\u00fcr bewusstlose Personen.<\/p>\n","protected":false},"excerpt":{"rendered":"<p>Rettungsweste Securmar 100 Newtons 50-70kg &#8211; Sehr komfortable und tragbare Schaumstoffrettungsweste mit 100N, EN ISO 12402-4 zertifiziert f\u00fcr Freizeitfahrten innerhalb<\/p>\n","protected":false},"featured_media":5936080,"comment_status":"open","ping_status":"closed","template":"","meta":[],"product_brand":[3365],"product_cat":[1314],"product_tag":[],"class_list":{"0":"post-732578","1":"product","2":"type-product","3":"status-publish","4":"has-post-thumbnail","6":"product_brand-securmar-de","7":"product_cat-zugelassene-rettungswesten","9":"first","10":"instock","11":"shipping-taxable","12":"purchasable","13":"product-type-simple"},"_links":{"self":[{"href":"https:\/\/stoic-curie.212-227-153-4.plesk.page\/de\/wp-json\/wp\/v2\/product\/732578","targetHints":{"allow":["GET"]}}],"collection":[{"href":"https:\/\/stoic-curie.212-227-153-4.plesk.page\/de\/wp-json\/wp\/v2\/product"}],"about":[{"href":"https:\/\/stoic-curie.212-227-153-4.plesk.page\/de\/wp-json\/wp\/v2\/types\/product"}],"replies":[{"embeddable":true,"href":"https:\/\/stoic-curie.212-227-153-4.plesk.page\/de\/wp-json\/wp\/v2\/comments?post=732578"}],"version-history":[{"count":0,"href":"https:\/\/stoic-curie.212-227-153-4.plesk.page\/de\/wp-json\/wp\/v2\/product\/732578\/revisions"}],"wp:featuredmedia":[{"embeddable":true,"href":"https:\/\/stoic-curie.212-227-153-4.plesk.page\/de\/wp-json\/wp\/v2\/media\/5936080"}],"wp:attachment":[{"href":"https:\/\/stoic-curie.212-227-153-4.plesk.page\/de\/wp-json\/wp\/v2\/media?parent=732578"}],"wp:term":[{"taxonomy":"product_brand","embeddable":true,"href":"https:\/\/stoic-curie.212-227-153-4.plesk.page\/de\/wp-json\/wp\/v2\/product_brand?post=732578"},{"taxonomy":"product_cat","embeddable":true,"href":"https:\/\/stoic-curie.212-227-153-4.plesk.page\/de\/wp-json\/wp\/v2\/product_cat?post=732578"},{"taxonomy":"product_tag","embeddable":true,"href":"https:\/\/stoic-curie.212-227-153-4.plesk.page\/de\/wp-json\/wp\/v2\/product_tag?post=732578"}],"curies":[{"name":"wp","href":"https:\/\/api.w.org\/{rel}","templated":true}]}}