{"id":732584,"date":"2025-03-03T16:16:12","date_gmt":"2025-03-03T15:16:12","guid":{"rendered":"https:\/\/stoic-curie.212-227-153-4.plesk.page\/producto\/zugelassene-rettungsweste-vsg-martinica-150n-30-40-kg\/"},"modified":"2026-02-24T23:34:35","modified_gmt":"2026-02-24T23:34:35","slug":"zugelassene-rettungsweste-vsg-martinica-150n-30-40-kg","status":"publish","type":"product","link":"https:\/\/stoic-curie.212-227-153-4.plesk.page\/de\/product\/zugelassene-rettungsweste-vsg-martinica-150n-30-40-kg\/","title":{"rendered":"Zugelassene Rettungsweste VSG Martinica 150N 30-40 kg"},"content":{"rendered":"<p>Zugelassene Rettungsweste VSG Martinica 150N 30-40 kg &#8211; <\/p>\n<p>150N bequeme und tragbare Schaumstoff-Schwimmweste EN ISO 12402-3 zertifiziert f\u00fcr Freizeitfahrten \u00fcber 6 Meilen von der K\u00fcste. Merkmale: rei\u00dffestes Material, Rei\u00dfverschluss, 2 G\u00fcrtel mit Schnellverschluss, Bund- und Schrittrem, reflektierende Patches und eine Pfeife. 150N &#8211; F\u00fcr den Offshore-Gebrauch, auch f\u00fcr bewusstlose Personen.<\/p>\n","protected":false},"excerpt":{"rendered":"<p>Zugelassene Rettungsweste VSG Martinica 150N 30-40 kg &#8211; 150N bequeme und tragbare Schaumstoff-Schwimmweste EN ISO 12402-3 zertifiziert f\u00fcr Freizeitfahrten \u00fcber<\/p>\n","protected":false},"featured_media":2900017,"comment_status":"open","ping_status":"closed","template":"","meta":[],"product_brand":[3515,2193],"product_cat":[1319],"product_tag":[],"class_list":{"0":"post-732584","1":"product","2":"type-product","3":"status-publish","4":"has-post-thumbnail","6":"product_brand-veleria-san-giorgio-de","7":"product_brand-veleria-san-giorgio","8":"product_cat-rettungswesten-fuer-kinder","10":"first","11":"instock","12":"shipping-taxable","13":"purchasable","14":"product-type-simple"},"_links":{"self":[{"href":"https:\/\/stoic-curie.212-227-153-4.plesk.page\/de\/wp-json\/wp\/v2\/product\/732584","targetHints":{"allow":["GET"]}}],"collection":[{"href":"https:\/\/stoic-curie.212-227-153-4.plesk.page\/de\/wp-json\/wp\/v2\/product"}],"about":[{"href":"https:\/\/stoic-curie.212-227-153-4.plesk.page\/de\/wp-json\/wp\/v2\/types\/product"}],"replies":[{"embeddable":true,"href":"https:\/\/stoic-curie.212-227-153-4.plesk.page\/de\/wp-json\/wp\/v2\/comments?post=732584"}],"version-history":[{"count":0,"href":"https:\/\/stoic-curie.212-227-153-4.plesk.page\/de\/wp-json\/wp\/v2\/product\/732584\/revisions"}],"wp:featuredmedia":[{"embeddable":true,"href":"https:\/\/stoic-curie.212-227-153-4.plesk.page\/de\/wp-json\/"}],"wp:attachment":[{"href":"https:\/\/stoic-curie.212-227-153-4.plesk.page\/de\/wp-json\/wp\/v2\/media?parent=732584"}],"wp:term":[{"taxonomy":"product_brand","embeddable":true,"href":"https:\/\/stoic-curie.212-227-153-4.plesk.page\/de\/wp-json\/wp\/v2\/product_brand?post=732584"},{"taxonomy":"product_cat","embeddable":true,"href":"https:\/\/stoic-curie.212-227-153-4.plesk.page\/de\/wp-json\/wp\/v2\/product_cat?post=732584"},{"taxonomy":"product_tag","embeddable":true,"href":"https:\/\/stoic-curie.212-227-153-4.plesk.page\/de\/wp-json\/wp\/v2\/product_tag?post=732584"}],"curies":[{"name":"wp","href":"https:\/\/api.w.org\/{rel}","templated":true}]}}