{"id":732586,"date":"2025-03-03T16:16:13","date_gmt":"2025-03-03T15:16:13","guid":{"rendered":"https:\/\/stoic-curie.212-227-153-4.plesk.page\/producto\/zugelassene-rettungsweste-vsg-martinica-150n-50-70-kg\/"},"modified":"2026-02-24T23:34:35","modified_gmt":"2026-02-24T23:34:35","slug":"zugelassene-rettungsweste-vsg-martinica-150n-50-70-kg","status":"publish","type":"product","link":"https:\/\/stoic-curie.212-227-153-4.plesk.page\/de\/product\/zugelassene-rettungsweste-vsg-martinica-150n-50-70-kg\/","title":{"rendered":"Zugelassene Rettungsweste VSG Martinica 150N 50-70 kg"},"content":{"rendered":"<p>Zugelassene Rettungsweste VSG Martinica 150N 50-70 kg &#8211; <\/p>\n<p>150N bequeste und tragbare Schaumstoff-Schwimmweste, die nach EN ISO 12402-3 f\u00fcr die Offshore-Freizeitschifffahrt \u00fcber 6 Meilen von der K\u00fcste zertifiziert ist. Merkmale: rei\u00dffestes Gewebe, Rei\u00dfverschluss, 2 Gurte mit Schnellverschluss, Befestigungsriemen am R\u00fccken und Schritt, reflektierende Patches und Pfeife. 150N &#8211; F\u00fcr den Offshore-Einsatz, auch f\u00fcr bewusstlose Personen.<\/p>\n","protected":false},"excerpt":{"rendered":"<p>Zugelassene Rettungsweste VSG Martinica 150N 50-70 kg &#8211; 150N bequeste und tragbare Schaumstoff-Schwimmweste, die nach EN ISO 12402-3 f\u00fcr die<\/p>\n","protected":false},"featured_media":5936092,"comment_status":"open","ping_status":"closed","template":"","meta":[],"product_brand":[3515],"product_cat":[1314],"product_tag":[],"class_list":{"0":"post-732586","1":"product","2":"type-product","3":"status-publish","4":"has-post-thumbnail","6":"product_brand-veleria-san-giorgio-de","7":"product_cat-zugelassene-rettungswesten","9":"first","10":"instock","11":"shipping-taxable","12":"purchasable","13":"product-type-simple"},"_links":{"self":[{"href":"https:\/\/stoic-curie.212-227-153-4.plesk.page\/de\/wp-json\/wp\/v2\/product\/732586","targetHints":{"allow":["GET"]}}],"collection":[{"href":"https:\/\/stoic-curie.212-227-153-4.plesk.page\/de\/wp-json\/wp\/v2\/product"}],"about":[{"href":"https:\/\/stoic-curie.212-227-153-4.plesk.page\/de\/wp-json\/wp\/v2\/types\/product"}],"replies":[{"embeddable":true,"href":"https:\/\/stoic-curie.212-227-153-4.plesk.page\/de\/wp-json\/wp\/v2\/comments?post=732586"}],"version-history":[{"count":0,"href":"https:\/\/stoic-curie.212-227-153-4.plesk.page\/de\/wp-json\/wp\/v2\/product\/732586\/revisions"}],"wp:featuredmedia":[{"embeddable":true,"href":"https:\/\/stoic-curie.212-227-153-4.plesk.page\/de\/wp-json\/wp\/v2\/media\/5936092"}],"wp:attachment":[{"href":"https:\/\/stoic-curie.212-227-153-4.plesk.page\/de\/wp-json\/wp\/v2\/media?parent=732586"}],"wp:term":[{"taxonomy":"product_brand","embeddable":true,"href":"https:\/\/stoic-curie.212-227-153-4.plesk.page\/de\/wp-json\/wp\/v2\/product_brand?post=732586"},{"taxonomy":"product_cat","embeddable":true,"href":"https:\/\/stoic-curie.212-227-153-4.plesk.page\/de\/wp-json\/wp\/v2\/product_cat?post=732586"},{"taxonomy":"product_tag","embeddable":true,"href":"https:\/\/stoic-curie.212-227-153-4.plesk.page\/de\/wp-json\/wp\/v2\/product_tag?post=732586"}],"curies":[{"name":"wp","href":"https:\/\/api.w.org\/{rel}","templated":true}]}}